{"id":3049,"date":"2024-09-03T07:24:14","date_gmt":"2024-09-03T07:24:14","guid":{"rendered":"https:\/\/nfa-recruitment.nl\/sektor-hotelowy\/"},"modified":"2025-07-25T10:14:28","modified_gmt":"2025-07-25T10:14:28","slug":"hotel-sector","status":"publish","type":"page","link":"https:\/\/nfa-recruitment.nl\/pl\/hotel-sector\/","title":{"rendered":"Sektor hotelowy"},"content":{"rendered":"\t\t<div data-elementor-type=\"wp-page\" data-elementor-id=\"3049\" class=\"elementor elementor-3049 elementor-1839\" data-elementor-post-type=\"page\">\n\t\t\t\t\t\t<section class=\"elementor-section elementor-top-section elementor-element elementor-element-0b9a72f elementor-section-full_width elementor-section-height-min-height elementor-section-height-default elementor-section-items-middle\" data-id=\"0b9a72f\" data-element_type=\"section\" data-e-type=\"section\" data-settings=\"{&quot;background_background&quot;:&quot;classic&quot;}\">\n\t\t\t\t\t\t<div class=\"elementor-container elementor-column-gap-no\">\n\t\t\t\t\t<div class=\"elementor-column elementor-col-100 elementor-top-column elementor-element elementor-element-03644aa\" data-id=\"03644aa\" data-element_type=\"column\" data-e-type=\"column\">\n\t\t\t<div class=\"elementor-widget-wrap\">\n\t\t\t\t\t\t\t<\/div>\n\t\t<\/div>\n\t\t\t\t\t<\/div>\n\t\t<\/section>\n\t\t\t\t<section class=\"elementor-section elementor-top-section elementor-element elementor-element-f1f2fdf elementor-section-boxed elementor-section-height-default elementor-section-height-default\" data-id=\"f1f2fdf\" data-element_type=\"section\" data-e-type=\"section\" data-settings=\"{&quot;background_background&quot;:&quot;classic&quot;}\">\n\t\t\t\t\t\t<div class=\"elementor-container elementor-column-gap-default\">\n\t\t\t\t\t<div class=\"elementor-column elementor-col-100 elementor-top-column elementor-element elementor-element-eaa2cc1\" data-id=\"eaa2cc1\" data-element_type=\"column\" data-e-type=\"column\">\n\t\t\t<div class=\"elementor-widget-wrap elementor-element-populated\">\n\t\t\t\t\t\t<div class=\"elementor-element elementor-element-fdfd2dc elementor-widget elementor-widget-theme-post-title elementor-page-title elementor-widget-heading\" data-id=\"fdfd2dc\" data-element_type=\"widget\" data-e-type=\"widget\" data-widget_type=\"theme-post-title.default\">\n\t\t\t\t<div class=\"elementor-widget-container\">\n\t\t\t\t\t<h1 class=\"elementor-heading-title elementor-size-default\">Sektor hotelowy<\/h1>\t\t\t\t<\/div>\n\t\t\t\t<\/div>\n\t\t\t\t\t<\/div>\n\t\t<\/div>\n\t\t\t\t\t<\/div>\n\t\t<\/section>\n\t\t\t\t<section class=\"elementor-section elementor-top-section elementor-element elementor-element-da6a235 elementor-section-boxed elementor-section-height-default elementor-section-height-default\" data-id=\"da6a235\" data-element_type=\"section\" data-e-type=\"section\">\n\t\t\t\t\t\t<div class=\"elementor-container elementor-column-gap-default\">\n\t\t\t\t\t<div class=\"elementor-column elementor-col-100 elementor-top-column elementor-element elementor-element-f0bd480\" data-id=\"f0bd480\" data-element_type=\"column\" data-e-type=\"column\">\n\t\t\t<div class=\"elementor-widget-wrap elementor-element-populated\">\n\t\t\t\t\t\t<div class=\"elementor-element elementor-element-b0f86f5 elementor-widget elementor-widget-text-editor\" data-id=\"b0f86f5\" data-element_type=\"widget\" data-e-type=\"widget\" data-widget_type=\"text-editor.default\">\n\t\t\t\t<div class=\"elementor-widget-container\">\n\t\t\t\t\t\t\t\t\t<h1 style=\"font-size: 24px; line-height: 1.5; color: #3e3d3d; font-weight: bold;\">Oferty pracy w hotelach w Holandii &#8211; Praca w housekeepingu, recepcji i hotelarstwie<\/h1><p style=\"color: #3e3d3d;\">Chcesz rozpocz\u0105\u0107 lub dalej rozwija\u0107 swoj\u0105 karier\u0119 w sektorze hotelarskim w Holandii? NFA Recruitment \u0142\u0105czy osoby poszukuj\u0105ce pracy z wiarygodnymi ofertami pracy w hotelach w zakresie housekeepingu, recepcji, obs\u0142ugi, personelu kuchennego i zarz\u0105dzania hotelem. Wsp\u00f3\u0142pracujemy z hotelami w promieniu 100 km od Amsterdamu, w tym w Utrechcie, Haarlemie, Lejdzie i Almere, i oferujemy r\u00f3\u017cne mo\u017cliwo\u015bci kariery w bran\u017cy hotelarskiej.<\/p><h2 style=\"font-size: 20px; line-height: 1.5; color: #3e3d3d; font-weight: bold;\">Dlaczego warto pracowa\u0107 w holenderskim sektorze hotelarskim?<\/h2><ul style=\"color: #3e3d3d;\"><li><strong>Konkurencyjne wynagrodzenie i warunki pracy:<\/strong> Atrakcyjne wynagrodzenie i doskona\u0142e warunki pracy.<\/li><li><strong>Dost\u0119pne oferty pracy sta\u0142ej i tymczasowej:<\/strong> Do wyboru s\u0105 d\u0142ugoterminowe mo\u017cliwo\u015bci kariery lub elastyczne stanowiska tymczasowe.<\/li><li><strong>Mo\u017cliwo\u015bci kariery w mi\u0119dzynarodowych hotelach:<\/strong> Praca w najbardziej znanych na \u015bwiecie markach hotelowych w Holandii.<\/li><\/ul><h2 style=\"font-size: 20px; line-height: 1.5; color: #3e3d3d; font-weight: bold;\">Dla pracodawc\u00f3w: szybkie zatrudnianie wykwalifikowanych pracownik\u00f3w<\/h2><p style=\"color: #3e3d3d;\">Czy Tw\u00f3j hotel pilnie potrzebuje niezawodnego personelu? NFA Recruitment specjalizuje si\u0119 w dostarczaniu do\u015bwiadczonego personelu sprz\u0105taj\u0105cego, recepcjonist\u00f3w, kucharzy i kelner\u00f3w. Rozumiemy, jak wa\u017cne jest szybkie zapewnienie wykwalifikowanego personelu na miejscu, a nasi kandydaci s\u0105 elastyczni, niezawodni i \u0142atwo dost\u0119pni. Zapewniamy sprawny proces rekrutacji, dzi\u0119ki czemu Tw\u00f3j hotel szybko otrzyma odpowiednich pracownik\u00f3w.<\/p><h2 style=\"font-size: 20px; line-height: 1.5; color: #3e3d3d; font-weight: bold;\">Rozpocznij wsp\u00f3\u0142prac\u0119 z NFA Recruitment<\/h2><p style=\"color: #3e3d3d;\">Niezale\u017cnie od tego, czy jeste\u015b osob\u0105 poszukuj\u0105c\u0105 pracy, czy pracodawc\u0105 w bran\u017cy hotelarskiej, NFA Recruitment jest agencj\u0105 zatrudnienia, kt\u00f3ra oferuje wszystkie oferty pracy zwi\u0105zane z hotelarstwem w Holandii. Osobom poszukuj\u0105cym pracy oferujemy bezpo\u015bredni dost\u0119p do szerokiej gamy ofert pracy w hotelarstwie, a pracodawcom zapewniamy szybk\u0105, niezawodn\u0105 i skuteczn\u0105 rekrutacj\u0119.<\/p><p style=\"color: #3e3d3d;\">Je\u015bli jeste\u015b zainteresowany karier\u0105 w holenderskiej bran\u017cy hotelarskiej lub potrzebujesz pomocy w obsadzeniu swojego hotelu, <a style=\"color: #007bff;\" href=\"https:\/\/nfa-recruitment.nl\/neem-contact-met-ons-op\/\">skontaktuj si\u0119 z nami ju\u017c dzi\u015b<\/a>, aby om\u00f3wi\u0107 swoje potrzeby.<\/p><h2 style=\"font-size: 20px; line-height: 1.5; color: #3e3d3d; font-weight: bold;\">Prze\u015blij swoj\u0105 otwart\u0105 aplikacj\u0119<\/h2><p style=\"color: #3e3d3d;\">Je\u015bli nie widzisz odpowiedniej oferty pracy, wy\u015blij nam otwart\u0105 aplikacj\u0119 wraz z CV. Skontaktujemy si\u0119 z Tob\u0105, gdy pojawi si\u0119 odpowiednia oferta w bran\u017cy hotelarskiej.<\/p><p style=\"color: #3e3d3d;\">Do\u0142\u0105cz do holenderskiego sektora hotelarskiego i odkryj ekscytuj\u0105ce mo\u017cliwo\u015bci kariery w housekeepingu, recepcji, obs\u0142udze i zarz\u0105dzaniu hotelem.<\/p>\t\t\t\t\t\t\t\t<\/div>\n\t\t\t\t<\/div>\n\t\t\t\t\t<\/div>\n\t\t<\/div>\n\t\t\t\t\t<\/div>\n\t\t<\/section>\n\t\t\t\t<section class=\"elementor-section elementor-top-section elementor-element elementor-element-aa715da elementor-section-boxed elementor-section-height-default elementor-section-height-default\" data-id=\"aa715da\" data-element_type=\"section\" data-e-type=\"section\" data-settings=\"{&quot;background_background&quot;:&quot;classic&quot;}\">\n\t\t\t\t\t\t<div class=\"elementor-container elementor-column-gap-default\">\n\t\t\t\t\t<div class=\"elementor-column elementor-col-100 elementor-top-column elementor-element elementor-element-47058ff\" data-id=\"47058ff\" data-element_type=\"column\" data-e-type=\"column\">\n\t\t\t<div class=\"elementor-widget-wrap elementor-element-populated\">\n\t\t\t\t\t\t\t<\/div>\n\t\t<\/div>\n\t\t\t\t\t<\/div>\n\t\t<\/section>\n\t\t\t\t<section class=\"elementor-section elementor-top-section elementor-element elementor-element-43875b8 elementor-section-boxed elementor-section-height-default elementor-section-height-default\" data-id=\"43875b8\" data-element_type=\"section\" data-e-type=\"section\" data-settings=\"{&quot;background_background&quot;:&quot;classic&quot;}\">\n\t\t\t\t\t\t<div class=\"elementor-container elementor-column-gap-default\">\n\t\t\t\t\t<div class=\"elementor-column elementor-col-100 elementor-top-column elementor-element elementor-element-6d5bc2d\" data-id=\"6d5bc2d\" data-element_type=\"column\" data-e-type=\"column\">\n\t\t\t<div class=\"elementor-widget-wrap elementor-element-populated\">\n\t\t\t\t\t\t<div class=\"elementor-element elementor-element-c68ac5d elementor-widget elementor-widget-spacer\" data-id=\"c68ac5d\" data-element_type=\"widget\" data-e-type=\"widget\" data-widget_type=\"spacer.default\">\n\t\t\t\t<div class=\"elementor-widget-container\">\n\t\t\t\t\t\t\t<div class=\"elementor-spacer\">\n\t\t\t<div class=\"elementor-spacer-inner\"><\/div>\n\t\t<\/div>\n\t\t\t\t\t\t<\/div>\n\t\t\t\t<\/div>\n\t\t\t\t\t<\/div>\n\t\t<\/div>\n\t\t\t\t\t<\/div>\n\t\t<\/section>\n\t\t\t\t<\/div>\n\t\t","protected":false},"excerpt":{"rendered":"<p>Oferty pracy w hotelach w Holandii &#8211; Praca w housekeepingu, recepcji i hotelarstwie Chcesz rozpocz\u0105\u0107 lub dalej rozwija\u0107 swoj\u0105 karier\u0119 w sektorze hotelarskim w Holandii? [&hellip;]<\/p>\n","protected":false},"author":1,"featured_media":0,"parent":0,"menu_order":0,"comment_status":"closed","ping_status":"closed","template":"","meta":{"_acf_changed":false,"footnotes":""},"class_list":["post-3049","page","type-page","status-publish","hentry"],"acf":[],"_links":{"self":[{"href":"https:\/\/nfa-recruitment.nl\/pl\/wp-json\/wp\/v2\/pages\/3049","targetHints":{"allow":["GET"]}}],"collection":[{"href":"https:\/\/nfa-recruitment.nl\/pl\/wp-json\/wp\/v2\/pages"}],"about":[{"href":"https:\/\/nfa-recruitment.nl\/pl\/wp-json\/wp\/v2\/types\/page"}],"author":[{"embeddable":true,"href":"https:\/\/nfa-recruitment.nl\/pl\/wp-json\/wp\/v2\/users\/1"}],"replies":[{"embeddable":true,"href":"https:\/\/nfa-recruitment.nl\/pl\/wp-json\/wp\/v2\/comments?post=3049"}],"version-history":[{"count":26,"href":"https:\/\/nfa-recruitment.nl\/pl\/wp-json\/wp\/v2\/pages\/3049\/revisions"}],"predecessor-version":[{"id":5779,"href":"https:\/\/nfa-recruitment.nl\/pl\/wp-json\/wp\/v2\/pages\/3049\/revisions\/5779"}],"wp:attachment":[{"href":"https:\/\/nfa-recruitment.nl\/pl\/wp-json\/wp\/v2\/media?parent=3049"}],"curies":[{"name":"wp","href":"https:\/\/api.w.org\/{rel}","templated":true}]}}