{"id":3053,"date":"2024-09-03T07:24:15","date_gmt":"2024-09-03T07:24:15","guid":{"rendered":"https:\/\/nfa-recruitment.nl\/szukam-pracy\/"},"modified":"2025-05-13T18:25:51","modified_gmt":"2025-05-13T18:25:51","slug":"praca-w-holandii-znajdz","status":"publish","type":"page","link":"https:\/\/nfa-recruitment.nl\/pl\/praca-w-holandii-znajdz\/","title":{"rendered":"Szukam pracy"},"content":{"rendered":"\t\t<div data-elementor-type=\"wp-page\" data-elementor-id=\"3053\" class=\"elementor elementor-3053 elementor-271\" data-elementor-post-type=\"page\">\n\t\t\t\t\t\t<section class=\"elementor-section elementor-top-section elementor-element elementor-element-c85dd57 elementor-section-full_width elementor-section-height-min-height elementor-section-height-default elementor-section-items-middle\" data-id=\"c85dd57\" data-element_type=\"section\" data-e-type=\"section\" data-settings=\"{&quot;background_background&quot;:&quot;classic&quot;}\">\n\t\t\t\t\t\t\t<div class=\"elementor-background-overlay\"><\/div>\n\t\t\t\t\t\t\t<div class=\"elementor-container elementor-column-gap-no\">\n\t\t\t\t\t<div class=\"elementor-column elementor-col-100 elementor-top-column elementor-element elementor-element-a247514\" data-id=\"a247514\" data-element_type=\"column\" data-e-type=\"column\">\n\t\t\t<div class=\"elementor-widget-wrap elementor-element-populated\">\n\t\t\t\t\t\t<section class=\"elementor-section elementor-inner-section elementor-element elementor-element-2d76be8 elementor-section-boxed elementor-section-height-default elementor-section-height-default\" data-id=\"2d76be8\" data-element_type=\"section\" data-e-type=\"section\">\n\t\t\t\t\t\t<div class=\"elementor-container elementor-column-gap-default\">\n\t\t\t\t\t<div class=\"elementor-column elementor-col-100 elementor-inner-column elementor-element elementor-element-aa54704\" data-id=\"aa54704\" data-element_type=\"column\" data-e-type=\"column\">\n\t\t\t<div class=\"elementor-widget-wrap elementor-element-populated\">\n\t\t\t\t\t\t<div class=\"elementor-element elementor-element-04078b0 elementor-widget elementor-widget-heading\" data-id=\"04078b0\" data-element_type=\"widget\" data-e-type=\"widget\" data-widget_type=\"heading.default\">\n\t\t\t\t<div class=\"elementor-widget-container\">\n\t\t\t\t\t<h2 class=\"elementor-heading-title elementor-size-default\">Poszukiwanie pracy<\/h2>\t\t\t\t<\/div>\n\t\t\t\t<\/div>\n\t\t\t\t<div class=\"elementor-element elementor-element-94161a7 elementor-widget elementor-widget-text-editor\" data-id=\"94161a7\" data-element_type=\"widget\" data-e-type=\"widget\" data-widget_type=\"text-editor.default\">\n\t\t\t\t<div class=\"elementor-widget-container\">\n\t\t\t\t\t\t\t\t\t<p>Szukasz pracy w sektorze logistycznym? Nast\u0119pnie przyjrzyj si\u0119 mo\u017cliwo\u015bciom w bran\u017cy cargo lotniczego. Praca pe\u0142na wyzwa\u0144 w \u015bwietnych firmach. Ka\u017cdy dzie\u0144 jest inny!   <\/p>\t\t\t\t\t\t\t\t<\/div>\n\t\t\t\t<\/div>\n\t\t\t\t\t<\/div>\n\t\t<\/div>\n\t\t\t\t\t<\/div>\n\t\t<\/section>\n\t\t\t\t\t<\/div>\n\t\t<\/div>\n\t\t\t\t\t<\/div>\n\t\t<\/section>\n\t\t\t\t<section class=\"elementor-section elementor-top-section elementor-element elementor-element-d1ab3e1 elementor-section-boxed elementor-section-height-default elementor-section-height-default\" data-id=\"d1ab3e1\" data-element_type=\"section\" data-e-type=\"section\">\n\t\t\t\t\t\t<div class=\"elementor-container elementor-column-gap-default\">\n\t\t\t\t\t<div class=\"elementor-column elementor-col-100 elementor-top-column elementor-element elementor-element-e72a84f\" data-id=\"e72a84f\" data-element_type=\"column\" data-e-type=\"column\">\n\t\t\t<div class=\"elementor-widget-wrap elementor-element-populated\">\n\t\t\t\t\t\t<section class=\"elementor-section elementor-inner-section elementor-element elementor-element-635daaa elementor-section-boxed elementor-section-height-default elementor-section-height-default\" data-id=\"635daaa\" data-element_type=\"section\" data-e-type=\"section\">\n\t\t\t\t\t\t<div class=\"elementor-container elementor-column-gap-no\">\n\t\t\t\t\t<div class=\"elementor-column elementor-col-100 elementor-inner-column elementor-element elementor-element-eeddc4d\" data-id=\"eeddc4d\" data-element_type=\"column\" data-e-type=\"column\" data-settings=\"{&quot;background_background&quot;:&quot;classic&quot;}\">\n\t\t\t<div class=\"elementor-widget-wrap elementor-element-populated\">\n\t\t\t\t\t\t<div class=\"elementor-element elementor-element-e0f952d elementor-widget elementor-widget-heading\" data-id=\"e0f952d\" data-element_type=\"widget\" data-e-type=\"widget\" data-widget_type=\"heading.default\">\n\t\t\t\t<div class=\"elementor-widget-container\">\n\t\t\t\t\t<h2 class=\"elementor-heading-title elementor-size-default\">Szukam pracy\n<\/h2>\t\t\t\t<\/div>\n\t\t\t\t<\/div>\n\t\t\t\t<div class=\"elementor-element elementor-element-75b920f elementor-widget elementor-widget-text-editor\" data-id=\"75b920f\" data-element_type=\"widget\" data-e-type=\"widget\" data-widget_type=\"text-editor.default\">\n\t\t\t\t<div class=\"elementor-widget-container\">\n\t\t\t\t\t\t\t\t\t<p><strong>Szukasz pracy w Holandii? Zacznij ju\u017c dzi\u015b!<\/strong><\/p>\n\n<p>Czy chcesz <strong>znale\u017a\u0107 prac\u0119 w Holandii<\/strong> bez do\u015bwiadczenia? A mo\u017ce szukasz specjalistycznych <strong>ofert pracy w Holandii<\/strong> w sektorze logistyki? Neutral Freight Academy (NFA) to wiod\u0105ca <strong>agencja pracy w Holandii dla obcokrajowc\u00f3w<\/strong> i Holendr\u00f3w, kt\u00f3rzy chc\u0105 szybko znale\u017a\u0107 <strong>zatrudnienie w Holandii<\/strong>. Z do\u015bwiadczeniem lub bez \u2013 pomo\u017cemy Ci znale\u017a\u0107 odpowiedni\u0105 prac\u0119 u rzetelnych pracodawc\u00f3w. Odkryj, jak mo\u017cemy Ci\u0119 wspiera\u0107 w kolejnym kroku Twojej kariery w Holandii.<\/p>\n\n<h4><strong>Dlaczego warto pracowa\u0107 w sektorze logistycznym?<\/strong><\/h4>\n<p>Sektor logistyczny to jeden z najbardziej dynamicznych, mi\u0119dzynarodowych i najszybciej rozwijaj\u0105cych si\u0119 sektor\u00f3w w Holandii. Dla tych, kt\u00f3rzy chc\u0105 <strong>znale\u017a\u0107 prac\u0119 w Holandii<\/strong>, logistyka oferuje niezliczone mo\u017cliwo\u015bci \u2013 od pracy w magazynie po transport lotniczy, od planowania transportu po stanowiska importowo-eksportowe. To bran\u017ca odpowiednia zar\u00f3wno dla pocz\u0105tkuj\u0105cych, jak i do\u015bwiadczonych pracownik\u00f3w, oferuj\u0105ca dobre warunki zatrudnienia, szkolenia oraz mo\u017cliwo\u015bci rozwoju zawodowego.<\/p>\n\n<p>Praca w logistyce to dzia\u0142anie w \u015brodowisku, w kt\u00f3rym liczy si\u0119 samodzielno\u015b\u0107, praca zespo\u0142owa i niezawodno\u015b\u0107. Ka\u017cdego dnia miliony towar\u00f3w s\u0105 transportowane, przetwarzane i dystrybuowane \u2013 i Ty mo\u017cesz by\u0107 cz\u0119\u015bci\u0105 tego procesu. Niezale\u017cnie od tego, czy jeste\u015b osob\u0105 praktyczn\u0105, czy lubisz organizowa\u0107 i planowa\u0107 \u2013 logistyka oferuje co\u015b dla ka\u017cdego.<\/p>\n\n<h4><strong>Oferty pracy w Holandii przez NFA<\/strong><\/h4>\n<p>W NFA Recruitment nieustannie poszukujemy zmotywowanych profesjonalist\u00f3w, kt\u00f3rzy chc\u0105 przyczyni\u0107 si\u0119 do efektywnego dzia\u0142ania proces\u00f3w logistycznych. Oferujemy stanowiska takie jak:<\/p>\n<ul>\n  <li><strong>Planista transportu<\/strong>: Planowanie i koordynowanie przep\u0142ywu transportu, wsp\u00f3\u0142praca z kierowcami i klientami.<\/li>\n  <li><strong>Kurier (onboard)<\/strong>: Dostarczanie przesy\u0142ek na czas w Holandii i Europie \u2013 z odpowiedzialno\u015bci\u0105 i swobod\u0105 dzia\u0142ania.<\/li>\n  <li><strong>Pracownik ds. importu-eksportu<\/strong>: Zarz\u0105dzanie dokumentacj\u0105 i procesami mi\u0119dzynarodowego handlu.<\/li>\n<\/ul>\n<p>Dzi\u0119ki naszej rozleg\u0142ej sieci \u0142\u0105czymy Ci\u0119 z renomowanymi firmami dzia\u0142aj\u0105cymi w transporcie lotniczym, drogowym, centrach dystrybucyjnych i operacjach logistycznych na skal\u0119 mi\u0119dzynarodow\u0105.<\/p>\n\n<h4><strong>Praca od zaraz \u2013 z do\u015bwiadczeniem lub bez<\/strong><\/h4>\n<p>W NFA rozumiemy, \u017ce <strong>znalezienie pracy w Holandii<\/strong> mo\u017ce by\u0107 trudne \u2013 zw\u0142aszcza je\u015bli dopiero przyjecha\u0142e\u015b lub nie masz jeszcze do\u015bwiadczenia. Dlatego opr\u00f3cz ofert pracy oferujemy pe\u0142ne wsparcie w postaci szkole\u0144 i doradztwa.<\/p>\n\n<p>Oferujemy m.in. praktyczne kursy:<\/p>\n<ul>\n  <li><strong>Kurs w\u00f3zka wid\u0142owego<\/strong>: Nauka bezpiecznej i efektywnej pracy z w\u00f3zkami \u2013 niezb\u0119dna w pracy magazynowej.<\/li>\n  <li><strong>Szkolenie z budowy palet lotniczych<\/strong>: Specjalistyczny kurs dla os\u00f3b chc\u0105cych pracowa\u0107 w logistyce lotniczej.<\/li>\n<\/ul>\n\n<p>Pomagamy r\u00f3wnie\u017c w uzyskaniu Za\u015bwiadczenia o Niekaralno\u015bci (VGB), kt\u00f3re jest wymagane w wielu miejscach pracy w logistyce lotniczej i strefach chronionych. Dzi\u0119ki temu mo\u017cesz <strong>szybko znale\u017a\u0107 prac\u0119 w Holandii<\/strong> i rozpocz\u0105\u0107 prac\u0119 u zaufanego pracodawcy.<\/p>\n\n<h4><strong>Otwarte aplikacje \u2013 poka\u017c sw\u00f3j talent<\/strong><\/h4>\n<p>Nie widzisz obecnie odpowiedniej oferty pracy? \u017baden problem! Zawsze poszukujemy nowych talent\u00f3w. Prze\u015blij nam otwart\u0105 aplikacj\u0119 wraz ze swoim CV, a skontaktujemy si\u0119 z Tob\u0105, gdy pojawi si\u0119 odpowiednia oferta.<\/p>\n<p><a href=\"\/sollicitatie\/\">\ud83d\udc49 Kliknij tutaj, aby przes\u0142a\u0107 otwart\u0105 aplikacj\u0119<\/a><\/p>\n\n<h4><strong>Dlaczego warto wybra\u0107 NFA?<\/strong><\/h4>\n<p>Neutral Freight Academy oferuje wi\u0119cej ni\u017c tylko ofert\u0119 pracy. Wspieramy Ci\u0119 na ka\u017cdym etapie Twojej \u015bcie\u017cki zawodowej \u2013 od poznania r\u00f3\u017cnych r\u00f3l, przez szkolenia i certyfikaty, a\u017c po coaching w miejscu pracy. Nasze indywidualne podej\u015bcie i wieloletnie do\u015bwiadczenie sprawiaj\u0105, \u017ce szybko osi\u0105gniesz efekty.<\/p>\n\n<p>Niezale\u017cnie od tego, czy jeste\u015b <strong>osob\u0105 bez do\u015bwiadczenia<\/strong>, czy do\u015bwiadczonym specjalist\u0105 szukaj\u0105cym nowego wyzwania \u2013 mamy dla Ciebie odpowiednie <strong>oferty pracy w Holandii<\/strong>. Znalezienie pracy w Holandii jest mo\u017cliwe \u2013 a z NFA mo\u017cesz zacz\u0105\u0107 ju\u017c dzi\u015b.<\/p>\n\n<p><strong>Skontaktuj si\u0119 z nami ju\u017c dzi\u015b i odkryj, jak mo\u017cesz rozpocz\u0105\u0107 prac\u0119 przez NFA. Praca w Holandii jest bli\u017cej, ni\u017c my\u015blisz!<\/strong><\/p>\n\t\t\t\t\t\t\t\t<\/div>\n\t\t\t\t<\/div>\n\t\t\t\t<div class=\"elementor-element elementor-element-80fa710 elementor-align-left elementor-widget elementor-widget-button\" data-id=\"80fa710\" data-element_type=\"widget\" data-e-type=\"widget\" data-widget_type=\"button.default\">\n\t\t\t\t<div class=\"elementor-widget-container\">\n\t\t\t\t\t\t\t\t\t<div class=\"elementor-button-wrapper\">\n\t\t\t\t\t<a class=\"elementor-button elementor-button-link elementor-size-sm\" href=\"https:\/\/nfa-recruitment.nl\/solliciteren\/\" target=\"_blank\">\n\t\t\t\t\t\t<span class=\"elementor-button-content-wrapper\">\n\t\t\t\t\t\t\t\t\t<span class=\"elementor-button-text\">Otwarta aplikacja<\/span>\n\t\t\t\t\t<\/span>\n\t\t\t\t\t<\/a>\n\t\t\t\t<\/div>\n\t\t\t\t\t\t\t\t<\/div>\n\t\t\t\t<\/div>\n\t\t\t\t\t<\/div>\n\t\t<\/div>\n\t\t\t\t\t<\/div>\n\t\t<\/section>\n\t\t\t\t\t<\/div>\n\t\t<\/div>\n\t\t\t\t\t<\/div>\n\t\t<\/section>\n\t\t\t\t<section class=\"elementor-section elementor-top-section elementor-element elementor-element-5342ac4 elementor-section-boxed elementor-section-height-default elementor-section-height-default\" data-id=\"5342ac4\" data-element_type=\"section\" data-e-type=\"section\" data-settings=\"{&quot;background_background&quot;:&quot;classic&quot;}\">\n\t\t\t\t\t\t<div class=\"elementor-container elementor-column-gap-default\">\n\t\t\t\t\t<div class=\"elementor-column elementor-col-100 elementor-top-column elementor-element elementor-element-7b6701b\" data-id=\"7b6701b\" data-element_type=\"column\" data-e-type=\"column\">\n\t\t\t<div class=\"elementor-widget-wrap elementor-element-populated\">\n\t\t\t\t\t\t<section class=\"elementor-section elementor-inner-section elementor-element elementor-element-098f3e4 elementor-section-boxed elementor-section-height-default elementor-section-height-default\" data-id=\"098f3e4\" data-element_type=\"section\" data-e-type=\"section\">\n\t\t\t\t\t\t<div class=\"elementor-container elementor-column-gap-default\">\n\t\t\t\t\t<div class=\"elementor-column elementor-col-50 elementor-inner-column elementor-element elementor-element-5868bc5\" data-id=\"5868bc5\" data-element_type=\"column\" data-e-type=\"column\">\n\t\t\t<div class=\"elementor-widget-wrap elementor-element-populated\">\n\t\t\t\t\t\t<div class=\"elementor-element elementor-element-2a4cbcf elementor-widget elementor-widget-heading\" data-id=\"2a4cbcf\" data-element_type=\"widget\" data-e-type=\"widget\" data-widget_type=\"heading.default\">\n\t\t\t\t<div class=\"elementor-widget-container\">\n\t\t\t\t\t<h2 class=\"elementor-heading-title elementor-size-default\">NFA Neutral Freight Academy BV<\/h2>\t\t\t\t<\/div>\n\t\t\t\t<\/div>\n\t\t\t\t\t<\/div>\n\t\t<\/div>\n\t\t\t\t<div class=\"elementor-column elementor-col-50 elementor-inner-column elementor-element elementor-element-5128ec4\" data-id=\"5128ec4\" data-element_type=\"column\" data-e-type=\"column\">\n\t\t\t<div class=\"elementor-widget-wrap elementor-element-populated\">\n\t\t\t\t\t\t<div class=\"elementor-element elementor-element-2efcb6a elementor-widget elementor-widget-heading\" data-id=\"2efcb6a\" data-element_type=\"widget\" data-e-type=\"widget\" data-widget_type=\"heading.default\">\n\t\t\t\t<div class=\"elementor-widget-container\">\n\t\t\t\t\t<h2 class=\"elementor-heading-title elementor-size-default\">Szukasz pracy w sektorze logistycznym? Nast\u0119pnie przyjrzyj si\u0119 mo\u017cliwo\u015bciom w bran\u017cy cargo lotniczego. Praca pe\u0142na wyzwa\u0144 w \u015bwietnych firmach. Ka\u017cdy dzie\u0144 jest inny!   <\/h2>\t\t\t\t<\/div>\n\t\t\t\t<\/div>\n\t\t\t\t<div class=\"elementor-element elementor-element-27e2beb elementor-align-left elementor-widget elementor-widget-button\" data-id=\"27e2beb\" data-element_type=\"widget\" data-e-type=\"widget\" data-widget_type=\"button.default\">\n\t\t\t\t<div class=\"elementor-widget-container\">\n\t\t\t\t\t\t\t\t\t<div class=\"elementor-button-wrapper\">\n\t\t\t\t\t<a class=\"elementor-button elementor-button-link elementor-size-sm\" href=\"https:\/\/nfa-recruitment.nl\/actuele-vacatures\/\">\n\t\t\t\t\t\t<span class=\"elementor-button-content-wrapper\">\n\t\t\t\t\t\t\t\t\t<span class=\"elementor-button-text\">Chcesz dowiedzie\u0107 si\u0119 wi\u0119cej?<\/span>\n\t\t\t\t\t<\/span>\n\t\t\t\t\t<\/a>\n\t\t\t\t<\/div>\n\t\t\t\t\t\t\t\t<\/div>\n\t\t\t\t<\/div>\n\t\t\t\t\t<\/div>\n\t\t<\/div>\n\t\t\t\t\t<\/div>\n\t\t<\/section>\n\t\t\t\t\t<\/div>\n\t\t<\/div>\n\t\t\t\t\t<\/div>\n\t\t<\/section>\n\t\t\t\t<section class=\"elementor-section elementor-top-section elementor-element elementor-element-6679aeb elementor-section-boxed elementor-section-height-default elementor-section-height-default\" data-id=\"6679aeb\" data-element_type=\"section\" data-e-type=\"section\">\n\t\t\t\t\t\t<div class=\"elementor-container elementor-column-gap-no\">\n\t\t\t\t\t<div class=\"elementor-column elementor-col-100 elementor-top-column elementor-element elementor-element-7fe1280\" data-id=\"7fe1280\" data-element_type=\"column\" data-e-type=\"column\">\n\t\t\t<div class=\"elementor-widget-wrap elementor-element-populated\">\n\t\t\t\t\t\t<div class=\"elementor-element elementor-element-ef69c1e elementor-grid-3 elementor-grid-tablet-2 elementor-grid-mobile-1 elementor-posts--thumbnail-top elementor-card-shadow-yes elementor-posts__hover-gradient elementor-widget elementor-widget-posts\" data-id=\"ef69c1e\" data-element_type=\"widget\" data-e-type=\"widget\" data-settings=\"{&quot;_animation&quot;:&quot;none&quot;,&quot;cards_columns&quot;:&quot;3&quot;,&quot;cards_columns_tablet&quot;:&quot;2&quot;,&quot;cards_columns_mobile&quot;:&quot;1&quot;,&quot;cards_row_gap&quot;:{&quot;unit&quot;:&quot;px&quot;,&quot;size&quot;:35,&quot;sizes&quot;:[]},&quot;cards_row_gap_tablet&quot;:{&quot;unit&quot;:&quot;px&quot;,&quot;size&quot;:&quot;&quot;,&quot;sizes&quot;:[]},&quot;cards_row_gap_mobile&quot;:{&quot;unit&quot;:&quot;px&quot;,&quot;size&quot;:&quot;&quot;,&quot;sizes&quot;:[]}}\" data-widget_type=\"posts.cards\">\n\t\t\t\t<div class=\"elementor-widget-container\">\n\t\t\t\t\t\t\t<div class=\"elementor-posts-container elementor-posts elementor-posts--skin-cards elementor-grid\" role=\"list\">\n\t\t\t\t<article class=\"elementor-post elementor-grid-item post-3808 jobpost type-jobpost status-publish hentry jobpost_tag-koordynator jobpost_tag-koordynator-lancucha-dostaw jobpost_tag-koordynator-logistyki jobpost_tag-koordynator-magazynu jobpost_tag-koordynator-operacji\" role=\"listitem\">\n\t\t\t<div class=\"elementor-post__card\">\n\t\t\t\t<div class=\"elementor-post__text\">\n\t\t\t\t<h3 class=\"elementor-post__title\">\n\t\t\t<a href=\"https:\/\/nfa-recruitment.nl\/pl\/jobs\/coordinator-job-at-nfa-schiphol-area\/\" >\n\t\t\t\tKoordynator Praca w NFA (obszar Schiphol)\t\t\t<\/a>\n\t\t<\/h3>\n\t\t\t\t<div class=\"elementor-post__excerpt\">\n\t\t\t<p>\ud83c\udfaf Praca koordynatora w Neutral Freight Academy (obszar Schiphol) \ud83c\udfaf Czy jeste\u015b gotowy na dynamiczn\u0105 prac\u0119 w dynamicznym \u015brodowisku? Neutral Freight Academy (NFA), wiod\u0105ca agencja<\/p>\n\t\t<\/div>\n\t\t\n\t\t<a class=\"elementor-post__read-more\" href=\"https:\/\/nfa-recruitment.nl\/pl\/jobs\/coordinator-job-at-nfa-schiphol-area\/\" aria-label=\"Read more about Koordynator Praca w NFA (obszar Schiphol)\" tabindex=\"-1\" >\n\t\t\tCzytaj dalej \"\t\t<\/a>\n\n\t\t\t\t<\/div>\n\t\t\t\t\t<\/div>\n\t\t<\/article>\n\t\t\t\t<article class=\"elementor-post elementor-grid-item post-3816 jobpost type-jobpost status-publish hentry jobpost_tag-air-monitoring-pl jobpost_tag-mlodszy-technik jobpost_tag-nauki-o-srodowisku jobpost_tag-technik-jakosci-powietrza jobpost_tag-technik-ochrony-srodowiska\" role=\"listitem\">\n\t\t\t<div class=\"elementor-post__card\">\n\t\t\t\t<div class=\"elementor-post__text\">\n\t\t\t\t<h3 class=\"elementor-post__title\">\n\t\t\t<a href=\"https:\/\/nfa-recruitment.nl\/pl\/jobs\/junior-technician-air-quality\/\" >\n\t\t\t\tM\u0142odszy technik ds. jako\u015bci powietrza\t\t\t<\/a>\n\t\t<\/h3>\n\t\t\t\t<div class=\"elementor-post__excerpt\">\n\t\t\t<p>\ud83d\udea8 M\u0142odszy technik (jako\u015b\u0107 powietrza) &#8211; praca w Holandii | Utrecht \ud83d\udea8 NFA Uitzendbureau, agencja zatrudnienia specjalizuj\u0105ca si\u0119 w sektorach logistycznym, technicznym i przemys\u0142owym w<\/p>\n\t\t<\/div>\n\t\t\n\t\t<a class=\"elementor-post__read-more\" href=\"https:\/\/nfa-recruitment.nl\/pl\/jobs\/junior-technician-air-quality\/\" aria-label=\"Read more about M\u0142odszy technik ds. jako\u015bci powietrza\" tabindex=\"-1\" >\n\t\t\tCzytaj dalej \"\t\t<\/a>\n\n\t\t\t\t<\/div>\n\t\t\t\t\t<\/div>\n\t\t<\/article>\n\t\t\t\t<article class=\"elementor-post elementor-grid-item post-3824 jobpost type-jobpost status-publish hentry jobpost_category-biuro jobpost_category-logistyka jobpost_job_type-pelny-etat jobpost_tag-accounting-clerk-pl-2 jobpost_tag-administracja-finansowa jobpost_tag-administrator-plac jobpost_tag-asystent-finansowy jobpost_tag-bookkeeping-pl-2\" role=\"listitem\">\n\t\t\t<div class=\"elementor-post__card\">\n\t\t\t\t<div class=\"elementor-post__text\">\n\t\t\t\t<h3 class=\"elementor-post__title\">\n\t\t\t<a href=\"https:\/\/nfa-recruitment.nl\/pl\/jobs\/financial-administration-employee\/\" >\n\t\t\t\tPracownik administracji finansowej\t\t\t<\/a>\n\t\t<\/h3>\n\t\t\t\t<div class=\"elementor-post__excerpt\">\n\t\t\t<p>Czego od ciebie oczekujemy?<\/p>\n\t\t<\/div>\n\t\t\n\t\t<a class=\"elementor-post__read-more\" href=\"https:\/\/nfa-recruitment.nl\/pl\/jobs\/financial-administration-employee\/\" aria-label=\"Read more about Pracownik administracji finansowej\" tabindex=\"-1\" >\n\t\t\tCzytaj dalej \"\t\t<\/a>\n\n\t\t\t\t<\/div>\n\t\t\t\t\t<\/div>\n\t\t<\/article>\n\t\t\t\t<\/div>\n\t\t\n\t\t\t\t\t\t<\/div>\n\t\t\t\t<\/div>\n\t\t\t\t<div class=\"elementor-element elementor-element-714b33c elementor-align-left elementor-mobile-align-center elementor-widget elementor-widget-button\" data-id=\"714b33c\" data-element_type=\"widget\" data-e-type=\"widget\" data-widget_type=\"button.default\">\n\t\t\t\t<div class=\"elementor-widget-container\">\n\t\t\t\t\t\t\t\t\t<div class=\"elementor-button-wrapper\">\n\t\t\t\t\t<a class=\"elementor-button elementor-button-link elementor-size-sm\" href=\"https:\/\/nfa-recruitment.nl\/actuele-vacatures\/\">\n\t\t\t\t\t\t<span class=\"elementor-button-content-wrapper\">\n\t\t\t\t\t\t\t\t\t<span class=\"elementor-button-text\">Wszystkie wolne miejsca pracy<\/span>\n\t\t\t\t\t<\/span>\n\t\t\t\t\t<\/a>\n\t\t\t\t<\/div>\n\t\t\t\t\t\t\t\t<\/div>\n\t\t\t\t<\/div>\n\t\t\t\t\t<\/div>\n\t\t<\/div>\n\t\t\t\t\t<\/div>\n\t\t<\/section>\n\t\t\t\t<\/div>\n\t\t","protected":false},"excerpt":{"rendered":"<p>Poszukiwanie pracy Szukasz pracy w sektorze logistycznym? Nast\u0119pnie przyjrzyj si\u0119 mo\u017cliwo\u015bciom w bran\u017cy cargo lotniczego. Praca pe\u0142na wyzwa\u0144 w \u015bwietnych firmach. Ka\u017cdy dzie\u0144 jest inny! [&hellip;]<\/p>\n","protected":false},"author":1,"featured_media":0,"parent":0,"menu_order":0,"comment_status":"closed","ping_status":"closed","template":"","meta":{"_acf_changed":false,"footnotes":""},"class_list":["post-3053","page","type-page","status-publish","hentry"],"acf":[],"_links":{"self":[{"href":"https:\/\/nfa-recruitment.nl\/pl\/wp-json\/wp\/v2\/pages\/3053","targetHints":{"allow":["GET"]}}],"collection":[{"href":"https:\/\/nfa-recruitment.nl\/pl\/wp-json\/wp\/v2\/pages"}],"about":[{"href":"https:\/\/nfa-recruitment.nl\/pl\/wp-json\/wp\/v2\/types\/page"}],"author":[{"embeddable":true,"href":"https:\/\/nfa-recruitment.nl\/pl\/wp-json\/wp\/v2\/users\/1"}],"replies":[{"embeddable":true,"href":"https:\/\/nfa-recruitment.nl\/pl\/wp-json\/wp\/v2\/comments?post=3053"}],"version-history":[{"count":13,"href":"https:\/\/nfa-recruitment.nl\/pl\/wp-json\/wp\/v2\/pages\/3053\/revisions"}],"predecessor-version":[{"id":4404,"href":"https:\/\/nfa-recruitment.nl\/pl\/wp-json\/wp\/v2\/pages\/3053\/revisions\/4404"}],"wp:attachment":[{"href":"https:\/\/nfa-recruitment.nl\/pl\/wp-json\/wp\/v2\/media?parent=3053"}],"curies":[{"name":"wp","href":"https:\/\/api.w.org\/{rel}","templated":true}]}}