{"id":3057,"date":"2024-09-03T07:24:15","date_gmt":"2024-09-03T07:24:15","guid":{"rendered":"https:\/\/nfa-recruitment.nl\/szukam-pracownika\/"},"modified":"2025-04-01T14:39:51","modified_gmt":"2025-04-01T14:39:51","slug":"szukam-pracownika","status":"publish","type":"page","link":"https:\/\/nfa-recruitment.nl\/pl\/szukam-pracownika\/","title":{"rendered":"Szukam pracownika"},"content":{"rendered":"\t\t<div data-elementor-type=\"wp-page\" data-elementor-id=\"3057\" class=\"elementor elementor-3057 elementor-917\" data-elementor-post-type=\"page\">\n\t\t\t\t\t\t<section class=\"elementor-section elementor-top-section elementor-element elementor-element-80d83b1 elementor-section-full_width elementor-section-height-min-height elementor-section-height-default elementor-section-items-middle\" data-id=\"80d83b1\" data-element_type=\"section\" data-e-type=\"section\" data-settings=\"{&quot;background_background&quot;:&quot;classic&quot;}\">\n\t\t\t\t\t\t\t<div class=\"elementor-background-overlay\"><\/div>\n\t\t\t\t\t\t\t<div class=\"elementor-container elementor-column-gap-no\">\n\t\t\t\t\t<div class=\"elementor-column elementor-col-100 elementor-top-column elementor-element elementor-element-28321dc\" data-id=\"28321dc\" data-element_type=\"column\" data-e-type=\"column\">\n\t\t\t<div class=\"elementor-widget-wrap elementor-element-populated\">\n\t\t\t\t\t\t<section class=\"elementor-section elementor-inner-section elementor-element elementor-element-0bb3df4 elementor-section-boxed elementor-section-height-default elementor-section-height-default\" data-id=\"0bb3df4\" data-element_type=\"section\" data-e-type=\"section\">\n\t\t\t\t\t\t<div class=\"elementor-container elementor-column-gap-default\">\n\t\t\t\t\t<div class=\"elementor-column elementor-col-100 elementor-inner-column elementor-element elementor-element-3412a22\" data-id=\"3412a22\" data-element_type=\"column\" data-e-type=\"column\">\n\t\t\t<div class=\"elementor-widget-wrap elementor-element-populated\">\n\t\t\t\t\t\t<div class=\"elementor-element elementor-element-8339077 elementor-widget elementor-widget-heading\" data-id=\"8339077\" data-element_type=\"widget\" data-e-type=\"widget\" data-widget_type=\"heading.default\">\n\t\t\t\t<div class=\"elementor-widget-container\">\n\t\t\t\t\t<h2 class=\"elementor-heading-title elementor-size-default\">Szukam\npracownika\n\n<\/h2>\t\t\t\t<\/div>\n\t\t\t\t<\/div>\n\t\t\t\t<div class=\"elementor-element elementor-element-85e8b26 elementor-widget elementor-widget-text-editor\" data-id=\"85e8b26\" data-element_type=\"widget\" data-e-type=\"widget\" data-widget_type=\"text-editor.default\">\n\t\t\t\t<div class=\"elementor-widget-container\">\n\t\t\t\t\t\t\t\t\t<p>Czy Twoja organizacja dzia\u0142a w bran\u017cy frachtu lotniczego i szukasz (szybko) dodatkowych pracownik\u00f3w? W takim razie trafi\u0142e\u015b we w\u0142a\u015bciwe miejsce. <\/p>\t\t\t\t\t\t\t\t<\/div>\n\t\t\t\t<\/div>\n\t\t\t\t<div class=\"elementor-element elementor-element-0d305c1 elementor-widget elementor-widget-button\" data-id=\"0d305c1\" data-element_type=\"widget\" data-e-type=\"widget\" data-widget_type=\"button.default\">\n\t\t\t\t<div class=\"elementor-widget-container\">\n\t\t\t\t\t\t\t\t\t<div class=\"elementor-button-wrapper\">\n\t\t\t\t\t<a class=\"elementor-button elementor-button-link elementor-size-sm\" href=\"http:\/\/lalka\">\n\t\t\t\t\t\t<span class=\"elementor-button-content-wrapper\">\n\t\t\t\t\t\t\t\t\t<span class=\"elementor-button-text\">Poruszasz si\u0119 szybko?<\/span>\n\t\t\t\t\t<\/span>\n\t\t\t\t\t<\/a>\n\t\t\t\t<\/div>\n\t\t\t\t\t\t\t\t<\/div>\n\t\t\t\t<\/div>\n\t\t\t\t\t<\/div>\n\t\t<\/div>\n\t\t\t\t\t<\/div>\n\t\t<\/section>\n\t\t\t\t\t<\/div>\n\t\t<\/div>\n\t\t\t\t\t<\/div>\n\t\t<\/section>\n\t\t\t\t<section class=\"elementor-section elementor-top-section elementor-element elementor-element-bbb9137 elementor-section-boxed elementor-section-height-default elementor-section-height-default\" data-id=\"bbb9137\" data-element_type=\"section\" data-e-type=\"section\">\n\t\t\t\t\t\t<div class=\"elementor-container elementor-column-gap-default\">\n\t\t\t\t\t<div class=\"elementor-column elementor-col-100 elementor-top-column elementor-element elementor-element-9c27585\" data-id=\"9c27585\" data-element_type=\"column\" data-e-type=\"column\">\n\t\t\t<div class=\"elementor-widget-wrap elementor-element-populated\">\n\t\t\t\t\t\t<section class=\"elementor-section elementor-inner-section elementor-element elementor-element-c83237d elementor-section-boxed elementor-section-height-default elementor-section-height-default\" data-id=\"c83237d\" data-element_type=\"section\" data-e-type=\"section\">\n\t\t\t\t\t\t<div class=\"elementor-container elementor-column-gap-no\">\n\t\t\t\t\t<div class=\"elementor-column elementor-col-100 elementor-inner-column elementor-element elementor-element-06d44ca\" data-id=\"06d44ca\" data-element_type=\"column\" data-e-type=\"column\" data-settings=\"{&quot;background_background&quot;:&quot;classic&quot;}\">\n\t\t\t<div class=\"elementor-widget-wrap elementor-element-populated\">\n\t\t\t\t\t\t<div class=\"elementor-element elementor-element-093af18 elementor-widget elementor-widget-heading\" data-id=\"093af18\" data-element_type=\"widget\" data-e-type=\"widget\" data-widget_type=\"heading.default\">\n\t\t\t\t<div class=\"elementor-widget-container\">\n\t\t\t\t\t<h2 class=\"elementor-heading-title elementor-size-default\">Szukam pracownik\u00f3w<\/h2>\t\t\t\t<\/div>\n\t\t\t\t<\/div>\n\t\t\t\t<div class=\"elementor-element elementor-element-d132f7b elementor-widget elementor-widget-text-editor\" data-id=\"d132f7b\" data-element_type=\"widget\" data-e-type=\"widget\" data-widget_type=\"text-editor.default\">\n\t\t\t\t<div class=\"elementor-widget-container\">\n\t\t\t\t\t\t\t\t\t<p>Mamy ponad 20 lat do\u015bwiadczenia w transporcie lotniczym \u0142adunk\u00f3w i wiemy lepiej ni\u017c ktokolwiek inny, jak wa\u017cne jest posiadanie wykwalifikowanego personelu. Niestety, takich ludzi cz\u0119sto trudno znale\u017a\u0107. Zw\u0142aszcza w przypadku og\u00f3lnych agencji zatrudnienia. Po prostu nie s\u0105 one wystarczaj\u0105co zaznajomione z nasz\u0105 bran\u017c\u0105 i wymaganiami, jakie stawiamy naszym pracownikom. Dlatego w\u0142a\u015bnie powsta\u0142o NFA. Jedno miejsce, w kt\u00f3rym przedsi\u0119biorcy i osoby poszukuj\u0105ce pracy z bran\u017cy lotniczej mog\u0105 si\u0119 nawzajem znale\u017a\u0107.    Gdzie mo\u017cna szybko i skutecznie wyszukiwa\u0107 oferty pracy. Gdzie kandydaci przeszkoleni, sprawdzeni i posiadaj\u0105cy odpowiednie certyfikaty mog\u0105 rozpocz\u0105\u0107 prac\u0119 bezpo\u015brednio dla Ciebie.<\/p><h4><strong>Szybkie rozpocz\u0119cie pracy<\/strong><\/h4><p>Poniewa\u017c nasza siedziba znajduje si\u0119 na lotnisku Schiphol, kolejki s\u0105 kr\u00f3tkie i mo\u017cemy szybko pom\u00f3c. Znamy tajniki bran\u017cy lotniczej i zbudowali\u015bmy rozleg\u0142\u0105 sie\u0107 w (mi\u0119dzynarodowym) \u015bwiecie logistyki. Dzi\u0119ki naszym wewn\u0119trznym szkoleniom mo\u017cemy zapewni\u0107 wykwalifikowany i niezawodny personel.  <\/p><p>NFA zapewnia, \u017ce przed rozpocz\u0119ciem pracy kandydat uko\u0144czy\u0142 odpowiednie szkolenie. Oferujemy r\u00f3\u017cne (specjalistyczne) kursy szkoleniowe, takie jak kurs w\u00f3zk\u00f3w wid\u0142owych lub szkolenie w zakresie budowy p\u0142yt lotniczych.  Ponadto wszyscy kandydaci s\u0105 sprawdzani i otrzymuj\u0105 pomoc w uzyskaniu za\u015bwiadczenia o braku zastrze\u017ce\u0144 (VGB). Dzi\u0119ki temu kandydaci s\u0105 gotowi do natychmiastowego rozpocz\u0119cia pracy, a Ty jeste\u015b odci\u0105\u017cony w procesie szkolenia nowych pracownik\u00f3w.<\/p><h4><strong>Zamieszczanie ofert pracy<\/strong><\/h4><p>Szukasz nowych i do\u015bwiadczonych pracownik\u00f3w w dziedzinie logistyki i transportu? Zamie\u015b\u0107 swoj\u0105 ofert\u0119 pracy na stronie internetowej NFA. Natychmiast rozpoczniemy prac\u0119 nad Twoj\u0105 aplikacj\u0105 i b\u0119dziemy informowa\u0107 Ci\u0119 o wszystkich post\u0119pach.  <\/p>\t\t\t\t\t\t\t\t<\/div>\n\t\t\t\t<\/div>\n\t\t\t\t<div class=\"elementor-element elementor-element-9f54548 elementor-align-left elementor-widget elementor-widget-button\" data-id=\"9f54548\" data-element_type=\"widget\" data-e-type=\"widget\" data-widget_type=\"button.default\">\n\t\t\t\t<div class=\"elementor-widget-container\">\n\t\t\t\t\t\t\t\t\t<div class=\"elementor-button-wrapper\">\n\t\t\t\t\t<a class=\"elementor-button elementor-button-link elementor-size-sm\" href=\"https:\/\/nfa-recruitment.nl\/pl\/contact\/\">\n\t\t\t\t\t\t<span class=\"elementor-button-content-wrapper\">\n\t\t\t\t\t\t\t\t\t<span class=\"elementor-button-text\">Skontaktuj si\u0119 z nami<\/span>\n\t\t\t\t\t<\/span>\n\t\t\t\t\t<\/a>\n\t\t\t\t<\/div>\n\t\t\t\t\t\t\t\t<\/div>\n\t\t\t\t<\/div>\n\t\t\t\t\t<\/div>\n\t\t<\/div>\n\t\t\t\t\t<\/div>\n\t\t<\/section>\n\t\t\t\t\t<\/div>\n\t\t<\/div>\n\t\t\t\t\t<\/div>\n\t\t<\/section>\n\t\t\t\t<section class=\"elementor-section elementor-top-section elementor-element elementor-element-a5bd025 elementor-section-boxed elementor-section-height-default elementor-section-height-default\" data-id=\"a5bd025\" data-element_type=\"section\" data-e-type=\"section\" data-settings=\"{&quot;background_background&quot;:&quot;classic&quot;}\">\n\t\t\t\t\t\t<div class=\"elementor-container elementor-column-gap-default\">\n\t\t\t\t\t<div class=\"elementor-column elementor-col-100 elementor-top-column elementor-element elementor-element-c23c4ce\" data-id=\"c23c4ce\" data-element_type=\"column\" data-e-type=\"column\">\n\t\t\t<div class=\"elementor-widget-wrap elementor-element-populated\">\n\t\t\t\t\t\t<section class=\"elementor-section elementor-inner-section elementor-element elementor-element-cc9ca35 elementor-section-boxed elementor-section-height-default elementor-section-height-default\" data-id=\"cc9ca35\" data-element_type=\"section\" data-e-type=\"section\">\n\t\t\t\t\t\t<div class=\"elementor-container elementor-column-gap-default\">\n\t\t\t\t\t<div class=\"elementor-column elementor-col-50 elementor-inner-column elementor-element elementor-element-6d2e34c\" data-id=\"6d2e34c\" data-element_type=\"column\" data-e-type=\"column\">\n\t\t\t<div class=\"elementor-widget-wrap elementor-element-populated\">\n\t\t\t\t\t\t<div class=\"elementor-element elementor-element-25c4570 elementor-widget elementor-widget-heading\" data-id=\"25c4570\" data-element_type=\"widget\" data-e-type=\"widget\" data-widget_type=\"heading.default\">\n\t\t\t\t<div class=\"elementor-widget-container\">\n\t\t\t\t\t<h2 class=\"elementor-heading-title elementor-size-default\">NFA Neutral Freight Academy BV<\/h2>\t\t\t\t<\/div>\n\t\t\t\t<\/div>\n\t\t\t\t\t<\/div>\n\t\t<\/div>\n\t\t\t\t<div class=\"elementor-column elementor-col-50 elementor-inner-column elementor-element elementor-element-b627edf\" data-id=\"b627edf\" data-element_type=\"column\" data-e-type=\"column\">\n\t\t\t<div class=\"elementor-widget-wrap elementor-element-populated\">\n\t\t\t\t\t\t<div class=\"elementor-element elementor-element-f2973ec elementor-widget elementor-widget-heading\" data-id=\"f2973ec\" data-element_type=\"widget\" data-e-type=\"widget\" data-widget_type=\"heading.default\">\n\t\t\t\t<div class=\"elementor-widget-container\">\n\t\t\t\t\t<h2 class=\"elementor-heading-title elementor-size-default\">Szukasz pracy w sektorze logistycznym? Nast\u0119pnie przyjrzyj si\u0119 mo\u017cliwo\u015bciom w bran\u017cy cargo lotniczego. Praca pe\u0142na wyzwa\u0144 w \u015bwietnych firmach. Ka\u017cdy dzie\u0144 jest inny!   <\/h2>\t\t\t\t<\/div>\n\t\t\t\t<\/div>\n\t\t\t\t<div class=\"elementor-element elementor-element-a25767c elementor-align-left elementor-widget elementor-widget-button\" data-id=\"a25767c\" data-element_type=\"widget\" data-e-type=\"widget\" data-widget_type=\"button.default\">\n\t\t\t\t<div class=\"elementor-widget-container\">\n\t\t\t\t\t\t\t\t\t<div class=\"elementor-button-wrapper\">\n\t\t\t\t\t<a class=\"elementor-button elementor-button-link elementor-size-sm\" href=\"https:\/\/nfa-recruitment.nl\/ikzoekeenbaan\/\">\n\t\t\t\t\t\t<span class=\"elementor-button-content-wrapper\">\n\t\t\t\t\t\t\t\t\t<span class=\"elementor-button-text\">Chcesz dowiedzie\u0107 si\u0119 wi\u0119cej?<\/span>\n\t\t\t\t\t<\/span>\n\t\t\t\t\t<\/a>\n\t\t\t\t<\/div>\n\t\t\t\t\t\t\t\t<\/div>\n\t\t\t\t<\/div>\n\t\t\t\t\t<\/div>\n\t\t<\/div>\n\t\t\t\t\t<\/div>\n\t\t<\/section>\n\t\t\t\t\t<\/div>\n\t\t<\/div>\n\t\t\t\t\t<\/div>\n\t\t<\/section>\n\t\t\t\t<section class=\"elementor-section elementor-top-section elementor-element elementor-element-1930aaf elementor-section-boxed elementor-section-height-default elementor-section-height-default\" data-id=\"1930aaf\" data-element_type=\"section\" data-e-type=\"section\">\n\t\t\t\t\t\t<div class=\"elementor-container elementor-column-gap-no\">\n\t\t\t\t\t<div class=\"elementor-column elementor-col-100 elementor-top-column elementor-element elementor-element-380d97c\" data-id=\"380d97c\" data-element_type=\"column\" data-e-type=\"column\">\n\t\t\t<div class=\"elementor-widget-wrap elementor-element-populated\">\n\t\t\t\t\t\t<div class=\"elementor-element elementor-element-ce68dbd elementor-grid-3 elementor-grid-tablet-2 elementor-grid-mobile-1 elementor-posts--thumbnail-top elementor-card-shadow-yes elementor-posts__hover-gradient elementor-widget elementor-widget-posts\" data-id=\"ce68dbd\" data-element_type=\"widget\" data-e-type=\"widget\" data-settings=\"{&quot;_animation&quot;:&quot;none&quot;,&quot;cards_columns&quot;:&quot;3&quot;,&quot;cards_columns_tablet&quot;:&quot;2&quot;,&quot;cards_columns_mobile&quot;:&quot;1&quot;,&quot;cards_row_gap&quot;:{&quot;unit&quot;:&quot;px&quot;,&quot;size&quot;:35,&quot;sizes&quot;:[]},&quot;cards_row_gap_tablet&quot;:{&quot;unit&quot;:&quot;px&quot;,&quot;size&quot;:&quot;&quot;,&quot;sizes&quot;:[]},&quot;cards_row_gap_mobile&quot;:{&quot;unit&quot;:&quot;px&quot;,&quot;size&quot;:&quot;&quot;,&quot;sizes&quot;:[]}}\" data-widget_type=\"posts.cards\">\n\t\t\t\t<div class=\"elementor-widget-container\">\n\t\t\t\t\t\t\t<div class=\"elementor-posts-container elementor-posts elementor-posts--skin-cards elementor-grid\" role=\"list\">\n\t\t\t\t<article class=\"elementor-post elementor-grid-item post-3808 jobpost type-jobpost status-publish hentry jobpost_tag-koordynator jobpost_tag-koordynator-lancucha-dostaw jobpost_tag-koordynator-logistyki jobpost_tag-koordynator-magazynu jobpost_tag-koordynator-operacji\" role=\"listitem\">\n\t\t\t<div class=\"elementor-post__card\">\n\t\t\t\t<div class=\"elementor-post__text\">\n\t\t\t\t<h3 class=\"elementor-post__title\">\n\t\t\t<a href=\"https:\/\/nfa-recruitment.nl\/pl\/jobs\/coordinator-job-at-nfa-schiphol-area\/\" >\n\t\t\t\tKoordynator Praca w NFA (obszar Schiphol)\t\t\t<\/a>\n\t\t<\/h3>\n\t\t\t\t<div class=\"elementor-post__excerpt\">\n\t\t\t<p>\ud83c\udfaf Praca koordynatora w Neutral Freight Academy (obszar Schiphol) \ud83c\udfaf Czy jeste\u015b gotowy na dynamiczn\u0105 prac\u0119 w dynamicznym \u015brodowisku? Neutral Freight Academy (NFA), wiod\u0105ca agencja<\/p>\n\t\t<\/div>\n\t\t\n\t\t<a class=\"elementor-post__read-more\" href=\"https:\/\/nfa-recruitment.nl\/pl\/jobs\/coordinator-job-at-nfa-schiphol-area\/\" aria-label=\"Read more about Koordynator Praca w NFA (obszar Schiphol)\" tabindex=\"-1\" >\n\t\t\tCzytaj dalej \"\t\t<\/a>\n\n\t\t\t\t<\/div>\n\t\t\t\t\t<\/div>\n\t\t<\/article>\n\t\t\t\t<article class=\"elementor-post elementor-grid-item post-3816 jobpost type-jobpost status-publish hentry jobpost_tag-air-monitoring-pl jobpost_tag-mlodszy-technik jobpost_tag-nauki-o-srodowisku jobpost_tag-technik-jakosci-powietrza jobpost_tag-technik-ochrony-srodowiska\" role=\"listitem\">\n\t\t\t<div class=\"elementor-post__card\">\n\t\t\t\t<div class=\"elementor-post__text\">\n\t\t\t\t<h3 class=\"elementor-post__title\">\n\t\t\t<a href=\"https:\/\/nfa-recruitment.nl\/pl\/jobs\/junior-technician-air-quality\/\" >\n\t\t\t\tM\u0142odszy technik ds. jako\u015bci powietrza\t\t\t<\/a>\n\t\t<\/h3>\n\t\t\t\t<div class=\"elementor-post__excerpt\">\n\t\t\t<p>\ud83d\udea8 M\u0142odszy technik (jako\u015b\u0107 powietrza) &#8211; praca w Holandii | Utrecht \ud83d\udea8 NFA Uitzendbureau, agencja zatrudnienia specjalizuj\u0105ca si\u0119 w sektorach logistycznym, technicznym i przemys\u0142owym w<\/p>\n\t\t<\/div>\n\t\t\n\t\t<a class=\"elementor-post__read-more\" href=\"https:\/\/nfa-recruitment.nl\/pl\/jobs\/junior-technician-air-quality\/\" aria-label=\"Read more about M\u0142odszy technik ds. jako\u015bci powietrza\" tabindex=\"-1\" >\n\t\t\tCzytaj dalej \"\t\t<\/a>\n\n\t\t\t\t<\/div>\n\t\t\t\t\t<\/div>\n\t\t<\/article>\n\t\t\t\t<article class=\"elementor-post elementor-grid-item post-3824 jobpost type-jobpost status-publish hentry jobpost_category-biuro jobpost_category-logistyka jobpost_job_type-pelny-etat jobpost_tag-accounting-clerk-pl-2 jobpost_tag-administracja-finansowa jobpost_tag-administrator-plac jobpost_tag-asystent-finansowy jobpost_tag-bookkeeping-pl-2\" role=\"listitem\">\n\t\t\t<div class=\"elementor-post__card\">\n\t\t\t\t<div class=\"elementor-post__text\">\n\t\t\t\t<h3 class=\"elementor-post__title\">\n\t\t\t<a href=\"https:\/\/nfa-recruitment.nl\/pl\/jobs\/financial-administration-employee\/\" >\n\t\t\t\tPracownik administracji finansowej\t\t\t<\/a>\n\t\t<\/h3>\n\t\t\t\t<div class=\"elementor-post__excerpt\">\n\t\t\t<p>Czego od ciebie oczekujemy?<\/p>\n\t\t<\/div>\n\t\t\n\t\t<a class=\"elementor-post__read-more\" href=\"https:\/\/nfa-recruitment.nl\/pl\/jobs\/financial-administration-employee\/\" aria-label=\"Read more about Pracownik administracji finansowej\" tabindex=\"-1\" >\n\t\t\tCzytaj dalej \"\t\t<\/a>\n\n\t\t\t\t<\/div>\n\t\t\t\t\t<\/div>\n\t\t<\/article>\n\t\t\t\t<\/div>\n\t\t\n\t\t\t\t\t\t<\/div>\n\t\t\t\t<\/div>\n\t\t\t\t<div class=\"elementor-element elementor-element-07b1dbe elementor-align-left elementor-widget elementor-widget-button\" data-id=\"07b1dbe\" data-element_type=\"widget\" data-e-type=\"widget\" data-widget_type=\"button.default\">\n\t\t\t\t<div class=\"elementor-widget-container\">\n\t\t\t\t\t\t\t\t\t<div class=\"elementor-button-wrapper\">\n\t\t\t\t\t<a class=\"elementor-button elementor-button-link elementor-size-sm\" href=\"https:\/\/nfa-recruitment.nl\/ikzoekeenbaan\/\">\n\t\t\t\t\t\t<span class=\"elementor-button-content-wrapper\">\n\t\t\t\t\t\t\t\t\t<span class=\"elementor-button-text\">Wszystkie wolne miejsca pracy<\/span>\n\t\t\t\t\t<\/span>\n\t\t\t\t\t<\/a>\n\t\t\t\t<\/div>\n\t\t\t\t\t\t\t\t<\/div>\n\t\t\t\t<\/div>\n\t\t\t\t\t<\/div>\n\t\t<\/div>\n\t\t\t\t\t<\/div>\n\t\t<\/section>\n\t\t\t\t<\/div>\n\t\t","protected":false},"excerpt":{"rendered":"<p>Szukam pracownika Czy Twoja organizacja dzia\u0142a w bran\u017cy frachtu lotniczego i szukasz (szybko) dodatkowych pracownik\u00f3w? W takim razie trafi\u0142e\u015b we w\u0142a\u015bciwe miejsce. Poruszasz si\u0119 szybko? [&hellip;]<\/p>\n","protected":false},"author":1,"featured_media":0,"parent":0,"menu_order":0,"comment_status":"closed","ping_status":"closed","template":"","meta":{"_acf_changed":false,"footnotes":""},"class_list":["post-3057","page","type-page","status-publish","hentry"],"acf":[],"_links":{"self":[{"href":"https:\/\/nfa-recruitment.nl\/pl\/wp-json\/wp\/v2\/pages\/3057","targetHints":{"allow":["GET"]}}],"collection":[{"href":"https:\/\/nfa-recruitment.nl\/pl\/wp-json\/wp\/v2\/pages"}],"about":[{"href":"https:\/\/nfa-recruitment.nl\/pl\/wp-json\/wp\/v2\/types\/page"}],"author":[{"embeddable":true,"href":"https:\/\/nfa-recruitment.nl\/pl\/wp-json\/wp\/v2\/users\/1"}],"replies":[{"embeddable":true,"href":"https:\/\/nfa-recruitment.nl\/pl\/wp-json\/wp\/v2\/comments?post=3057"}],"version-history":[{"count":7,"href":"https:\/\/nfa-recruitment.nl\/pl\/wp-json\/wp\/v2\/pages\/3057\/revisions"}],"predecessor-version":[{"id":4075,"href":"https:\/\/nfa-recruitment.nl\/pl\/wp-json\/wp\/v2\/pages\/3057\/revisions\/4075"}],"wp:attachment":[{"href":"https:\/\/nfa-recruitment.nl\/pl\/wp-json\/wp\/v2\/media?parent=3057"}],"curies":[{"name":"wp","href":"https:\/\/api.w.org\/{rel}","templated":true}]}}