{"id":3061,"date":"2024-09-03T07:24:15","date_gmt":"2024-09-03T07:24:15","guid":{"rendered":"https:\/\/nfa-recruitment.nl\/personel-biurowy\/"},"modified":"2025-03-15T16:55:33","modified_gmt":"2025-03-15T16:55:33","slug":"office-personeel-nederland","status":"publish","type":"page","link":"https:\/\/nfa-recruitment.nl\/pl\/office-personeel-nederland\/","title":{"rendered":"Personel biurowy"},"content":{"rendered":"\t\t<div data-elementor-type=\"wp-page\" data-elementor-id=\"3061\" class=\"elementor elementor-3061 elementor-423\" data-elementor-post-type=\"page\">\n\t\t\t\t\t\t<section class=\"elementor-section elementor-top-section elementor-element elementor-element-b52dbd3 elementor-section-full_width elementor-section-height-min-height elementor-section-height-default elementor-section-items-middle\" data-id=\"b52dbd3\" data-element_type=\"section\" data-e-type=\"section\" data-settings=\"{&quot;background_background&quot;:&quot;classic&quot;}\">\n\t\t\t\t\t\t<div class=\"elementor-container elementor-column-gap-no\">\n\t\t\t\t\t<div class=\"elementor-column elementor-col-100 elementor-top-column elementor-element elementor-element-d7e5907\" data-id=\"d7e5907\" data-element_type=\"column\" data-e-type=\"column\">\n\t\t\t<div class=\"elementor-widget-wrap\">\n\t\t\t\t\t\t\t<\/div>\n\t\t<\/div>\n\t\t\t\t\t<\/div>\n\t\t<\/section>\n\t\t\t\t<section class=\"elementor-section elementor-top-section elementor-element elementor-element-2dca1b9 elementor-section-boxed elementor-section-height-default elementor-section-height-default\" data-id=\"2dca1b9\" data-element_type=\"section\" data-e-type=\"section\" data-settings=\"{&quot;background_background&quot;:&quot;classic&quot;}\">\n\t\t\t\t\t\t<div class=\"elementor-container elementor-column-gap-default\">\n\t\t\t\t\t<div class=\"elementor-column elementor-col-100 elementor-top-column elementor-element elementor-element-3504908\" data-id=\"3504908\" data-element_type=\"column\" data-e-type=\"column\">\n\t\t\t<div class=\"elementor-widget-wrap elementor-element-populated\">\n\t\t\t\t\t\t<div class=\"elementor-element elementor-element-ab4355b elementor-widget elementor-widget-theme-post-title elementor-page-title elementor-widget-heading\" data-id=\"ab4355b\" data-element_type=\"widget\" data-e-type=\"widget\" data-widget_type=\"theme-post-title.default\">\n\t\t\t\t<div class=\"elementor-widget-container\">\n\t\t\t\t\t<h1 class=\"elementor-heading-title elementor-size-default\">Personel biurowy<\/h1>\t\t\t\t<\/div>\n\t\t\t\t<\/div>\n\t\t\t\t\t<\/div>\n\t\t<\/div>\n\t\t\t\t\t<\/div>\n\t\t<\/section>\n\t\t\t\t<section class=\"elementor-section elementor-top-section elementor-element elementor-element-d7c85b1 elementor-section-boxed elementor-section-height-default elementor-section-height-default\" data-id=\"d7c85b1\" data-element_type=\"section\" data-e-type=\"section\" data-settings=\"{&quot;background_background&quot;:&quot;classic&quot;}\">\n\t\t\t\t\t\t<div class=\"elementor-container elementor-column-gap-default\">\n\t\t\t\t\t<div class=\"elementor-column elementor-col-100 elementor-top-column elementor-element elementor-element-c22a22c\" data-id=\"c22a22c\" data-element_type=\"column\" data-e-type=\"column\">\n\t\t\t<div class=\"elementor-widget-wrap elementor-element-populated\">\n\t\t\t\t\t\t<div class=\"elementor-element elementor-element-72e3a00 elementor-widget elementor-widget-text-editor\" data-id=\"72e3a00\" data-element_type=\"widget\" data-e-type=\"widget\" data-widget_type=\"text-editor.default\">\n\t\t\t\t<div class=\"elementor-widget-container\">\n\t\t\t\t\t\t\t\t\t<section style=\"font-family: 'Basic', sans-serif; color: #222; line-height: 1.6;\">\n<h2 style=\"font-size: 18px; font-weight: bold; color: #222;\">Praca biurowa w Holandii &#8211; umiej\u0119tno\u015bci i wymagania pracodawc\u00f3w<\/h2>\n<p style=\"font-size: 15px;\">NFA Recruitment \u0142\u0105czy holenderskich pracodawc\u00f3w z do\u015bwiadczonymi specjalistami ds. administracji, HR i finans\u00f3w z Polski, Rumunii i Bu\u0142garii. Pomagamy firmom znale\u017a\u0107 odpowiednie talenty w promieniu 100 km od Amsterdamu. <\/p>\n<h3 style=\"font-size: 18px; font-weight: bold; color: #004085;\">Umiej\u0119tno\u015bci wymagane na stanowiskach biurowych<\/h3>\n<ul style=\"list-style-type: none; padding-left: 0; font-size: 15px;\">\n<li style=\"padding: 4px 0;\"><strong>Administracja:<\/strong> Zarz\u0105dzanie danymi, dokumentacja, tworzenie harmonogram\u00f3w i komunikacja z klientami.<\/li>\n<li style=\"padding: 4px 0;\"><strong>Kadry i p\u0142ace:<\/strong> Rekrutacja, zarz\u0105dzanie personelem, listy p\u0142ac i zgodno\u015b\u0107 z przepisami.<\/li>\n<li style=\"padding: 4px 0;\"><strong>Finanse:<\/strong> ksi\u0119gowo\u015b\u0107, fakturowanie, bud\u017cetowanie i analiza finansowa.<\/li>\n<li style=\"padding: 4px 0;\"><strong>Oprogramowanie i ERP:<\/strong> Do\u015bwiadczenie z SAP, AFAS i Exact Online.<\/li>\n<\/ul>\n<h3 style=\"font-size: 18px; font-weight: bold; color: #004085;\">Dlaczego pracodawcy wybieraj\u0105 NFA Recruitment?<\/h3>\n<ul style=\"list-style-type: none; padding-left: 0; font-size: 15px;\">\n<li style=\"padding: 4px 0;\">Wst\u0119pnie sprawdzeni i wykwalifikowani kandydaci z zagranicy<\/li>\n<li style=\"padding: 4px 0;\">Dwuj\u0119zyczni specjali\u015bci (niderlandzki\/angielski)<\/li>\n<li style=\"padding: 4px 0;\">Szybkie i wydajne procesy rekrutacyjne<\/li>\n<li style=\"padding: 4px 0;\">Rozwi\u0105zania rekrutacyjne dostosowane do potrzeb pracodawc\u00f3w w regionie Amsterdamu<\/li>\n<\/ul>\n<\/section>\t\t\t\t\t\t\t\t<\/div>\n\t\t\t\t<\/div>\n\t\t\t\t\t<\/div>\n\t\t<\/div>\n\t\t\t\t\t<\/div>\n\t\t<\/section>\n\t\t\t\t<section class=\"elementor-section elementor-top-section elementor-element elementor-element-7956a5b elementor-section-boxed elementor-section-height-default elementor-section-height-default\" data-id=\"7956a5b\" data-element_type=\"section\" data-e-type=\"section\" data-settings=\"{&quot;background_background&quot;:&quot;classic&quot;}\">\n\t\t\t\t\t\t<div class=\"elementor-container elementor-column-gap-default\">\n\t\t\t\t\t<div class=\"elementor-column elementor-col-100 elementor-top-column elementor-element elementor-element-16f2476\" data-id=\"16f2476\" data-element_type=\"column\" data-e-type=\"column\">\n\t\t\t<div class=\"elementor-widget-wrap elementor-element-populated\">\n\t\t\t\t\t\t\t<\/div>\n\t\t<\/div>\n\t\t\t\t\t<\/div>\n\t\t<\/section>\n\t\t\t\t<section class=\"elementor-section elementor-top-section elementor-element elementor-element-30e60f4 elementor-section-boxed elementor-section-height-default elementor-section-height-default\" data-id=\"30e60f4\" data-element_type=\"section\" data-e-type=\"section\" data-settings=\"{&quot;background_background&quot;:&quot;classic&quot;}\">\n\t\t\t\t\t\t<div class=\"elementor-container elementor-column-gap-default\">\n\t\t\t\t\t<div class=\"elementor-column elementor-col-100 elementor-top-column elementor-element elementor-element-01e8ae4\" data-id=\"01e8ae4\" data-element_type=\"column\" data-e-type=\"column\">\n\t\t\t<div class=\"elementor-widget-wrap elementor-element-populated\">\n\t\t\t\t\t\t<div class=\"elementor-element elementor-element-5509ed7 elementor-widget elementor-widget-spacer\" data-id=\"5509ed7\" data-element_type=\"widget\" data-e-type=\"widget\" data-widget_type=\"spacer.default\">\n\t\t\t\t<div class=\"elementor-widget-container\">\n\t\t\t\t\t\t\t<div class=\"elementor-spacer\">\n\t\t\t<div class=\"elementor-spacer-inner\"><\/div>\n\t\t<\/div>\n\t\t\t\t\t\t<\/div>\n\t\t\t\t<\/div>\n\t\t\t\t\t<\/div>\n\t\t<\/div>\n\t\t\t\t\t<\/div>\n\t\t<\/section>\n\t\t\t\t<\/div>\n\t\t","protected":false},"excerpt":{"rendered":"<p>Praca biurowa w Holandii &#8211; umiej\u0119tno\u015bci i wymagania pracodawc\u00f3w NFA Recruitment \u0142\u0105czy holenderskich pracodawc\u00f3w z do\u015bwiadczonymi specjalistami ds. administracji, HR i finans\u00f3w z Polski, Rumunii [&hellip;]<\/p>\n","protected":false},"author":1,"featured_media":0,"parent":0,"menu_order":0,"comment_status":"closed","ping_status":"closed","template":"","meta":{"_acf_changed":false,"footnotes":""},"class_list":["post-3061","page","type-page","status-publish","hentry"],"acf":[],"_links":{"self":[{"href":"https:\/\/nfa-recruitment.nl\/pl\/wp-json\/wp\/v2\/pages\/3061","targetHints":{"allow":["GET"]}}],"collection":[{"href":"https:\/\/nfa-recruitment.nl\/pl\/wp-json\/wp\/v2\/pages"}],"about":[{"href":"https:\/\/nfa-recruitment.nl\/pl\/wp-json\/wp\/v2\/types\/page"}],"author":[{"embeddable":true,"href":"https:\/\/nfa-recruitment.nl\/pl\/wp-json\/wp\/v2\/users\/1"}],"replies":[{"embeddable":true,"href":"https:\/\/nfa-recruitment.nl\/pl\/wp-json\/wp\/v2\/comments?post=3061"}],"version-history":[{"count":2,"href":"https:\/\/nfa-recruitment.nl\/pl\/wp-json\/wp\/v2\/pages\/3061\/revisions"}],"predecessor-version":[{"id":3451,"href":"https:\/\/nfa-recruitment.nl\/pl\/wp-json\/wp\/v2\/pages\/3061\/revisions\/3451"}],"wp:attachment":[{"href":"https:\/\/nfa-recruitment.nl\/pl\/wp-json\/wp\/v2\/media?parent=3061"}],"curies":[{"name":"wp","href":"https:\/\/api.w.org\/{rel}","templated":true}]}}