{"id":3065,"date":"2024-09-03T07:24:15","date_gmt":"2024-09-03T07:24:15","guid":{"rendered":"https:\/\/nfa-recruitment.nl\/sektor-logistyczny\/"},"modified":"2025-03-25T12:33:43","modified_gmt":"2025-03-25T12:33:43","slug":"logistieke-sector","status":"publish","type":"page","link":"https:\/\/nfa-recruitment.nl\/pl\/logistieke-sector\/","title":{"rendered":"Sektor logistyczny"},"content":{"rendered":"\t\t<div data-elementor-type=\"wp-page\" data-elementor-id=\"3065\" class=\"elementor elementor-3065 elementor-1834\" data-elementor-post-type=\"page\">\n\t\t\t\t\t\t<section class=\"elementor-section elementor-top-section elementor-element elementor-element-782efb9 elementor-section-full_width elementor-section-height-min-height elementor-section-height-default elementor-section-items-middle\" data-id=\"782efb9\" data-element_type=\"section\" data-e-type=\"section\" data-settings=\"{&quot;background_background&quot;:&quot;classic&quot;}\">\n\t\t\t\t\t\t<div class=\"elementor-container elementor-column-gap-no\">\n\t\t\t\t\t<div class=\"elementor-column elementor-col-100 elementor-top-column elementor-element elementor-element-0df863f\" data-id=\"0df863f\" data-element_type=\"column\" data-e-type=\"column\">\n\t\t\t<div class=\"elementor-widget-wrap\">\n\t\t\t\t\t\t\t<\/div>\n\t\t<\/div>\n\t\t\t\t\t<\/div>\n\t\t<\/section>\n\t\t\t\t<section class=\"elementor-section elementor-top-section elementor-element elementor-element-1d3cc50 elementor-section-boxed elementor-section-height-default elementor-section-height-default\" data-id=\"1d3cc50\" data-element_type=\"section\" data-e-type=\"section\" data-settings=\"{&quot;background_background&quot;:&quot;classic&quot;}\">\n\t\t\t\t\t\t<div class=\"elementor-container elementor-column-gap-default\">\n\t\t\t\t\t<div class=\"elementor-column elementor-col-100 elementor-top-column elementor-element elementor-element-a7d2ae2\" data-id=\"a7d2ae2\" data-element_type=\"column\" data-e-type=\"column\">\n\t\t\t<div class=\"elementor-widget-wrap elementor-element-populated\">\n\t\t\t\t\t\t<div class=\"elementor-element elementor-element-b13a281 elementor-widget elementor-widget-theme-post-title elementor-page-title elementor-widget-heading\" data-id=\"b13a281\" data-element_type=\"widget\" data-e-type=\"widget\" data-widget_type=\"theme-post-title.default\">\n\t\t\t\t<div class=\"elementor-widget-container\">\n\t\t\t\t\t<h1 class=\"elementor-heading-title elementor-size-default\">Sektor logistyczny<\/h1>\t\t\t\t<\/div>\n\t\t\t\t<\/div>\n\t\t\t\t\t<\/div>\n\t\t<\/div>\n\t\t\t\t\t<\/div>\n\t\t<\/section>\n\t\t\t\t<section class=\"elementor-section elementor-top-section elementor-element elementor-element-c2daba1 elementor-section-boxed elementor-section-height-default elementor-section-height-default\" data-id=\"c2daba1\" data-element_type=\"section\" data-e-type=\"section\">\n\t\t\t\t\t\t<div class=\"elementor-container elementor-column-gap-default\">\n\t\t\t\t\t<div class=\"elementor-column elementor-col-100 elementor-top-column elementor-element elementor-element-6b15b85\" data-id=\"6b15b85\" data-element_type=\"column\" data-e-type=\"column\">\n\t\t\t<div class=\"elementor-widget-wrap elementor-element-populated\">\n\t\t\t\t\t\t<div class=\"elementor-element elementor-element-52bfb2b elementor-widget elementor-widget-text-editor\" data-id=\"52bfb2b\" data-element_type=\"widget\" data-e-type=\"widget\" data-widget_type=\"text-editor.default\">\n\t\t\t\t<div class=\"elementor-widget-container\">\n\t\t\t\t\t\t\t\t\t<h1 style=\"font-size: 24px; line-height: 1.5; color: #3e3d3d; font-weight: bold;\"><span style=\"vertical-align: inherit;\"><span style=\"vertical-align: inherit;\">Sektor logistyczny: mo\u017cliwo\u015bci kariery w Holandii<\/span><\/span><\/h1>\n<p style=\"color: #3e3d3d;\"><span style=\"vertical-align: inherit;\"><span style=\"vertical-align: inherit;\">Sektor logistyczny w Holandii oferuje wiele mo\u017cliwo\u015bci kariery dla zmotywowanych profesjonalist\u00f3w. Niezale\u017cnie od tego, czy dopiero zaczynasz, czy masz ju\u017c do\u015bwiadczenie, NFA Recruitment pomo\u017ce Ci znale\u017a\u0107 idealn\u0105 rol\u0119 w dynamicznie rozwijaj\u0105cej si\u0119 bran\u017cy logistycznej. Dzi\u0119ki rozleg\u0142ej sieci wiod\u0105cych firm w Holandii oferujemy dost\u0119p do ambitnych i dobrze p\u0142atnych wakat\u00f3w na r\u00f3\u017cnych stanowiskach logistycznych, od planist\u00f3w transportu po pracownik\u00f3w importu i eksportu.  <\/span><\/span><\/p>\n<h2 style=\"font-size: 20px; line-height: 1.5; color: #3e3d3d; font-weight: bold;\"><span style=\"vertical-align: inherit;\"><span style=\"vertical-align: inherit;\">Dlaczego warto pracowa\u0107 w sektorze logistyki?<\/span><\/span><\/h2>\n<p style=\"color: #3e3d3d;\"><span style=\"vertical-align: inherit;\"><span style=\"vertical-align: inherit;\">Sektor logistyczny jest wa\u017cn\u0105 cz\u0119\u015bci\u0105 holenderskiej gospodarki i oferuje szeroki wachlarz mo\u017cliwo\u015bci zar\u00f3wno dla nowicjuszy, jak i do\u015bwiadczonych profesjonalist\u00f3w. Praca w logistyce oznacza przyczynianie si\u0119 do p\u0142ynnego przep\u0142ywu towar\u00f3w, transportu i zarz\u0105dzania zapasami. Od frachtu lotniczego po transport drogowy, logistyka odgrywa kluczow\u0105 rol\u0119 w \u0142\u0105czeniu firm z klientami na ca\u0142ym \u015bwiecie.  <\/span><\/span><\/p>\n<p style=\"color: #3e3d3d;\"><span style=\"vertical-align: inherit;\"><span style=\"vertical-align: inherit;\">Jest to szybko rozwijaj\u0105ca si\u0119 bran\u017ca, kt\u00f3ra ka\u017cdego dnia zapewnia zr\u00f3\u017cnicowane i wymagaj\u0105ce zadania. Jako specjalista ds. logistyki jeste\u015b integraln\u0105 cz\u0119\u015bci\u0105 globalnej sieci, kt\u00f3ra zapewnia, \u017ce towary docieraj\u0105 do miejsca przeznaczenia na czas i skutecznie. <\/span><\/span><\/p>\n<h2 style=\"font-size: 20px; line-height: 1.5; color: #3e3d3d; font-weight: bold;\"><span style=\"vertical-align: inherit;\"><span style=\"vertical-align: inherit;\">Popularne oferty pracy w sektorze logistyki<\/span><\/span><\/h2>\n<p style=\"color: #3e3d3d;\"><span style=\"vertical-align: inherit;\"><span style=\"vertical-align: inherit;\">W NFA Recruitment oferujemy r\u00f3\u017cne wakaty w sektorze logistycznym. Niekt\u00f3re popularne stanowiska, kt\u00f3re mamy dost\u0119pne to: <\/span><\/span><\/p>\n<ul style=\"color: #3e3d3d;\">\n<li><strong><span style=\"vertical-align: inherit;\"><span style=\"vertical-align: inherit;\">Planista transportu:<\/span><\/span><\/strong><span style=\"vertical-align: inherit;\"><span style=\"vertical-align: inherit;\"> Koordynacja i optymalizacja transportu towar\u00f3w w ramach \u0142a\u0144cucha dostaw.<\/span><\/span><\/li>\n<li><strong><span style=\"vertical-align: inherit;\"><span style=\"vertical-align: inherit;\">Kurier pok\u0142adowy:<\/span><\/span><\/strong><span style=\"vertical-align: inherit;\"><span style=\"vertical-align: inherit;\"> Zarz\u0105dzaj i realizuj krytyczne zadania transportowe w skali lokalnej i mi\u0119dzynarodowej.<\/span><\/span><\/li>\n<li><strong><span style=\"vertical-align: inherit;\"><span style=\"vertical-align: inherit;\">Specjalista ds. importu i eksportu:<\/span><\/span><\/strong><span style=\"vertical-align: inherit;\"><span style=\"vertical-align: inherit;\"> Odpowiedzialny za prawid\u0142ow\u0105 obs\u0142ug\u0119 przesy\u0142ek mi\u0119dzynarodowych i dokumentacji celnej.<\/span><\/span><\/li>\n<li><strong><span style=\"vertical-align: inherit;\"><span style=\"vertical-align: inherit;\">Koordynator ds. logistyki:<\/span><\/span><\/strong><span style=\"vertical-align: inherit;\"><span style=\"vertical-align: inherit;\"> Nadzorowanie proces\u00f3w logistycznych i poprawa wydajno\u015bci w magazynach.<\/span><\/span><\/li>\n<\/ul>\n<h2 style=\"font-size: 20px; line-height: 1.5; color: #3e3d3d; font-weight: bold;\"><span style=\"vertical-align: inherit;\"><span style=\"vertical-align: inherit;\">Dlaczego warto wybra\u0107 NFA Recruitment?<\/span><\/span><\/h2>\n<p style=\"color: #3e3d3d;\"><span style=\"vertical-align: inherit;\"><span style=\"vertical-align: inherit;\">W NFA Recruitment rozumiemy specyficzne potrzeby sektora logistycznego. Oto dlaczego warto z nami pracowa\u0107: <\/span><\/span><\/p>\n<ul style=\"color: #3e3d3d;\">\n<li><strong><span style=\"vertical-align: inherit;\"><span style=\"vertical-align: inherit;\">Szeroki zakres ofert pracy:<\/span><\/span><\/strong><span style=\"vertical-align: inherit;\"><span style=\"vertical-align: inherit;\"> Dost\u0119p do licznych ofert pracy w bran\u017cy logistycznej w najlepszych firmach w Holandii.<\/span><\/span><\/li>\n<li><strong><span style=\"vertical-align: inherit;\"><span style=\"vertical-align: inherit;\">Osobiste wsparcie:<\/span><\/span><\/strong><span style=\"vertical-align: inherit;\"><span style=\"vertical-align: inherit;\"> Przeprowadzimy Ci\u0119 przez ca\u0142y proces znalezienia odpowiedniego dopasowania do Twoich umiej\u0119tno\u015bci.<\/span><\/span><\/li>\n<li><strong><span style=\"vertical-align: inherit;\"><span style=\"vertical-align: inherit;\">Mo\u017cliwo\u015bci szkoleniowe:<\/span><\/span><\/strong><span style=\"vertical-align: inherit;\"><span style=\"vertical-align: inherit;\"> Oferujemy specjalistyczne szkolenia i kursy, takie jak uprawnienia na w\u00f3zki wid\u0142owe i ci\u0119\u017car\u00f3wki.<\/span><\/span><\/li>\n<\/ul>\n<h2 style=\"font-size: 20px; line-height: 1.5; color: #3e3d3d; font-weight: bold;\"><span style=\"vertical-align: inherit;\"><span style=\"vertical-align: inherit;\">Rozpocznij karier\u0119 w logistyce ju\u017c dzi\u015b<\/span><\/span><\/h2>\n<p style=\"color: #3e3d3d;\"><span style=\"vertical-align: inherit;\"><span style=\"vertical-align: inherit;\">Czy jeste\u015b gotowy, aby zrobi\u0107 kolejny krok w swojej karierze w sektorze logistycznym? Skontaktuj si\u0119 z NFA Recruitment, aby pozna\u0107 oferty pracy, kt\u00f3re najlepiej odpowiadaj\u0105 Twoim umiej\u0119tno\u015bciom i ambicjom. Nie tylko pomo\u017cemy Ci znale\u017a\u0107 odpowiedni\u0105 prac\u0119, ale tak\u017ce wesprzemy Ci\u0119 niezb\u0119dnymi szkoleniami i certyfikatami.  <\/span><\/span><\/p>\n<p style=\"color: #3e3d3d;\"><span style=\"vertical-align: inherit;\"><span style=\"vertical-align: inherit;\">Nie czekaj d\u0142u\u017cej &#8211; sektor logistyczny oferuje wiele mo\u017cliwo\u015bci dla Ciebie!<\/span><\/span><\/p>\n<h2 style=\"font-size: 20px; line-height: 1.5; color: #3e3d3d; font-weight: bold;\"><span style=\"vertical-align: inherit;\"><span style=\"vertical-align: inherit;\">Aplikuj teraz lub wy\u015blij otwart\u0105 aplikacj\u0119<\/span><\/span><\/h2>\n<p style=\"color: #3e3d3d;\"><span style=\"vertical-align: inherit;\"><span style=\"vertical-align: inherit;\">Je\u015bli nie mo\u017cesz znale\u017a\u0107 odpowiedniego wakatu, mo\u017cesz przes\u0142a\u0107 otwart\u0105 aplikacj\u0119 wraz ze swoim CV do NFA Recruitment. Zachowamy Twoje dane i skontaktujemy si\u0119 z Tob\u0105, gdy tylko odpowiednie stanowisko stanie si\u0119 dost\u0119pne. <\/span><\/span><\/p>\n<p style=\"color: #3e3d3d;\"><span style=\"vertical-align: inherit;\"><span style=\"vertical-align: inherit;\">Odkryj wiele mo\u017cliwo\u015bci kariery w logistyce i sta\u0144 si\u0119 cz\u0119\u015bci\u0105 szybko rozwijaj\u0105cej si\u0119 bran\u017cy!<\/span><\/span><\/p>\n\t\t\t\t\t\t\t\t<\/div>\n\t\t\t\t<\/div>\n\t\t\t\t\t<\/div>\n\t\t<\/div>\n\t\t\t\t\t<\/div>\n\t\t<\/section>\n\t\t\t\t<section class=\"elementor-section elementor-top-section elementor-element elementor-element-bea9ed1 elementor-section-boxed elementor-section-height-default elementor-section-height-default\" data-id=\"bea9ed1\" data-element_type=\"section\" data-e-type=\"section\" data-settings=\"{&quot;background_background&quot;:&quot;classic&quot;}\">\n\t\t\t\t\t\t<div class=\"elementor-container elementor-column-gap-default\">\n\t\t\t\t\t<div class=\"elementor-column elementor-col-100 elementor-top-column elementor-element elementor-element-2754fdf\" data-id=\"2754fdf\" data-element_type=\"column\" data-e-type=\"column\">\n\t\t\t<div class=\"elementor-widget-wrap elementor-element-populated\">\n\t\t\t\t\t\t\t<\/div>\n\t\t<\/div>\n\t\t\t\t\t<\/div>\n\t\t<\/section>\n\t\t\t\t<section class=\"elementor-section elementor-top-section elementor-element elementor-element-6cc823f elementor-section-boxed elementor-section-height-default elementor-section-height-default\" data-id=\"6cc823f\" data-element_type=\"section\" data-e-type=\"section\" data-settings=\"{&quot;background_background&quot;:&quot;classic&quot;}\">\n\t\t\t\t\t\t<div class=\"elementor-container elementor-column-gap-default\">\n\t\t\t\t\t<div class=\"elementor-column elementor-col-100 elementor-top-column elementor-element elementor-element-7658e2b\" data-id=\"7658e2b\" data-element_type=\"column\" data-e-type=\"column\">\n\t\t\t<div class=\"elementor-widget-wrap elementor-element-populated\">\n\t\t\t\t\t\t<div class=\"elementor-element elementor-element-04097e3 elementor-widget elementor-widget-spacer\" data-id=\"04097e3\" data-element_type=\"widget\" data-e-type=\"widget\" data-widget_type=\"spacer.default\">\n\t\t\t\t<div class=\"elementor-widget-container\">\n\t\t\t\t\t\t\t<div class=\"elementor-spacer\">\n\t\t\t<div class=\"elementor-spacer-inner\"><\/div>\n\t\t<\/div>\n\t\t\t\t\t\t<\/div>\n\t\t\t\t<\/div>\n\t\t\t\t\t<\/div>\n\t\t<\/div>\n\t\t\t\t\t<\/div>\n\t\t<\/section>\n\t\t\t\t<\/div>\n\t\t","protected":false},"excerpt":{"rendered":"<p>Sektor logistyczny: mo\u017cliwo\u015bci kariery w Holandii Sektor logistyczny w Holandii oferuje wiele mo\u017cliwo\u015bci kariery dla zmotywowanych profesjonalist\u00f3w. Niezale\u017cnie od tego, czy dopiero zaczynasz, czy masz [&hellip;]<\/p>\n","protected":false},"author":1,"featured_media":0,"parent":0,"menu_order":0,"comment_status":"closed","ping_status":"closed","template":"","meta":{"_acf_changed":false,"footnotes":""},"class_list":["post-3065","page","type-page","status-publish","hentry"],"acf":[],"_links":{"self":[{"href":"https:\/\/nfa-recruitment.nl\/pl\/wp-json\/wp\/v2\/pages\/3065","targetHints":{"allow":["GET"]}}],"collection":[{"href":"https:\/\/nfa-recruitment.nl\/pl\/wp-json\/wp\/v2\/pages"}],"about":[{"href":"https:\/\/nfa-recruitment.nl\/pl\/wp-json\/wp\/v2\/types\/page"}],"author":[{"embeddable":true,"href":"https:\/\/nfa-recruitment.nl\/pl\/wp-json\/wp\/v2\/users\/1"}],"replies":[{"embeddable":true,"href":"https:\/\/nfa-recruitment.nl\/pl\/wp-json\/wp\/v2\/comments?post=3065"}],"version-history":[{"count":4,"href":"https:\/\/nfa-recruitment.nl\/pl\/wp-json\/wp\/v2\/pages\/3065\/revisions"}],"predecessor-version":[{"id":3929,"href":"https:\/\/nfa-recruitment.nl\/pl\/wp-json\/wp\/v2\/pages\/3065\/revisions\/3929"}],"wp:attachment":[{"href":"https:\/\/nfa-recruitment.nl\/pl\/wp-json\/wp\/v2\/media?parent=3065"}],"curies":[{"name":"wp","href":"https:\/\/api.w.org\/{rel}","templated":true}]}}