{"id":3077,"date":"2024-09-03T07:24:15","date_gmt":"2024-09-03T07:24:15","guid":{"rendered":"https:\/\/nfa-recruitment.nl\/sektor-produkcyjny\/"},"modified":"2025-03-25T12:19:21","modified_gmt":"2025-03-25T12:19:21","slug":"sektor-produkcyjny","status":"publish","type":"page","link":"https:\/\/nfa-recruitment.nl\/pl\/sektor-produkcyjny\/","title":{"rendered":"Sektor produkcyjny"},"content":{"rendered":"\t\t<div data-elementor-type=\"wp-page\" data-elementor-id=\"3077\" class=\"elementor elementor-3077 elementor-777\" data-elementor-post-type=\"page\">\n\t\t\t\t\t\t<section class=\"elementor-section elementor-top-section elementor-element elementor-element-0e3d2f3 elementor-section-full_width elementor-section-height-min-height elementor-section-height-default elementor-section-items-middle\" data-id=\"0e3d2f3\" data-element_type=\"section\" data-e-type=\"section\" data-settings=\"{&quot;background_background&quot;:&quot;classic&quot;}\">\n\t\t\t\t\t\t<div class=\"elementor-container elementor-column-gap-no\">\n\t\t\t\t\t<div class=\"elementor-column elementor-col-100 elementor-top-column elementor-element elementor-element-d4d7375\" data-id=\"d4d7375\" data-element_type=\"column\" data-e-type=\"column\">\n\t\t\t<div class=\"elementor-widget-wrap\">\n\t\t\t\t\t\t\t<\/div>\n\t\t<\/div>\n\t\t\t\t\t<\/div>\n\t\t<\/section>\n\t\t\t\t<section class=\"elementor-section elementor-top-section elementor-element elementor-element-8fa743a elementor-section-boxed elementor-section-height-default elementor-section-height-default\" data-id=\"8fa743a\" data-element_type=\"section\" data-e-type=\"section\" data-settings=\"{&quot;background_background&quot;:&quot;classic&quot;}\">\n\t\t\t\t\t\t<div class=\"elementor-container elementor-column-gap-default\">\n\t\t\t\t\t<div class=\"elementor-column elementor-col-100 elementor-top-column elementor-element elementor-element-4c85354\" data-id=\"4c85354\" data-element_type=\"column\" data-e-type=\"column\">\n\t\t\t<div class=\"elementor-widget-wrap elementor-element-populated\">\n\t\t\t\t\t\t<div class=\"elementor-element elementor-element-511accd elementor-widget elementor-widget-theme-post-title elementor-page-title elementor-widget-heading\" data-id=\"511accd\" data-element_type=\"widget\" data-e-type=\"widget\" data-widget_type=\"theme-post-title.default\">\n\t\t\t\t<div class=\"elementor-widget-container\">\n\t\t\t\t\t<h1 class=\"elementor-heading-title elementor-size-default\">Sektor produkcyjny<\/h1>\t\t\t\t<\/div>\n\t\t\t\t<\/div>\n\t\t\t\t\t<\/div>\n\t\t<\/div>\n\t\t\t\t\t<\/div>\n\t\t<\/section>\n\t\t\t\t<section class=\"elementor-section elementor-top-section elementor-element elementor-element-3ebf9e2 elementor-section-boxed elementor-section-height-default elementor-section-height-default\" data-id=\"3ebf9e2\" data-element_type=\"section\" data-e-type=\"section\">\n\t\t\t\t\t\t<div class=\"elementor-container elementor-column-gap-default\">\n\t\t\t\t\t<div class=\"elementor-column elementor-col-100 elementor-top-column elementor-element elementor-element-abfe621\" data-id=\"abfe621\" data-element_type=\"column\" data-e-type=\"column\">\n\t\t\t<div class=\"elementor-widget-wrap elementor-element-populated\">\n\t\t\t\t\t\t<div class=\"elementor-element elementor-element-9c67eff elementor-widget elementor-widget-text-editor\" data-id=\"9c67eff\" data-element_type=\"widget\" data-e-type=\"widget\" data-widget_type=\"text-editor.default\">\n\t\t\t\t<div class=\"elementor-widget-container\">\n\t\t\t\t\t\t\t\t\t<h1 style=\"font-size: 20px; font-weight: bold; color: #333;\">Odkryj mo\u017cliwo\u015bci i korzy\u015bci w sektorze produkcyjnym dzi\u0119ki NFA Recruitment<\/h1>\n<p style=\"font-size: 16px; color: #555;\">W <strong>NFA Recruitment<\/strong> \u0142\u0105czymy wykwalifikowanych specjalist\u00f3w z wiod\u0105cymi pracodawcami w sektorze <strong>produkcyjnym<\/strong> w Holandii. Niezale\u017cnie od tego, czy jeste\u015b pracodawc\u0105 poszukuj\u0105cym wykwalifikowanych talent\u00f3w, czy osob\u0105 poszukuj\u0105c\u0105 pracy w poszukiwaniu nowych mo\u017cliwo\u015bci, oferujemy rozwi\u0105zania dostosowane do wszystkich Twoich potrzeb rekrutacyjnych. <\/p>\n\n<h2 style=\"font-size: 20px; font-weight: bold; color: #333;\">Dlaczego warto wybra\u0107 NFA Recruitment?<\/h2>\n<p style=\"font-size: 16px; color: #555;\"><strong>Do\u015bwiadczenie w bran\u017cy produkcyjnej:<\/strong> Koncentruj\u0105c si\u0119 wy\u0142\u0105cznie na <strong>bran\u017cy produkcyjnej<\/strong>, posiadamy dog\u0142\u0119bn\u0105 wiedz\u0119 na temat wymaga\u0144 tego sektora, co umo\u017cliwia nam znalezienie najlepszych talent\u00f3w spe\u0142niaj\u0105cych okre\u015blone potrzeby.<\/p>\n<p style=\"font-size: 16px; color: #555;\"><strong>Rozwi\u0105zania rekrutacyjne szyte na miar\u0119:<\/strong> Oferujemy dostosowane do potrzeb strategie rekrutacyjne, kt\u00f3re \u0142\u0105cz\u0105 pracodawc\u00f3w z niezawodnymi pracownikami i osobami poszukuj\u0105cymi pracy z odpowiednimi stanowiskami w <strong>produkcji<\/strong>, <strong>monta\u017cu<\/strong>, <strong>logistyce<\/strong> i nie tylko.<\/p>\n<p style=\"font-size: 16px; color: #555;\"><strong>Konkurencyjne wynagrodzenia i benefity:<\/strong> Zapewniamy, \u017ce osoby poszukuj\u0105ce pracy otrzymuj\u0105 <strong>atrakcyjne oferty wynagrodze\u0144<\/strong> i \u015bwiadcze\u0144, podczas gdy pracodawcy uzyskuj\u0105 dost\u0119p do wykwalifikowanych specjalist\u00f3w gotowych do wywierania wp\u0142ywu.<\/p>\n\n<h2 style=\"font-size: 20px; font-weight: bold; color: #333;\">Dla pracodawc\u00f3w<\/h2>\n<p style=\"font-size: 16px; color: #555;\">Specjalizujemy si\u0119 w rekrutacji <strong>wykwalifikowanych pracownik\u00f3w<\/strong> na stanowiska zwi\u0105zane z <strong>produkcj\u0105<\/strong>, <strong>monta\u017cem<\/strong>, <strong>logistyk\u0105<\/strong> i <strong>zarz\u0105dzaniem magazynem<\/strong>. Niezale\u017cnie od tego, czy szukasz pracownik\u00f3w tymczasowych, sta\u0142ych czy sezonowych, dostarczamy odpowiednich kandydat\u00f3w, aby spe\u0142ni\u0107 Twoje potrzeby produkcyjne. <\/p>\n\n<h2 style=\"font-size: 20px; font-weight: bold; color: #333;\">Dla os\u00f3b poszukuj\u0105cych pracy<\/h2>\n<p style=\"font-size: 16px; color: #555;\">Oferujemy r\u00f3\u017cnorodne <strong>stanowiska<\/strong> <strong>produkcyjne<\/strong> i <strong>monta\u017cowe<\/strong> z konkurencyjnymi wynagrodzeniami i \u015bwiadczeniami, zapewniaj\u0105ce satysfakcjonuj\u0105c\u0105 karier\u0119 w <strong>bran\u017cy produkcyjnej<\/strong>.<\/p>\n\n<h3 style=\"font-size: 18px; font-weight: bold; color: #333;\">Skontaktuj si\u0119 z NFA Recruitment ju\u017c dzi\u015b<\/h3>\n<p style=\"font-size: 16px; color: #555;\">Odkryj najlepsze mo\u017cliwo\u015bci lub znajd\u017a najlepsze talenty <strong>produkcyjne<\/strong> w Holandii, kontaktuj\u0105c si\u0119 z <a style=\"color: #007bff; text-decoration: none; font-weight: bold;\" href=\"https:\/\/nfa-recruitment.nl\/pl\/skontaktuj-sie-z-nami\/\">NFA Recruitment ju\u017c dzi\u015b<\/a>.<\/p>\n\t\t\t\t\t\t\t\t<\/div>\n\t\t\t\t<\/div>\n\t\t\t\t\t<\/div>\n\t\t<\/div>\n\t\t\t\t\t<\/div>\n\t\t<\/section>\n\t\t\t\t<section class=\"elementor-section elementor-top-section elementor-element elementor-element-0438343 elementor-section-boxed elementor-section-height-default elementor-section-height-default\" data-id=\"0438343\" data-element_type=\"section\" data-e-type=\"section\" data-settings=\"{&quot;background_background&quot;:&quot;classic&quot;}\">\n\t\t\t\t\t\t<div class=\"elementor-container elementor-column-gap-default\">\n\t\t\t\t\t<div class=\"elementor-column elementor-col-100 elementor-top-column elementor-element elementor-element-582f5d4\" data-id=\"582f5d4\" data-element_type=\"column\" data-e-type=\"column\">\n\t\t\t<div class=\"elementor-widget-wrap elementor-element-populated\">\n\t\t\t\t\t\t\t<\/div>\n\t\t<\/div>\n\t\t\t\t\t<\/div>\n\t\t<\/section>\n\t\t\t\t<section class=\"elementor-section elementor-top-section elementor-element elementor-element-7541afa elementor-section-boxed elementor-section-height-default elementor-section-height-default\" data-id=\"7541afa\" data-element_type=\"section\" data-e-type=\"section\" data-settings=\"{&quot;background_background&quot;:&quot;classic&quot;}\">\n\t\t\t\t\t\t<div class=\"elementor-container elementor-column-gap-default\">\n\t\t\t\t\t<div class=\"elementor-column elementor-col-100 elementor-top-column elementor-element elementor-element-38a7c35\" data-id=\"38a7c35\" data-element_type=\"column\" data-e-type=\"column\">\n\t\t\t<div class=\"elementor-widget-wrap elementor-element-populated\">\n\t\t\t\t\t\t<div class=\"elementor-element elementor-element-a23d1e8 elementor-widget elementor-widget-spacer\" data-id=\"a23d1e8\" data-element_type=\"widget\" data-e-type=\"widget\" data-widget_type=\"spacer.default\">\n\t\t\t\t<div class=\"elementor-widget-container\">\n\t\t\t\t\t\t\t<div class=\"elementor-spacer\">\n\t\t\t<div class=\"elementor-spacer-inner\"><\/div>\n\t\t<\/div>\n\t\t\t\t\t\t<\/div>\n\t\t\t\t<\/div>\n\t\t\t\t\t<\/div>\n\t\t<\/div>\n\t\t\t\t\t<\/div>\n\t\t<\/section>\n\t\t\t\t<\/div>\n\t\t","protected":false},"excerpt":{"rendered":"<p>Odkryj mo\u017cliwo\u015bci i korzy\u015bci w sektorze produkcyjnym dzi\u0119ki NFA Recruitment W NFA Recruitment \u0142\u0105czymy wykwalifikowanych specjalist\u00f3w z wiod\u0105cymi pracodawcami w sektorze produkcyjnym w Holandii. Niezale\u017cnie [&hellip;]<\/p>\n","protected":false},"author":1,"featured_media":0,"parent":0,"menu_order":0,"comment_status":"closed","ping_status":"closed","template":"","meta":{"_acf_changed":false,"footnotes":""},"class_list":["post-3077","page","type-page","status-publish","hentry"],"acf":[],"_links":{"self":[{"href":"https:\/\/nfa-recruitment.nl\/pl\/wp-json\/wp\/v2\/pages\/3077","targetHints":{"allow":["GET"]}}],"collection":[{"href":"https:\/\/nfa-recruitment.nl\/pl\/wp-json\/wp\/v2\/pages"}],"about":[{"href":"https:\/\/nfa-recruitment.nl\/pl\/wp-json\/wp\/v2\/types\/page"}],"author":[{"embeddable":true,"href":"https:\/\/nfa-recruitment.nl\/pl\/wp-json\/wp\/v2\/users\/1"}],"replies":[{"embeddable":true,"href":"https:\/\/nfa-recruitment.nl\/pl\/wp-json\/wp\/v2\/comments?post=3077"}],"version-history":[{"count":1,"href":"https:\/\/nfa-recruitment.nl\/pl\/wp-json\/wp\/v2\/pages\/3077\/revisions"}],"predecessor-version":[{"id":3078,"href":"https:\/\/nfa-recruitment.nl\/pl\/wp-json\/wp\/v2\/pages\/3077\/revisions\/3078"}],"wp:attachment":[{"href":"https:\/\/nfa-recruitment.nl\/pl\/wp-json\/wp\/v2\/media?parent=3077"}],"curies":[{"name":"wp","href":"https:\/\/api.w.org\/{rel}","templated":true}]}}