{"id":3085,"date":"2024-09-03T07:24:15","date_gmt":"2024-09-03T07:24:15","guid":{"rendered":"https:\/\/nfa-recruitment.nl\/sektor-techniczny\/"},"modified":"2025-03-25T14:44:30","modified_gmt":"2025-03-25T14:44:30","slug":"technical-sector","status":"publish","type":"page","link":"https:\/\/nfa-recruitment.nl\/pl\/technical-sector\/","title":{"rendered":"Sektor techniczny"},"content":{"rendered":"\t\t<div data-elementor-type=\"wp-page\" data-elementor-id=\"3085\" class=\"elementor elementor-3085 elementor-766\" data-elementor-post-type=\"page\">\n\t\t\t\t\t\t<section class=\"elementor-section elementor-top-section elementor-element elementor-element-6996971 elementor-section-full_width elementor-section-height-min-height elementor-section-height-default elementor-section-items-middle\" data-id=\"6996971\" data-element_type=\"section\" data-e-type=\"section\" data-settings=\"{&quot;background_background&quot;:&quot;classic&quot;}\">\n\t\t\t\t\t\t<div class=\"elementor-container elementor-column-gap-no\">\n\t\t\t\t\t<div class=\"elementor-column elementor-col-100 elementor-top-column elementor-element elementor-element-be48c5f\" data-id=\"be48c5f\" data-element_type=\"column\" data-e-type=\"column\">\n\t\t\t<div class=\"elementor-widget-wrap\">\n\t\t\t\t\t\t\t<\/div>\n\t\t<\/div>\n\t\t\t\t\t<\/div>\n\t\t<\/section>\n\t\t\t\t<section class=\"elementor-section elementor-top-section elementor-element elementor-element-9792e12 elementor-section-boxed elementor-section-height-default elementor-section-height-default\" data-id=\"9792e12\" data-element_type=\"section\" data-e-type=\"section\" data-settings=\"{&quot;background_background&quot;:&quot;classic&quot;}\">\n\t\t\t\t\t\t<div class=\"elementor-container elementor-column-gap-default\">\n\t\t\t\t\t<div class=\"elementor-column elementor-col-100 elementor-top-column elementor-element elementor-element-0fba64f\" data-id=\"0fba64f\" data-element_type=\"column\" data-e-type=\"column\">\n\t\t\t<div class=\"elementor-widget-wrap elementor-element-populated\">\n\t\t\t\t\t\t<div class=\"elementor-element elementor-element-04f86b3 elementor-widget elementor-widget-theme-post-title elementor-page-title elementor-widget-heading\" data-id=\"04f86b3\" data-element_type=\"widget\" data-e-type=\"widget\" data-widget_type=\"theme-post-title.default\">\n\t\t\t\t<div class=\"elementor-widget-container\">\n\t\t\t\t\t<h1 class=\"elementor-heading-title elementor-size-default\">Sektor techniczny<\/h1>\t\t\t\t<\/div>\n\t\t\t\t<\/div>\n\t\t\t\t\t<\/div>\n\t\t<\/div>\n\t\t\t\t\t<\/div>\n\t\t<\/section>\n\t\t\t\t<section class=\"elementor-section elementor-top-section elementor-element elementor-element-cf3ae06 elementor-section-boxed elementor-section-height-default elementor-section-height-default\" data-id=\"cf3ae06\" data-element_type=\"section\" data-e-type=\"section\">\n\t\t\t\t\t\t<div class=\"elementor-container elementor-column-gap-default\">\n\t\t\t\t\t<div class=\"elementor-column elementor-col-100 elementor-top-column elementor-element elementor-element-834b1c6\" data-id=\"834b1c6\" data-element_type=\"column\" data-e-type=\"column\">\n\t\t\t<div class=\"elementor-widget-wrap elementor-element-populated\">\n\t\t\t\t\t\t<div class=\"elementor-element elementor-element-945b93f elementor-widget__width-initial elementor-widget elementor-widget-text-editor\" data-id=\"945b93f\" data-element_type=\"widget\" data-e-type=\"widget\" data-widget_type=\"text-editor.default\">\n\t\t\t\t<div class=\"elementor-widget-container\">\n\t\t\t\t\t\t\t\t\t<h2 style=\"font-family: Helvetica, Arial, sans-serif; font-size: 20px; font-weight: bold; color: #222; margin-bottom: 10px;\"><span style=\"vertical-align: inherit;\"><span style=\"vertical-align: inherit;\">Wakaty techniczne w Holandii &#8211; konserwacja, in\u017cynieria i obs\u0142uga maszyn<\/span><\/span><\/h2>\n<p style=\"font-family: Arial, sans-serif; font-size: 16px; color: #333; line-height: 1.6;\"><strong><span style=\"vertical-align: inherit;\"><span style=\"vertical-align: inherit;\">NFA Recruitment<\/span><\/span><\/strong><span style=\"vertical-align: inherit;\"><span style=\"vertical-align: inherit;\"> specjalizuje si\u0119 w <\/span><\/span><strong><span style=\"vertical-align: inherit;\"><span style=\"vertical-align: inherit;\">rekrutacja techniczna<\/span><\/span><\/strong><span style=\"vertical-align: inherit;\"><span style=\"vertical-align: inherit;\">  dla holenderskiego przemys\u0142u i sektora in\u017cynieryjnego. \u0141\u0105czymy pracodawc\u00f3w z   <\/span><\/span><strong><span style=\"vertical-align: inherit;\"><span style=\"vertical-align: inherit;\">do\u015bwiadczonych mechanik\u00f3w, in\u017cynier\u00f3w i operator\u00f3w maszyn<\/span><\/span><\/strong><span style=\"vertical-align: inherit;\"><span style=\"vertical-align: inherit;\"> aby zoptymalizowa\u0107 wydajno\u015b\u0107 hali produkcyjnej w zakresie <\/span><\/span><strong><span style=\"vertical-align: inherit;\"><span style=\"vertical-align: inherit;\">produkcji, konserwacji i in\u017cynierii<\/span><\/span><\/strong><span style=\"vertical-align: inherit;\"><span style=\"vertical-align: inherit;\">  . Nasze do\u015bwiadczenie zapewnia szybkie umieszczenie   <\/span><\/span><strong><span style=\"vertical-align: inherit;\"><span style=\"vertical-align: inherit;\">wykwalifikowanych specjalist\u00f3w technicznych<\/span><\/span><\/strong><span style=\"vertical-align: inherit;\"><span style=\"vertical-align: inherit;\"> aby firmy mog\u0142y rozwija\u0107 si\u0119 na konkurencyjnym rynku.<\/span><\/span><\/p>\n<h3 style=\"font-family: Helvetica, Arial, sans-serif; font-size: 20px; font-weight: bold; color: #004085; margin-bottom: 10px;\"><span style=\"vertical-align: inherit;\"><span style=\"vertical-align: inherit;\">Specjalizacje techniczne, do kt\u00f3rych rekrutujemy:<\/span><\/span><\/h3>\n<ul style=\"font-family: Arial, sans-serif; font-size: 16px; color: #333; line-height: 1.6; list-style-type: none; padding-left: 0;\">\n<li style=\"padding: 5px 0;\"><img decoding=\"async\" class=\"emoji\" role=\"img\" draggable=\"false\" src=\"https:\/\/s.w.org\/images\/core\/emoji\/15.0.3\/svg\/2714.svg\" alt=\"\u2714\"> <strong><span style=\"vertical-align: inherit;\"><span style=\"vertical-align: inherit;\">Technicy utrzymania ruchu:<\/span><\/span><\/strong><span style=\"vertical-align: inherit;\"><span style=\"vertical-align: inherit;\"> Naprawa i konserwacja maszyn, instalacji i linii produkcyjnych.<\/span><\/span><\/li>\n<li style=\"padding: 5px 0;\"><img decoding=\"async\" class=\"emoji\" role=\"img\" draggable=\"false\" src=\"https:\/\/s.w.org\/images\/core\/emoji\/15.0.3\/svg\/2714.svg\" alt=\"\u2714\"> <strong><span style=\"vertical-align: inherit;\"><span style=\"vertical-align: inherit;\">Specjali\u015bci ds. instalacji elektrycznych:<\/span><\/span><\/strong><span style=\"vertical-align: inherit;\"><span style=\"vertical-align: inherit;\"> Rozwi\u0105zywanie problem\u00f3w, instalacja i konserwacja system\u00f3w elektrycznych.<\/span><\/span><\/li>\n<li style=\"padding: 5px 0;\"><img decoding=\"async\" class=\"emoji\" role=\"img\" draggable=\"false\" src=\"https:\/\/s.w.org\/images\/core\/emoji\/15.0.3\/svg\/2714.svg\" alt=\"\u2714\"> <strong><span style=\"vertical-align: inherit;\"><span style=\"vertical-align: inherit;\">In\u017cynierowie mechanicy:<\/span><\/span><\/strong><span style=\"vertical-align: inherit;\"><span style=\"vertical-align: inherit;\"> Projektowanie, produkcja i optymalizacja konstrukcji mechanicznych.<\/span><\/span><\/li>\n<li style=\"padding: 5px 0;\"><img decoding=\"async\" class=\"emoji\" role=\"img\" draggable=\"false\" src=\"https:\/\/s.w.org\/images\/core\/emoji\/15.0.3\/svg\/2714.svg\" alt=\"\u2714\"> <strong><span style=\"vertical-align: inherit;\"><span style=\"vertical-align: inherit;\">Operatorzy maszyn:<\/span><\/span><\/strong><span style=\"vertical-align: inherit;\"><span style=\"vertical-align: inherit;\"> Ustawianie, obs\u0142uga i monitorowanie maszyn CNC i linii produkcyjnych.<\/span><\/span><\/li>\n<li style=\"padding: 5px 0;\"><img decoding=\"async\" class=\"emoji\" role=\"img\" draggable=\"false\" src=\"https:\/\/s.w.org\/images\/core\/emoji\/15.0.3\/svg\/2714.svg\" alt=\"\u2714\"> <strong><span style=\"vertical-align: inherit;\"><span style=\"vertical-align: inherit;\">In\u017cynierowie przemys\u0142owi:<\/span><\/span><\/strong><span style=\"vertical-align: inherit;\"><span style=\"vertical-align: inherit;\"> Optymalizacja proces\u00f3w, kontrola jako\u015bci i technologia produkcji.<\/span><\/span><\/li>\n<\/ul>\n<h3 style=\"font-family: Helvetica, Arial, sans-serif; font-size: 20px; font-weight: bold; color: #004085; margin-bottom: 10px;\"><span style=\"vertical-align: inherit;\"><span style=\"vertical-align: inherit;\">Dlaczego pracodawcy wybieraj\u0105 NFA Recruitment?<\/span><\/span><\/h3>\n<ul style=\"font-family: Arial, sans-serif; font-size: 16px; color: #333; line-height: 1.6; list-style-type: none; padding-left: 0;\">\n<li style=\"padding: 5px 0;\"><img decoding=\"async\" class=\"emoji\" role=\"img\" draggable=\"false\" src=\"https:\/\/s.w.org\/images\/core\/emoji\/15.0.3\/svg\/2714.svg\" alt=\"\u2714\"> <strong><span style=\"vertical-align: inherit;\"><span style=\"vertical-align: inherit;\">Wybrani i wykwalifikowani kandydaci z zagranicy<\/span><\/span><\/strong><\/li>\n<li style=\"padding: 5px 0;\"><img decoding=\"async\" class=\"emoji\" role=\"img\" draggable=\"false\" src=\"https:\/\/s.w.org\/images\/core\/emoji\/15.0.3\/svg\/2714.svg\" alt=\"\u2714\"> <strong><span style=\"vertical-align: inherit;\"><span style=\"vertical-align: inherit;\">Szybko dost\u0119pni technicy z praktycznym do\u015bwiadczeniem<\/span><\/span><\/strong><\/li>\n<li style=\"padding: 5px 0;\"><img decoding=\"async\" class=\"emoji\" role=\"img\" draggable=\"false\" src=\"https:\/\/s.w.org\/images\/core\/emoji\/15.0.3\/svg\/2714.svg\" alt=\"\u2714\"> <strong><span style=\"vertical-align: inherit;\"><span style=\"vertical-align: inherit;\">Indywidualne rozwi\u0105zania dla firm przemys\u0142owych i technicznych<\/span><\/span><\/strong><\/li>\n<li style=\"padding: 5px 0;\"><img decoding=\"async\" class=\"emoji\" role=\"img\" draggable=\"false\" src=\"https:\/\/s.w.org\/images\/core\/emoji\/15.0.3\/svg\/2714.svg\" alt=\"\u2714\"> <strong><span style=\"vertical-align: inherit;\"><span style=\"vertical-align: inherit;\">Wieloj\u0119zyczni specjali\u015bci (niderlandzki\/angielski)<\/span><\/span><\/strong><\/li>\n<\/ul>\n<p style=\"text-align: center; margin-top: 20px;\"> <\/p>\t\t\t\t\t\t\t\t<\/div>\n\t\t\t\t<\/div>\n\t\t\t\t\t<\/div>\n\t\t<\/div>\n\t\t\t\t\t<\/div>\n\t\t<\/section>\n\t\t\t\t<section class=\"elementor-section elementor-top-section elementor-element elementor-element-227eb99 elementor-section-boxed elementor-section-height-default elementor-section-height-default\" data-id=\"227eb99\" data-element_type=\"section\" data-e-type=\"section\" data-settings=\"{&quot;background_background&quot;:&quot;classic&quot;}\">\n\t\t\t\t\t\t<div class=\"elementor-container elementor-column-gap-default\">\n\t\t\t\t\t<div class=\"elementor-column elementor-col-100 elementor-top-column elementor-element elementor-element-11caeee\" data-id=\"11caeee\" data-element_type=\"column\" data-e-type=\"column\">\n\t\t\t<div class=\"elementor-widget-wrap elementor-element-populated\">\n\t\t\t\t\t\t\t<\/div>\n\t\t<\/div>\n\t\t\t\t\t<\/div>\n\t\t<\/section>\n\t\t\t\t<\/div>\n\t\t","protected":false},"excerpt":{"rendered":"<p>Wakaty techniczne w Holandii &#8211; konserwacja, in\u017cynieria i obs\u0142uga maszyn NFA Recruitment specjalizuje si\u0119 w rekrutacja techniczna dla holenderskiego przemys\u0142u i sektora in\u017cynieryjnego. \u0141\u0105czymy pracodawc\u00f3w [&hellip;]<\/p>\n","protected":false},"author":1,"featured_media":0,"parent":0,"menu_order":0,"comment_status":"closed","ping_status":"closed","template":"","meta":{"_acf_changed":false,"footnotes":""},"class_list":["post-3085","page","type-page","status-publish","hentry"],"acf":[],"_links":{"self":[{"href":"https:\/\/nfa-recruitment.nl\/pl\/wp-json\/wp\/v2\/pages\/3085","targetHints":{"allow":["GET"]}}],"collection":[{"href":"https:\/\/nfa-recruitment.nl\/pl\/wp-json\/wp\/v2\/pages"}],"about":[{"href":"https:\/\/nfa-recruitment.nl\/pl\/wp-json\/wp\/v2\/types\/page"}],"author":[{"embeddable":true,"href":"https:\/\/nfa-recruitment.nl\/pl\/wp-json\/wp\/v2\/users\/1"}],"replies":[{"embeddable":true,"href":"https:\/\/nfa-recruitment.nl\/pl\/wp-json\/wp\/v2\/comments?post=3085"}],"version-history":[{"count":6,"href":"https:\/\/nfa-recruitment.nl\/pl\/wp-json\/wp\/v2\/pages\/3085\/revisions"}],"predecessor-version":[{"id":3986,"href":"https:\/\/nfa-recruitment.nl\/pl\/wp-json\/wp\/v2\/pages\/3085\/revisions\/3986"}],"wp:attachment":[{"href":"https:\/\/nfa-recruitment.nl\/pl\/wp-json\/wp\/v2\/media?parent=3085"}],"curies":[{"name":"wp","href":"https:\/\/api.w.org\/{rel}","templated":true}]}}