{"id":3252,"date":"2025-03-10T08:21:10","date_gmt":"2025-03-10T08:21:10","guid":{"rendered":"https:\/\/nfa-recruitment.nl\/o-nfa-recruitment\/"},"modified":"2025-03-25T15:54:21","modified_gmt":"2025-03-25T15:54:21","slug":"o-nfa-recruitment","status":"publish","type":"page","link":"https:\/\/nfa-recruitment.nl\/pl\/o-nfa-recruitment\/","title":{"rendered":"O NFA Recruitment"},"content":{"rendered":"\t\t<div data-elementor-type=\"wp-page\" data-elementor-id=\"3252\" class=\"elementor elementor-3252 elementor-3224\" data-elementor-post-type=\"page\">\n\t\t\t\t\t\t<section class=\"elementor-section elementor-top-section elementor-element elementor-element-7fa0144 elementor-section-full_width elementor-section-height-min-height elementor-section-height-default elementor-section-items-middle\" data-id=\"7fa0144\" data-element_type=\"section\" data-e-type=\"section\" data-settings=\"{&quot;background_background&quot;:&quot;classic&quot;}\">\n\t\t\t\t\t\t<div class=\"elementor-container elementor-column-gap-no\">\n\t\t\t\t\t<div class=\"elementor-column elementor-col-100 elementor-top-column elementor-element elementor-element-fa868d1\" data-id=\"fa868d1\" data-element_type=\"column\" data-e-type=\"column\">\n\t\t\t<div class=\"elementor-widget-wrap elementor-element-populated\">\n\t\t\t\t\t\t<section class=\"elementor-section elementor-inner-section elementor-element elementor-element-3441916 elementor-section-boxed elementor-section-height-default elementor-section-height-default\" data-id=\"3441916\" data-element_type=\"section\" data-e-type=\"section\">\n\t\t\t\t\t\t<div class=\"elementor-container elementor-column-gap-default\">\n\t\t\t\t\t<div class=\"elementor-column elementor-col-100 elementor-inner-column elementor-element elementor-element-ca8bde0\" data-id=\"ca8bde0\" data-element_type=\"column\" data-e-type=\"column\">\n\t\t\t<div class=\"elementor-widget-wrap elementor-element-populated\">\n\t\t\t\t\t\t<div class=\"elementor-element elementor-element-7a3b6b0 elementor-widget elementor-widget-heading\" data-id=\"7a3b6b0\" data-element_type=\"widget\" data-e-type=\"widget\" data-widget_type=\"heading.default\">\n\t\t\t\t<div class=\"elementor-widget-container\">\n\t\t\t\t\t<h2 class=\"elementor-heading-title elementor-size-default\"><br>O NFA\n<br>Neutral Freight Academy (NFA) jest wyspecjalizowan\u0105 agencj\u0105 zatrudnienia dla logistyki i transportu lotniczego. \u0141\u0105czymy talenty z wiod\u0105cymi firmami w bran\u017cy, koncentruj\u0105c si\u0119 na jako\u015bci, szybko\u015bci i niezawodno\u015bci.<\/h2>\t\t\t\t<\/div>\n\t\t\t\t<\/div>\n\t\t\t\t<div class=\"elementor-element elementor-element-40656fe elementor-widget elementor-widget-button\" data-id=\"40656fe\" data-element_type=\"widget\" data-e-type=\"widget\" data-widget_type=\"button.default\">\n\t\t\t\t<div class=\"elementor-widget-container\">\n\t\t\t\t\t\t\t\t\t<div class=\"elementor-button-wrapper\">\n\t\t\t\t\t<a class=\"elementor-button elementor-button-link elementor-size-sm\" href=\"#elementor-action%3Aaction%3Dpopup%3Aopen%26settings%3DeyJpZCI6MTY2NywidG9nZ2xlIjpmYWxzZX0%3D\">\n\t\t\t\t\t\t<span class=\"elementor-button-content-wrapper\">\n\t\t\t\t\t\t\t\t\t<span class=\"elementor-button-text\">Poruszasz si\u0119 szybko?<\/span>\n\t\t\t\t\t<\/span>\n\t\t\t\t\t<\/a>\n\t\t\t\t<\/div>\n\t\t\t\t\t\t\t\t<\/div>\n\t\t\t\t<\/div>\n\t\t\t\t\t<\/div>\n\t\t<\/div>\n\t\t\t\t\t<\/div>\n\t\t<\/section>\n\t\t\t\t\t<\/div>\n\t\t<\/div>\n\t\t\t\t\t<\/div>\n\t\t<\/section>\n\t\t\t\t<section class=\"elementor-section elementor-top-section elementor-element elementor-element-935679b elementor-section-full_width elementor-section-height-default elementor-section-height-default\" data-id=\"935679b\" data-element_type=\"section\" data-e-type=\"section\">\n\t\t\t\t\t\t<div class=\"elementor-container elementor-column-gap-default\">\n\t\t\t\t\t<div class=\"elementor-column elementor-col-100 elementor-top-column elementor-element elementor-element-c1b770b\" data-id=\"c1b770b\" data-element_type=\"column\" data-e-type=\"column\">\n\t\t\t<div class=\"elementor-widget-wrap elementor-element-populated\">\n\t\t\t\t\t\t<section class=\"elementor-section elementor-inner-section elementor-element elementor-element-63cb286 elementor-reverse-mobile elementor-section-boxed elementor-section-height-default elementor-section-height-default\" data-id=\"63cb286\" data-element_type=\"section\" data-e-type=\"section\">\n\t\t\t\t\t\t<div class=\"elementor-container elementor-column-gap-no\">\n\t\t\t\t\t<div class=\"elementor-column elementor-col-50 elementor-inner-column elementor-element elementor-element-9411c46\" data-id=\"9411c46\" data-element_type=\"column\" data-e-type=\"column\" data-settings=\"{&quot;background_background&quot;:&quot;classic&quot;}\">\n\t\t\t<div class=\"elementor-widget-wrap elementor-element-populated\">\n\t\t\t\t\t\t<div class=\"elementor-element elementor-element-51565b4 elementor-widget elementor-widget-heading\" data-id=\"51565b4\" data-element_type=\"widget\" data-e-type=\"widget\" data-widget_type=\"heading.default\">\n\t\t\t\t<div class=\"elementor-widget-container\">\n\t\t\t\t\t<h2 class=\"elementor-heading-title elementor-size-default\">Nasze podej\u015bcie i zesp\u00f3\u0142<\/h2>\t\t\t\t<\/div>\n\t\t\t\t<\/div>\n\t\t\t\t<div class=\"elementor-element elementor-element-aadfb39 elementor-widget elementor-widget-text-editor\" data-id=\"aadfb39\" data-element_type=\"widget\" data-e-type=\"widget\" data-widget_type=\"text-editor.default\">\n\t\t\t\t<div class=\"elementor-widget-container\">\n\t\t\t\t\t\t\t\t\t<p>NFA zosta\u0142a za\u0142o\u017cona z IWS (Independent World Services). Za\u0142o\u017cyciele IWS maj\u0105 ponad 20-letnie do\u015bwiadczenie w transporcie lotniczym i logistyce. Wiedz\u0105 lepiej ni\u017c ktokolwiek inny, jak wa\u017cny jest wykwalifikowany personel wysokiej jako\u015bci. Niestety, takich ludzi cz\u0119sto trudno znale\u017a\u0107.<\/p>\t\t\t\t\t\t\t\t<\/div>\n\t\t\t\t<\/div>\n\t\t\t\t\t<\/div>\n\t\t<\/div>\n\t\t\t\t<div class=\"elementor-column elementor-col-50 elementor-inner-column elementor-element elementor-element-038653f\" data-id=\"038653f\" data-element_type=\"column\" data-e-type=\"column\" data-settings=\"{&quot;background_background&quot;:&quot;classic&quot;}\">\n\t\t\t<div class=\"elementor-widget-wrap elementor-element-populated\">\n\t\t\t\t\t\t<div class=\"elementor-element elementor-element-9728107 elementor-widget elementor-widget-spacer\" data-id=\"9728107\" data-element_type=\"widget\" data-e-type=\"widget\" data-widget_type=\"spacer.default\">\n\t\t\t\t<div class=\"elementor-widget-container\">\n\t\t\t\t\t\t\t<div class=\"elementor-spacer\">\n\t\t\t<div class=\"elementor-spacer-inner\"><\/div>\n\t\t<\/div>\n\t\t\t\t\t\t<\/div>\n\t\t\t\t<\/div>\n\t\t\t\t\t<\/div>\n\t\t<\/div>\n\t\t\t\t\t<\/div>\n\t\t<\/section>\n\t\t\t\t\t<\/div>\n\t\t<\/div>\n\t\t\t\t\t<\/div>\n\t\t<\/section>\n\t\t\t\t<section class=\"elementor-section elementor-top-section elementor-element elementor-element-e8e458c elementor-section-boxed elementor-section-height-default elementor-section-height-default\" data-id=\"e8e458c\" data-element_type=\"section\" data-e-type=\"section\">\n\t\t\t\t\t\t<div class=\"elementor-container elementor-column-gap-default\">\n\t\t\t\t\t<div class=\"elementor-column elementor-col-100 elementor-top-column elementor-element elementor-element-b948869\" data-id=\"b948869\" data-element_type=\"column\" data-e-type=\"column\">\n\t\t\t<div class=\"elementor-widget-wrap elementor-element-populated\">\n\t\t\t\t\t\t<section class=\"elementor-section elementor-inner-section elementor-element elementor-element-6c6ea67 elementor-section-boxed elementor-section-height-default elementor-section-height-default\" data-id=\"6c6ea67\" data-element_type=\"section\" data-e-type=\"section\">\n\t\t\t\t\t\t<div class=\"elementor-container elementor-column-gap-no\">\n\t\t\t\t\t<div class=\"elementor-column elementor-col-50 elementor-inner-column elementor-element elementor-element-77ed574\" data-id=\"77ed574\" data-element_type=\"column\" data-e-type=\"column\" data-settings=\"{&quot;background_background&quot;:&quot;classic&quot;}\">\n\t\t\t<div class=\"elementor-widget-wrap elementor-element-populated\">\n\t\t\t\t\t\t<div class=\"elementor-element elementor-element-a071e37 elementor-widget elementor-widget-spacer\" data-id=\"a071e37\" data-element_type=\"widget\" data-e-type=\"widget\" data-widget_type=\"spacer.default\">\n\t\t\t\t<div class=\"elementor-widget-container\">\n\t\t\t\t\t\t\t<div class=\"elementor-spacer\">\n\t\t\t<div class=\"elementor-spacer-inner\"><\/div>\n\t\t<\/div>\n\t\t\t\t\t\t<\/div>\n\t\t\t\t<\/div>\n\t\t\t\t\t<\/div>\n\t\t<\/div>\n\t\t\t\t<div class=\"elementor-column elementor-col-50 elementor-inner-column elementor-element elementor-element-d3c8540\" data-id=\"d3c8540\" data-element_type=\"column\" data-e-type=\"column\" data-settings=\"{&quot;background_background&quot;:&quot;classic&quot;}\">\n\t\t\t<div class=\"elementor-widget-wrap elementor-element-populated\">\n\t\t\t\t\t\t<div class=\"elementor-element elementor-element-b32c758 elementor-widget elementor-widget-heading\" data-id=\"b32c758\" data-element_type=\"widget\" data-e-type=\"widget\" data-widget_type=\"heading.default\">\n\t\t\t\t<div class=\"elementor-widget-container\">\n\t\t\t\t\t<h2 class=\"elementor-heading-title elementor-size-default\">Z siedzib\u0105 na lotnisku Schiphol<\/h2>\t\t\t\t<\/div>\n\t\t\t\t<\/div>\n\t\t\t\t<div class=\"elementor-element elementor-element-5e095a7 elementor-widget elementor-widget-text-editor\" data-id=\"5e095a7\" data-element_type=\"widget\" data-e-type=\"widget\" data-widget_type=\"text-editor.default\">\n\t\t\t\t<div class=\"elementor-widget-container\">\n\t\t\t\t\t\t\t\t\t<p>Pracownicy NFA to do\u015bwiadczeni dostawcy us\u0142ug logistycznych z rozleg\u0142\u0105 sieci\u0105. Znaj\u0105 tajniki i zbudowali rozleg\u0142\u0105 sie\u0107 w (mi\u0119dzynarodowym) \u015bwiecie logistyki. Biuro NFA znajduje si\u0119 na lotnisku Schiphol. W rezultacie linie komunikacyjne s\u0105 kr\u00f3tkie, zar\u00f3wno w kraju, jak i za granic\u0105. Potrafimy dzia\u0142a\u0107 szybko i zawsze jeste\u015bmy na bie\u017c\u0105co, je\u015bli chodzi o wakaty w bran\u017cy logistycznej (cargo lotnicze).<\/p><h3> <\/h3>\t\t\t\t\t\t\t\t<\/div>\n\t\t\t\t<\/div>\n\t\t\t\t\t<\/div>\n\t\t<\/div>\n\t\t\t\t\t<\/div>\n\t\t<\/section>\n\t\t\t\t\t<\/div>\n\t\t<\/div>\n\t\t\t\t\t<\/div>\n\t\t<\/section>\n\t\t\t\t<section class=\"elementor-section elementor-top-section elementor-element elementor-element-1d3ffda elementor-section-full_width elementor-section-height-default elementor-section-height-default\" data-id=\"1d3ffda\" data-element_type=\"section\" data-e-type=\"section\" data-settings=\"{&quot;background_background&quot;:&quot;classic&quot;}\">\n\t\t\t\t\t\t<div class=\"elementor-container elementor-column-gap-default\">\n\t\t\t\t\t<div class=\"elementor-column elementor-col-100 elementor-top-column elementor-element elementor-element-c701409\" data-id=\"c701409\" data-element_type=\"column\" data-e-type=\"column\">\n\t\t\t<div class=\"elementor-widget-wrap elementor-element-populated\">\n\t\t\t\t\t\t<section class=\"elementor-section elementor-inner-section elementor-element elementor-element-e177847 elementor-section-boxed elementor-section-height-default elementor-section-height-default\" data-id=\"e177847\" data-element_type=\"section\" data-e-type=\"section\">\n\t\t\t\t\t\t<div class=\"elementor-container elementor-column-gap-default\">\n\t\t\t\t\t<div class=\"elementor-column elementor-col-50 elementor-inner-column elementor-element elementor-element-37abec2\" data-id=\"37abec2\" data-element_type=\"column\" data-e-type=\"column\">\n\t\t\t<div class=\"elementor-widget-wrap elementor-element-populated\">\n\t\t\t\t\t\t<div class=\"elementor-element elementor-element-80571ca elementor-widget elementor-widget-heading\" data-id=\"80571ca\" data-element_type=\"widget\" data-e-type=\"widget\" data-widget_type=\"heading.default\">\n\t\t\t\t<div class=\"elementor-widget-container\">\n\t\t\t\t\t<h2 class=\"elementor-heading-title elementor-size-default\">NFA Neutral Freight Academy BV<\/h2>\t\t\t\t<\/div>\n\t\t\t\t<\/div>\n\t\t\t\t\t<\/div>\n\t\t<\/div>\n\t\t\t\t<div class=\"elementor-column elementor-col-50 elementor-inner-column elementor-element elementor-element-e78638a\" data-id=\"e78638a\" data-element_type=\"column\" data-e-type=\"column\">\n\t\t\t<div class=\"elementor-widget-wrap elementor-element-populated\">\n\t\t\t\t\t\t<div class=\"elementor-element elementor-element-a753ab8 elementor-widget elementor-widget-heading\" data-id=\"a753ab8\" data-element_type=\"widget\" data-e-type=\"widget\" data-widget_type=\"heading.default\">\n\t\t\t\t<div class=\"elementor-widget-container\">\n\t\t\t\t\t<h2 class=\"elementor-heading-title elementor-size-default\">Szukasz pracy w sektorze logistycznym? Nast\u0119pnie przyjrzyj si\u0119 mo\u017cliwo\u015bciom w bran\u017cy cargo lotniczego. Praca pe\u0142na wyzwa\u0144 w \u015bwietnych firmach. Ka\u017cdy dzie\u0144 jest inny!<\/h2>\t\t\t\t<\/div>\n\t\t\t\t<\/div>\n\t\t\t\t<div class=\"elementor-element elementor-element-c0d1710 elementor-align-left elementor-widget elementor-widget-button\" data-id=\"c0d1710\" data-element_type=\"widget\" data-e-type=\"widget\" data-widget_type=\"button.default\">\n\t\t\t\t<div class=\"elementor-widget-container\">\n\t\t\t\t\t\t\t\t\t<div class=\"elementor-button-wrapper\">\n\t\t\t\t\t<a class=\"elementor-button elementor-button-link elementor-size-sm\" href=\"https:\/\/nfa-recruitment.nl\/ik-zoek-een-baan\/\">\n\t\t\t\t\t\t<span class=\"elementor-button-content-wrapper\">\n\t\t\t\t\t\t\t\t\t<span class=\"elementor-button-text\">Chcesz dowiedzie\u0107 si\u0119 wi\u0119cej?<\/span>\n\t\t\t\t\t<\/span>\n\t\t\t\t\t<\/a>\n\t\t\t\t<\/div>\n\t\t\t\t\t\t\t\t<\/div>\n\t\t\t\t<\/div>\n\t\t\t\t\t<\/div>\n\t\t<\/div>\n\t\t\t\t\t<\/div>\n\t\t<\/section>\n\t\t\t\t\t<\/div>\n\t\t<\/div>\n\t\t\t\t\t<\/div>\n\t\t<\/section>\n\t\t\t\t<section class=\"elementor-section elementor-top-section elementor-element elementor-element-e060c9f elementor-section-full_width elementor-section-height-default elementor-section-height-default\" data-id=\"e060c9f\" data-element_type=\"section\" data-e-type=\"section\">\n\t\t\t\t\t\t<div class=\"elementor-container elementor-column-gap-default\">\n\t\t\t\t\t<div class=\"elementor-column elementor-col-100 elementor-top-column elementor-element elementor-element-7b65668\" data-id=\"7b65668\" data-element_type=\"column\" data-e-type=\"column\">\n\t\t\t<div class=\"elementor-widget-wrap elementor-element-populated\">\n\t\t\t\t\t\t<section class=\"elementor-section elementor-inner-section elementor-element elementor-element-073d733 elementor-reverse-tablet elementor-reverse-mobile elementor-section-boxed elementor-section-height-default elementor-section-height-default\" data-id=\"073d733\" data-element_type=\"section\" data-e-type=\"section\">\n\t\t\t\t\t\t<div class=\"elementor-container elementor-column-gap-no\">\n\t\t\t\t\t<div class=\"elementor-column elementor-col-50 elementor-inner-column elementor-element elementor-element-1b8266c\" data-id=\"1b8266c\" data-element_type=\"column\" data-e-type=\"column\" data-settings=\"{&quot;background_background&quot;:&quot;classic&quot;}\">\n\t\t\t<div class=\"elementor-widget-wrap elementor-element-populated\">\n\t\t\t\t\t\t<div class=\"elementor-element elementor-element-3407605 elementor-widget elementor-widget-heading\" data-id=\"3407605\" data-element_type=\"widget\" data-e-type=\"widget\" data-widget_type=\"heading.default\">\n\t\t\t\t<div class=\"elementor-widget-container\">\n\t\t\t\t\t<h2 class=\"elementor-heading-title elementor-size-default\">Dlaczego NFA?<\/h2>\t\t\t\t<\/div>\n\t\t\t\t<\/div>\n\t\t\t\t<div class=\"elementor-element elementor-element-fbea1fa elementor-widget elementor-widget-text-editor\" data-id=\"fbea1fa\" data-element_type=\"widget\" data-e-type=\"widget\" data-widget_type=\"text-editor.default\">\n\t\t\t\t<div class=\"elementor-widget-container\">\n\t\t\t\t\t\t\t\t\t<p>W IWS jeste\u015bmy przyzwyczajeni do maksymalnego u\u0142atwiania procesu logistycznego. Wa\u017cn\u0105 cz\u0119\u015bci\u0105 tego procesu jest niezawodny personel do zarz\u0105dzania procesem logistycznym. Wcze\u015bniej nasze zapotrzebowanie na pracownik\u00f3w zg\u0142aszali\u015bmy do agencji po\u015brednictwa pracy. Poniewa\u017c jednak personel lotniczy musi by\u0107 specjalistycznie przeszkolony i posiada\u0107 odpowiednie certyfikaty, agencjom pracy trudno jest znale\u017a\u0107 odpowiednie osoby. Po prostu nie s\u0105 wystarczaj\u0105co zaznajomieni z nasz\u0105 bran\u017c\u0105. W ten spos\u00f3b narodzi\u0142 si\u0119 pomys\u0142 za\u0142o\u017cenia w\u0142asnej agencji zatrudnienia specjalizuj\u0105cej si\u0119 w ofertach pracy w logistyce i transporcie lotniczym. Jedno miejsce, w kt\u00f3rym przedsi\u0119biorcy i osoby poszukuj\u0105ce pracy mog\u0105 si\u0119 znale\u017a\u0107. Gdzie mo\u017cna szybko i skutecznie wyszukiwa\u0107 oferty pracy. Gdzie kandydaci przeszkoleni, sprawdzeni i z odpowiednimi certyfikatami mog\u0105 natychmiast rozpocz\u0105\u0107 prac\u0119 w \u015bwietnej firmie. Teraz jest to mo\u017cliwe w NFA.<\/p>\t\t\t\t\t\t\t\t<\/div>\n\t\t\t\t<\/div>\n\t\t\t\t\t<\/div>\n\t\t<\/div>\n\t\t\t\t<div class=\"elementor-column elementor-col-50 elementor-inner-column elementor-element elementor-element-95a7e2b\" data-id=\"95a7e2b\" data-element_type=\"column\" data-e-type=\"column\" data-settings=\"{&quot;background_background&quot;:&quot;classic&quot;}\">\n\t\t\t<div class=\"elementor-widget-wrap elementor-element-populated\">\n\t\t\t\t\t\t<div class=\"elementor-element elementor-element-8c6b85c elementor-widget elementor-widget-spacer\" data-id=\"8c6b85c\" data-element_type=\"widget\" data-e-type=\"widget\" data-widget_type=\"spacer.default\">\n\t\t\t\t<div class=\"elementor-widget-container\">\n\t\t\t\t\t\t\t<div class=\"elementor-spacer\">\n\t\t\t<div class=\"elementor-spacer-inner\"><\/div>\n\t\t<\/div>\n\t\t\t\t\t\t<\/div>\n\t\t\t\t<\/div>\n\t\t\t\t\t<\/div>\n\t\t<\/div>\n\t\t\t\t\t<\/div>\n\t\t<\/section>\n\t\t\t\t\t<\/div>\n\t\t<\/div>\n\t\t\t\t\t<\/div>\n\t\t<\/section>\n\t\t\t\t<section class=\"elementor-section elementor-top-section elementor-element elementor-element-725514e elementor-section-full_width elementor-section-height-default elementor-section-height-default\" data-id=\"725514e\" data-element_type=\"section\" data-e-type=\"section\">\n\t\t\t\t\t\t<div class=\"elementor-container elementor-column-gap-default\">\n\t\t\t\t\t<div class=\"elementor-column elementor-col-100 elementor-top-column elementor-element elementor-element-1dfd95c\" data-id=\"1dfd95c\" data-element_type=\"column\" data-e-type=\"column\">\n\t\t\t<div class=\"elementor-widget-wrap elementor-element-populated\">\n\t\t\t\t\t\t<section class=\"elementor-section elementor-inner-section elementor-element elementor-element-d9e4976 elementor-section-boxed elementor-section-height-default elementor-section-height-default\" data-id=\"d9e4976\" data-element_type=\"section\" data-e-type=\"section\">\n\t\t\t\t\t\t<div class=\"elementor-container elementor-column-gap-no\">\n\t\t\t\t\t<div class=\"elementor-column elementor-col-50 elementor-inner-column elementor-element elementor-element-8b488a9\" data-id=\"8b488a9\" data-element_type=\"column\" data-e-type=\"column\" data-settings=\"{&quot;background_background&quot;:&quot;classic&quot;}\">\n\t\t\t<div class=\"elementor-widget-wrap elementor-element-populated\">\n\t\t\t\t\t\t<div class=\"elementor-element elementor-element-ad024ff elementor-widget elementor-widget-spacer\" data-id=\"ad024ff\" data-element_type=\"widget\" data-e-type=\"widget\" data-widget_type=\"spacer.default\">\n\t\t\t\t<div class=\"elementor-widget-container\">\n\t\t\t\t\t\t\t<div class=\"elementor-spacer\">\n\t\t\t<div class=\"elementor-spacer-inner\"><\/div>\n\t\t<\/div>\n\t\t\t\t\t\t<\/div>\n\t\t\t\t<\/div>\n\t\t\t\t\t<\/div>\n\t\t<\/div>\n\t\t\t\t<div class=\"elementor-column elementor-col-50 elementor-inner-column elementor-element elementor-element-ad19151\" data-id=\"ad19151\" data-element_type=\"column\" data-e-type=\"column\" data-settings=\"{&quot;background_background&quot;:&quot;classic&quot;}\">\n\t\t\t<div class=\"elementor-widget-wrap elementor-element-populated\">\n\t\t\t\t\t\t<div class=\"elementor-element elementor-element-d49d73a elementor-widget elementor-widget-heading\" data-id=\"d49d73a\" data-element_type=\"widget\" data-e-type=\"widget\" data-widget_type=\"heading.default\">\n\t\t\t\t<div class=\"elementor-widget-container\">\n\t\t\t\t\t<h2 class=\"elementor-heading-title elementor-size-default\">Szkolenia i badania przesiewowe<\/h2>\t\t\t\t<\/div>\n\t\t\t\t<\/div>\n\t\t\t\t<div class=\"elementor-element elementor-element-7cc64c0 elementor-widget elementor-widget-text-editor\" data-id=\"7cc64c0\" data-element_type=\"widget\" data-e-type=\"widget\" data-widget_type=\"text-editor.default\">\n\t\t\t\t<div class=\"elementor-widget-container\">\n\t\t\t\t\t\t\t\t\t<p>Czy kandydaci nie maj\u0105 jeszcze odpowiednich dokument\u00f3w w kieszeniach? A mo\u017ce nie zosta\u0142y jeszcze sprawdzone? NFA zapewnia, \u017ce zanim kandydat rozpocznie prac\u0119 na nowym stanowisku, uko\u0144czy\u0142 odpowiednie szkolenie. NFA oferuje r\u00f3\u017cne (specjalistyczne) kursy szkoleniowe, takie jak kurs obs\u0142ugi w\u00f3zk\u00f3w wid\u0142owych lub szkolenie w zakresie budowy p\u0142yt lotniczych. Ponadto wszyscy kandydaci s\u0105 sprawdzani i otrzymuj\u0105 pomoc w uzyskaniu za\u015bwiadczenia o braku zastrze\u017ce\u0144 (VGB). W ten spos\u00f3b kandydaci s\u0105 natychmiast gotowi do rozpocz\u0119cia nowej pracy, a firmy s\u0105 odci\u0105\u017cone od szkolenia nowych pracownik\u00f3w.<\/p><p> <\/p>\t\t\t\t\t\t\t\t<\/div>\n\t\t\t\t<\/div>\n\t\t\t\t\t<\/div>\n\t\t<\/div>\n\t\t\t\t\t<\/div>\n\t\t<\/section>\n\t\t\t\t\t<\/div>\n\t\t<\/div>\n\t\t\t\t\t<\/div>\n\t\t<\/section>\n\t\t\t\t<\/div>\n\t\t","protected":false},"excerpt":{"rendered":"<p>O NFA Neutral Freight Academy (NFA) jest wyspecjalizowan\u0105 agencj\u0105 zatrudnienia dla logistyki i transportu lotniczego. \u0141\u0105czymy talenty z wiod\u0105cymi firmami w bran\u017cy, koncentruj\u0105c si\u0119 na [&hellip;]<\/p>\n","protected":false},"author":1,"featured_media":0,"parent":0,"menu_order":0,"comment_status":"closed","ping_status":"closed","template":"","meta":{"_acf_changed":false,"footnotes":""},"class_list":["post-3252","page","type-page","status-publish","hentry"],"acf":[],"_links":{"self":[{"href":"https:\/\/nfa-recruitment.nl\/pl\/wp-json\/wp\/v2\/pages\/3252","targetHints":{"allow":["GET"]}}],"collection":[{"href":"https:\/\/nfa-recruitment.nl\/pl\/wp-json\/wp\/v2\/pages"}],"about":[{"href":"https:\/\/nfa-recruitment.nl\/pl\/wp-json\/wp\/v2\/types\/page"}],"author":[{"embeddable":true,"href":"https:\/\/nfa-recruitment.nl\/pl\/wp-json\/wp\/v2\/users\/1"}],"replies":[{"embeddable":true,"href":"https:\/\/nfa-recruitment.nl\/pl\/wp-json\/wp\/v2\/comments?post=3252"}],"version-history":[{"count":4,"href":"https:\/\/nfa-recruitment.nl\/pl\/wp-json\/wp\/v2\/pages\/3252\/revisions"}],"predecessor-version":[{"id":4005,"href":"https:\/\/nfa-recruitment.nl\/pl\/wp-json\/wp\/v2\/pages\/3252\/revisions\/4005"}],"wp:attachment":[{"href":"https:\/\/nfa-recruitment.nl\/pl\/wp-json\/wp\/v2\/media?parent=3252"}],"curies":[{"name":"wp","href":"https:\/\/api.w.org\/{rel}","templated":true}]}}