{"id":4127,"date":"2025-04-09T05:53:23","date_gmt":"2025-04-09T05:53:23","guid":{"rendered":"https:\/\/nfa-recruitment.nl\/certificeringen\/"},"modified":"2025-07-21T10:17:46","modified_gmt":"2025-07-21T10:17:46","slug":"nfa-recruitment-certyfikaty","status":"publish","type":"page","link":"https:\/\/nfa-recruitment.nl\/pl\/nfa-recruitment-certyfikaty\/","title":{"rendered":"Certyfikaty"},"content":{"rendered":"\t\t<div data-elementor-type=\"wp-page\" data-elementor-id=\"4127\" class=\"elementor elementor-4127 elementor-4098\" data-elementor-post-type=\"page\">\n\t\t\t\t\t\t<section class=\"elementor-section elementor-top-section elementor-element elementor-element-b56d6cb elementor-section-full_width elementor-section-height-min-height elementor-section-height-default elementor-section-items-middle\" data-id=\"b56d6cb\" data-element_type=\"section\" data-e-type=\"section\" data-settings=\"{&quot;background_background&quot;:&quot;classic&quot;}\">\n\t\t\t\t\t\t<div class=\"elementor-container elementor-column-gap-no\">\n\t\t\t\t\t<div class=\"elementor-column elementor-col-100 elementor-top-column elementor-element elementor-element-e92d40b\" data-id=\"e92d40b\" data-element_type=\"column\" data-e-type=\"column\">\n\t\t\t<div class=\"elementor-widget-wrap elementor-element-populated\">\n\t\t\t\t\t\t<section class=\"elementor-section elementor-inner-section elementor-element elementor-element-fb1947f elementor-section-boxed elementor-section-height-default elementor-section-height-default\" data-id=\"fb1947f\" data-element_type=\"section\" data-e-type=\"section\">\n\t\t\t\t\t\t<div class=\"elementor-container elementor-column-gap-default\">\n\t\t\t\t\t<div class=\"elementor-column elementor-col-100 elementor-inner-column elementor-element elementor-element-16f34fb\" data-id=\"16f34fb\" data-element_type=\"column\" data-e-type=\"column\">\n\t\t\t<div class=\"elementor-widget-wrap elementor-element-populated\">\n\t\t\t\t\t\t<div class=\"elementor-element elementor-element-ac63681 elementor-widget__width-initial elementor-widget elementor-widget-text-editor\" data-id=\"ac63681\" data-element_type=\"widget\" data-e-type=\"widget\" data-widget_type=\"text-editor.default\">\n\t\t\t\t<div class=\"elementor-widget-container\">\n\t\t\t\t\t\t\t\t\t<h2>\n  <span style=\"background-color: transparent;\">\n    <span style=\"vertical-align: inherit;\">\n      <span style=\"vertical-align: inherit; font-weight: 700;\">\n Certyfikaty NFA Recruitment\n      <\/span>\n    <\/span>\n  <\/span>\n<\/h2>\n\n<span style=\"vertical-align: inherit;\"><span style=\"vertical-align: inherit;\">W NFA Recruitment kluczowe s\u0105: transparentno\u015b\u0107, rzetelno\u015b\u0107 oraz zgodno\u015b\u0107 z przepisami prawa.<\/span><\/span>\n\n<span style=\"vertical-align: inherit;\"><span style=\"vertical-align: inherit;\">Nasze certyfikaty potwierdzaj\u0105, \u017ce dzia\u0142amy zgodnie z najwy\u017cszymi standardami jako\u015bci i oferujemy pewno\u015b\u0107 profesjonalnej, przejrzystej wsp\u00f3\u0142pracy.<\/span><\/span>\t\t\t\t\t\t\t\t<\/div>\n\t\t\t\t<\/div>\n\t\t\t\t<div class=\"elementor-element elementor-element-56a5889 elementor-align-left elementor-widget elementor-widget-button\" data-id=\"56a5889\" data-element_type=\"widget\" data-e-type=\"widget\" data-widget_type=\"button.default\">\n\t\t\t\t<div class=\"elementor-widget-container\">\n\t\t\t\t\t\t\t\t\t<div class=\"elementor-button-wrapper\">\n\t\t\t\t\t<a class=\"elementor-button elementor-button-link elementor-size-sm\" href=\"https:\/\/nfa-recruitment.nl\/pl\/contact\/\">\n\t\t\t\t\t\t<span class=\"elementor-button-content-wrapper\">\n\t\t\t\t\t\t\t\t\t<span class=\"elementor-button-text\">Rozpocznij z nami swoj\u0105 podr\u00f3\u017c<\/span>\n\t\t\t\t\t<\/span>\n\t\t\t\t\t<\/a>\n\t\t\t\t<\/div>\n\t\t\t\t\t\t\t\t<\/div>\n\t\t\t\t<\/div>\n\t\t\t\t\t<\/div>\n\t\t<\/div>\n\t\t\t\t\t<\/div>\n\t\t<\/section>\n\t\t\t\t\t<\/div>\n\t\t<\/div>\n\t\t\t\t\t<\/div>\n\t\t<\/section>\n\t\t\t\t<section class=\"elementor-section elementor-top-section elementor-element elementor-element-c37b37b elementor-section-boxed elementor-section-height-default elementor-section-height-default\" data-id=\"c37b37b\" data-element_type=\"section\" data-e-type=\"section\">\n\t\t\t\t\t\t<div class=\"elementor-container elementor-column-gap-default\">\n\t\t\t\t\t<div class=\"elementor-column elementor-col-100 elementor-top-column elementor-element elementor-element-3fd21f7\" data-id=\"3fd21f7\" data-element_type=\"column\" data-e-type=\"column\">\n\t\t\t<div class=\"elementor-widget-wrap elementor-element-populated\">\n\t\t\t\t\t\t<section class=\"elementor-section elementor-inner-section elementor-element elementor-element-0526c73 elementor-section-boxed elementor-section-height-default elementor-section-height-default\" data-id=\"0526c73\" data-element_type=\"section\" data-e-type=\"section\">\n\t\t\t\t\t\t<div class=\"elementor-container elementor-column-gap-no\">\n\t\t\t\t\t<div class=\"elementor-column elementor-col-100 elementor-inner-column elementor-element elementor-element-8195d84\" data-id=\"8195d84\" data-element_type=\"column\" data-e-type=\"column\" data-settings=\"{&quot;background_background&quot;:&quot;classic&quot;}\">\n\t\t\t<div class=\"elementor-widget-wrap elementor-element-populated\">\n\t\t\t\t\t\t<div class=\"elementor-element elementor-element-67835dc elementor-widget elementor-widget-heading\" data-id=\"67835dc\" data-element_type=\"widget\" data-e-type=\"widget\" data-widget_type=\"heading.default\">\n\t\t\t\t<div class=\"elementor-widget-container\">\n\t\t\t\t\t<h2 class=\"elementor-heading-title elementor-size-default\"><h1 style=\"font-size: 40px;font-weight: 600;font-family: Lato, sans-serif;color: #3e3d3d\">\n Certyfikaty NFA Recruitment\n  <span><\/span>\n<\/h1>\n<\/h2>\t\t\t\t<\/div>\n\t\t\t\t<\/div>\n\t\t\t\t<div class=\"elementor-element elementor-element-f260362 elementor-widget__width-initial elementor-widget elementor-widget-text-editor\" data-id=\"f260362\" data-element_type=\"widget\" data-e-type=\"widget\" data-widget_type=\"text-editor.default\">\n\t\t\t\t<div class=\"elementor-widget-container\">\n\t\t\t\t\t\t\t\t\t<p><strong><span style=\"vertical-align: inherit;\"><span style=\"vertical-align: inherit;\">Certyfikaty NFA Recruitment<\/span><\/span><\/strong><span style=\"vertical-align: inherit;\"><span style=\"vertical-align: inherit;\"> podkre\u015blaj\u0105 nasze zaanga\u017cowanie w transparentno\u015b\u0107, rzetelno\u015b\u0107 i zgodno\u015b\u0107 z obowi\u0105zuj\u0105cymi przepisami. Jako certyfikowana agencja zatrudnienia zapewniamy solidne podstawy ka\u017cdej wsp\u00f3\u0142pracy, wspierane uznanymi znakami jako\u015bci i mechanizmami kontrolnymi. <\/span><\/span><\/p><p><\/p><h2><span style=\"vertical-align: inherit;\"><span style=\"vertical-align: inherit;\">Znak jako\u015bci SNA (NEN 4400-1)<\/span><\/span><\/h2><p><span style=\"vertical-align: inherit;\"><span style=\"vertical-align: inherit;\">Posiadamy certyfikat zgodno\u015bci z norm\u0105 NEN 4400-1 i jeste\u015bmy wpisani do rejestru SNA. Znak jako\u015bci przyznawany jest firmom spe\u0142niaj\u0105cym rygorystyczne wymagania w zakresie podatk\u00f3w od wynagrodze\u0144, p\u0142atno\u015bci VAT oraz administracji kadrowo-p\u0142acowej.   <\/span><\/span><strong><span style=\"vertical-align: inherit;\"><span style=\"vertical-align: inherit;\">Certyfikat NFA Recruitment<\/span><\/span><\/strong><span style=\"vertical-align: inherit;\"><span style=\"vertical-align: inherit;\"> gwarantuje, \u017ce prawid\u0142owo wype\u0142niamy nasze zobowi\u0105zania podatkowe, a tym samym znacznie zmniejsza ryzyko odpowiedzialno\u015bci \u0142a\u0144cuchowej.<\/span><\/span><\/p><p><\/p><h2><span style=\"vertical-align: inherit;\"><span style=\"vertical-align: inherit;\">Konto G (rachunek blokowany)<\/span><\/span><\/h2><p><span style=\"vertical-align: inherit;\"><span style=\"vertical-align: inherit;\">Korzystamy z konta G \u2013 specjalnego numeru rachunku, na kt\u00f3rym klienci mog\u0105 zarezerwowa\u0107 cz\u0119\u015b\u0107 kwoty faktury na poczet op\u0142at z tytu\u0142u podatk\u00f3w i sk\u0142adek na ubezpieczenia spo\u0142eczne. System ten zapewnia dodatkowe bezpiecze\u0144stwo i chroni przed potencjalnym ryzykiem podatkowym przy zatrudnianiu lub podwykonawstwie. <\/span><\/span><\/p><p><\/p><h2><span style=\"vertical-align: inherit;\"><span style=\"vertical-align: inherit;\"><span style=\"vertical-align: inherit;\"><span style=\"vertical-align: inherit;\">O\u015bwiadczenie WKA<\/span><\/span><\/span><\/span><\/h2><p><span style=\"vertical-align: inherit;\"><span style=\"vertical-align: inherit;\">Zawsze dostarczamy aktualne i wa\u017cne o\u015bwiadczenie WKA wydane przez Urz\u0105d Skarbowy. Potwierdza ono, \u017ce terminowo i w pe\u0142ni wywi\u0105zujemy si\u0119 z naszych zobowi\u0105za\u0144 podatkowych. To wa\u017cny dokument, kt\u00f3ry mo\u017ce pos\u0142u\u017cy\u0107 jako dow\u00f3d na to, \u017ce wsp\u00f3\u0142pracuj\u0105 Pa\u0144stwo z wiarygodn\u0105 firm\u0105.  <\/span><\/span><\/p><p><\/p><h2><span style=\"vertical-align: inherit;\"><span style=\"vertical-align: inherit;\">Korzy\u015bci ze wsp\u00f3\u0142pracy z certyfikowan\u0105 agencj\u0105 zatrudnienia<\/span><\/span><\/h2><p><span style=\"vertical-align: inherit;\"><span style=\"vertical-align: inherit;\">Dzi\u0119ki <\/span><\/span><strong><span style=\"vertical-align: inherit;\"><span style=\"vertical-align: inherit;\">Certyfikaty rekrutacyjne NFA,<\/span><\/span><\/strong><span style=\"vertical-align: inherit;\"><span style=\"vertical-align: inherit;\"> klienci maj\u0105 pewno\u015b\u0107, \u017ce wsp\u00f3\u0142pracuj\u0105 z rzetelnym i profesjonalnym partnerem. Ryzyko dodatkowych zobowi\u0105za\u0144 podatkowych jest mniejsze, \u0142atwiej spe\u0142ni\u0107 wymogi prawne, a wsp\u00f3\u0142praca opiera si\u0119 na partnerze, kt\u00f3ry ma dobrze uporz\u0105dkowane procesy. <\/span><\/span><\/p><p><span style=\"vertical-align: inherit;\"><span style=\"vertical-align: inherit;\">Dodatkowo aktywnie wspieramy w zakresie zarz\u0105dzania ryzykiem, zgodno\u015bci administracyjnej oraz przejrzysto\u015bci w ca\u0142ym \u0142a\u0144cuchu. Nasze certyfikaty to nie formalno\u015b\u0107 \u2013 to realna gwarancja jako\u015bci i uczciwo\u015bci. <\/span><\/span><\/p><p><\/p><h2><span style=\"vertical-align: inherit;\"><span style=\"vertical-align: inherit;\">Chcesz wiedzie\u0107 wi\u0119cej lub nawi\u0105za\u0107 wsp\u00f3\u0142prac\u0119?<\/span><\/span><\/h2><p><span style=\"vertical-align: inherit;\"><span style=\"vertical-align: inherit;\">Masz pytania dotycz\u0105ce naszych certyfikat\u00f3w, potrzebujesz porady w zakresie odpowiedzialno\u015bci \u0142a\u0144cuchowej lub jeste\u015b zainteresowany wsp\u00f3\u0142prac\u0105 z NFA Recruitment? Skontaktuj si\u0119 z nami. Z przyjemno\u015bci\u0105 um\u00f3wimy si\u0119 na rozmow\u0119 osobist\u0105 lub niezobowi\u0105zuj\u0105ce spotkanie zapoznawcze.  <\/span><\/span><\/p><p><a href=\"https:\/\/nfa-recruitment.nl\/pl\/contact\/\"><span style=\"vertical-align: inherit;\"><span style=\"vertical-align: inherit;\">Skontaktuj si\u0119 z nami<\/span><\/span><\/a><span style=\"vertical-align: inherit;\"><span style=\"vertical-align: inherit;\"> i odkryj bezpiecze\u0144stwo pracy z certyfikowan\u0105 agencj\u0105 pracy w Holandii.<\/span><\/span><\/p>\t\t\t\t\t\t\t\t<\/div>\n\t\t\t\t<\/div>\n\t\t\t\t<div class=\"elementor-element elementor-element-e2760c3 elementor-align-left elementor-widget elementor-widget-button\" data-id=\"e2760c3\" data-element_type=\"widget\" data-e-type=\"widget\" data-widget_type=\"button.default\">\n\t\t\t\t<div class=\"elementor-widget-container\">\n\t\t\t\t\t\t\t\t\t<div class=\"elementor-button-wrapper\">\n\t\t\t\t\t<a class=\"elementor-button elementor-button-link elementor-size-sm\" href=\"https:\/\/nfa-recruitment.nl\/pl\/contact\/\">\n\t\t\t\t\t\t<span class=\"elementor-button-content-wrapper\">\n\t\t\t\t\t\t\t\t\t<span class=\"elementor-button-text\">Skontaktuj si\u0119 z nami<\/span>\n\t\t\t\t\t<\/span>\n\t\t\t\t\t<\/a>\n\t\t\t\t<\/div>\n\t\t\t\t\t\t\t\t<\/div>\n\t\t\t\t<\/div>\n\t\t\t\t\t<\/div>\n\t\t<\/div>\n\t\t\t\t\t<\/div>\n\t\t<\/section>\n\t\t\t\t\t<\/div>\n\t\t<\/div>\n\t\t\t\t\t<\/div>\n\t\t<\/section>\n\t\t\t\t<\/div>\n\t\t","protected":false},"excerpt":{"rendered":"<p>Certyfikaty NFA Recruitment W NFA Recruitment kluczowe s\u0105: transparentno\u015b\u0107, rzetelno\u015b\u0107 oraz zgodno\u015b\u0107 z przepisami prawa. Nasze certyfikaty potwierdzaj\u0105, \u017ce dzia\u0142amy zgodnie z najwy\u017cszymi standardami jako\u015bci [&hellip;]<\/p>\n","protected":false},"author":8,"featured_media":0,"parent":0,"menu_order":0,"comment_status":"closed","ping_status":"closed","template":"","meta":{"_acf_changed":false,"footnotes":""},"class_list":["post-4127","page","type-page","status-publish","hentry"],"acf":[],"_links":{"self":[{"href":"https:\/\/nfa-recruitment.nl\/pl\/wp-json\/wp\/v2\/pages\/4127","targetHints":{"allow":["GET"]}}],"collection":[{"href":"https:\/\/nfa-recruitment.nl\/pl\/wp-json\/wp\/v2\/pages"}],"about":[{"href":"https:\/\/nfa-recruitment.nl\/pl\/wp-json\/wp\/v2\/types\/page"}],"author":[{"embeddable":true,"href":"https:\/\/nfa-recruitment.nl\/pl\/wp-json\/wp\/v2\/users\/8"}],"replies":[{"embeddable":true,"href":"https:\/\/nfa-recruitment.nl\/pl\/wp-json\/wp\/v2\/comments?post=4127"}],"version-history":[{"count":7,"href":"https:\/\/nfa-recruitment.nl\/pl\/wp-json\/wp\/v2\/pages\/4127\/revisions"}],"predecessor-version":[{"id":5735,"href":"https:\/\/nfa-recruitment.nl\/pl\/wp-json\/wp\/v2\/pages\/4127\/revisions\/5735"}],"wp:attachment":[{"href":"https:\/\/nfa-recruitment.nl\/pl\/wp-json\/wp\/v2\/media?parent=4127"}],"curies":[{"name":"wp","href":"https:\/\/api.w.org\/{rel}","templated":true}]}}