{"id":3051,"date":"2024-09-03T07:24:14","date_gmt":"2024-09-03T07:24:14","guid":{"rendered":"https:\/\/nfa-recruitment.nl\/sectorul-hotelier\/"},"modified":"2025-07-25T10:15:24","modified_gmt":"2025-07-25T10:15:24","slug":"hotel-sector","status":"publish","type":"page","link":"https:\/\/nfa-recruitment.nl\/ro\/hotel-sector\/","title":{"rendered":"Sectorul hotelier"},"content":{"rendered":"\t\t<div data-elementor-type=\"wp-page\" data-elementor-id=\"3051\" class=\"elementor elementor-3051 elementor-1839\" data-elementor-post-type=\"page\">\n\t\t\t\t\t\t<section class=\"elementor-section elementor-top-section elementor-element elementor-element-0b9a72f elementor-section-full_width elementor-section-height-min-height elementor-section-height-default elementor-section-items-middle\" data-id=\"0b9a72f\" data-element_type=\"section\" data-e-type=\"section\" data-settings=\"{&quot;background_background&quot;:&quot;classic&quot;}\">\n\t\t\t\t\t\t<div class=\"elementor-container elementor-column-gap-no\">\n\t\t\t\t\t<div class=\"elementor-column elementor-col-100 elementor-top-column elementor-element elementor-element-03644aa\" data-id=\"03644aa\" data-element_type=\"column\" data-e-type=\"column\">\n\t\t\t<div class=\"elementor-widget-wrap\">\n\t\t\t\t\t\t\t<\/div>\n\t\t<\/div>\n\t\t\t\t\t<\/div>\n\t\t<\/section>\n\t\t\t\t<section class=\"elementor-section elementor-top-section elementor-element elementor-element-f1f2fdf elementor-section-boxed elementor-section-height-default elementor-section-height-default\" data-id=\"f1f2fdf\" data-element_type=\"section\" data-e-type=\"section\" data-settings=\"{&quot;background_background&quot;:&quot;classic&quot;}\">\n\t\t\t\t\t\t<div class=\"elementor-container elementor-column-gap-default\">\n\t\t\t\t\t<div class=\"elementor-column elementor-col-100 elementor-top-column elementor-element elementor-element-eaa2cc1\" data-id=\"eaa2cc1\" data-element_type=\"column\" data-e-type=\"column\">\n\t\t\t<div class=\"elementor-widget-wrap elementor-element-populated\">\n\t\t\t\t\t\t<div class=\"elementor-element elementor-element-fdfd2dc elementor-widget elementor-widget-theme-post-title elementor-page-title elementor-widget-heading\" data-id=\"fdfd2dc\" data-element_type=\"widget\" data-e-type=\"widget\" data-widget_type=\"theme-post-title.default\">\n\t\t\t\t<div class=\"elementor-widget-container\">\n\t\t\t\t\t<h1 class=\"elementor-heading-title elementor-size-default\">Sectorul hotelier<\/h1>\t\t\t\t<\/div>\n\t\t\t\t<\/div>\n\t\t\t\t\t<\/div>\n\t\t<\/div>\n\t\t\t\t\t<\/div>\n\t\t<\/section>\n\t\t\t\t<section class=\"elementor-section elementor-top-section elementor-element elementor-element-da6a235 elementor-section-boxed elementor-section-height-default elementor-section-height-default\" data-id=\"da6a235\" data-element_type=\"section\" data-e-type=\"section\">\n\t\t\t\t\t\t<div class=\"elementor-container elementor-column-gap-default\">\n\t\t\t\t\t<div class=\"elementor-column elementor-col-100 elementor-top-column elementor-element elementor-element-f0bd480\" data-id=\"f0bd480\" data-element_type=\"column\" data-e-type=\"column\">\n\t\t\t<div class=\"elementor-widget-wrap elementor-element-populated\">\n\t\t\t\t\t\t<div class=\"elementor-element elementor-element-b0f86f5 elementor-widget elementor-widget-text-editor\" data-id=\"b0f86f5\" data-element_type=\"widget\" data-e-type=\"widget\" data-widget_type=\"text-editor.default\">\n\t\t\t\t<div class=\"elementor-widget-container\">\n\t\t\t\t\t\t\t\t\t<h1 style=\"font-size: 24px; line-height: 1.5; color: #3e3d3d; font-weight: bold;\">Locuri de munc\u0103 \u00een hoteluri din \u021a\u0103rile de Jos &#8211; Munc\u0103 \u00een menaj, recep\u021bie \u0219i ospitalitate<\/h1>\n<p style=\"color: #3e3d3d;\">Dori\u021bi s\u0103 v\u0103 \u00eencepe\u021bi sau s\u0103 v\u0103 dezvolta\u021bi cariera \u00een sectorul hotelier din \u021a\u0103rile de Jos? NFA Recruitment pune \u00een leg\u0103tur\u0103 persoanele aflate \u00een c\u0103utarea unui loc de munc\u0103 cu locuri de munc\u0103 de \u00eencredere \u00een sectorul hotelier, precum menaj, recep\u021bie, servicii, personal de buc\u0103t\u0103rie \u0219i management hotelier. Lucr\u0103m cu hoteluri aflate pe o raz\u0103 de 100 km de Amsterdam, inclusiv Utrecht, Haarlem, Leiden \u0219i Almere, \u0219i oferim diverse oportunit\u0103\u021bi de carier\u0103 \u00een industria ospitalit\u0103\u021bii.<\/p>\n<h2 style=\"font-size: 20px; line-height: 1.5; color: #3e3d3d; font-weight: bold;\">De ce s\u0103 lucra\u021bi \u00een sectorul hotelier olandez?<\/h2>\n<ul style=\"color: #3e3d3d;\">\n<li><strong>Salarii \u0219i condi\u021bii de munc\u0103 competitive:<\/strong> Bucura\u021bi-v\u0103 de recompense atractive \u0219i condi\u021bii de lucru excelente.<\/li>\n<li><strong>Locuri de munc\u0103 permanente \u0219i temporare disponibile:<\/strong> Alege\u021bi \u00eentre oportunit\u0103\u021bi de carier\u0103 pe termen lung sau posturi temporare flexibile.<\/li>\n<li><strong>Oportunit\u0103\u021bi de carier\u0103 \u00een hoteluri interna\u021bionale:<\/strong> Lucra\u021bi la unele dintre cele mai renumite branduri hoteliere din lume \u00een \u021a\u0103rile de Jos.<\/li>\n<\/ul>\n<h2 style=\"font-size: 20px; line-height: 1.5; color: #3e3d3d; font-weight: bold;\">Pentru angajatori: angajarea rapid\u0103 a personalului calificat<\/h2>\n<p style=\"color: #3e3d3d;\">Hotelul dvs. are nevoie urgent\u0103 de personal de \u00eencredere? NFA Recruitment este specializat\u0103 \u00een furnizarea de personal de cur\u0103\u021benie, recep\u021bioneri, buc\u0103tari \u0219i osp\u0103tari cu experien\u021b\u0103. \u00cen\u021belegem c\u00e2t de important este s\u0103 avem rapid personal calificat la fa\u021ba locului, iar candida\u021bii no\u0219tri sunt flexibili, de \u00eencredere \u0219i u\u0219or disponibili. Asigur\u0103m un proces de recrutare f\u0103r\u0103 probleme, astfel \u00eenc\u00e2t hotelul dumneavoastr\u0103 s\u0103 primeasc\u0103 rapid personalul potrivit.<\/p>\n<h2 style=\"font-size: 20px; line-height: 1.5; color: #3e3d3d; font-weight: bold;\">\u00cencepe\u021bi cu NFA Recruitment<\/h2>\n<p style=\"color: #3e3d3d;\">Fie c\u0103 sunte\u021bi o persoan\u0103 \u00een c\u0103utarea unui loc de munc\u0103 sau un angajator din industria ospitalit\u0103\u021bii, NFA Recruitment este agen\u021bia dvs. de ocupare a for\u021bei de munc\u0103 pentru toate locurile de munc\u0103 din domeniul hotelier din \u021a\u0103rile de Jos. Pentru persoanele aflate \u00een c\u0103utarea unui loc de munc\u0103, oferim acces direct la o gam\u0103 larg\u0103 de locuri de munc\u0103 \u00een domeniul hotelier, \u00een timp ce pentru angajatori asigur\u0103m o recrutare rapid\u0103, fiabil\u0103 \u0219i eficient\u0103.<\/p>\n<p style=\"color: #3e3d3d;\">Dac\u0103 sunte\u021bi interesat de o carier\u0103 \u00een industria hotelier\u0103 olandez\u0103 sau ave\u021bi nevoie de ajutor pentru dotarea hotelului dumneavoastr\u0103, <a style=\"color: #007bff;\" href=\"https:\/\/nfa-recruitment.nl\/neem-contact-met-ons-op\/\">contacta\u021bi-ne ast\u0103zi<\/a> pentru a discuta despre nevoile dumneavoastr\u0103.<\/p>\n<h2 style=\"font-size: 20px; line-height: 1.5; color: #3e3d3d; font-weight: bold;\">Trimite\u021bi aplica\u021bia deschis\u0103<\/h2>\n<p style=\"color: #3e3d3d;\">Dac\u0103 nu vede\u021bi postul potrivit \u00een list\u0103, trimite\u021bi-ne o cerere deschis\u0103 \u00eempreun\u0103 cu CV-ul dumneavoastr\u0103. V\u0103 vom contacta atunci c\u00e2nd se va ivi o oportunitate potrivit\u0103 \u00een industria hotelier\u0103.<\/p>\n<p style=\"color: #3e3d3d;\">Al\u0103tura\u021bi-v\u0103 sectorului hotelier olandez \u0219i descoperi\u021bi oportunit\u0103\u021bi de carier\u0103 interesante \u00een menaj, recep\u021bie, servicii \u0219i management hotelier.<\/p>\t\t\t\t\t\t\t\t<\/div>\n\t\t\t\t<\/div>\n\t\t\t\t\t<\/div>\n\t\t<\/div>\n\t\t\t\t\t<\/div>\n\t\t<\/section>\n\t\t\t\t<section class=\"elementor-section elementor-top-section elementor-element elementor-element-aa715da elementor-section-boxed elementor-section-height-default elementor-section-height-default\" data-id=\"aa715da\" data-element_type=\"section\" data-e-type=\"section\" data-settings=\"{&quot;background_background&quot;:&quot;classic&quot;}\">\n\t\t\t\t\t\t<div class=\"elementor-container elementor-column-gap-default\">\n\t\t\t\t\t<div class=\"elementor-column elementor-col-100 elementor-top-column elementor-element elementor-element-47058ff\" data-id=\"47058ff\" data-element_type=\"column\" data-e-type=\"column\">\n\t\t\t<div class=\"elementor-widget-wrap elementor-element-populated\">\n\t\t\t\t\t\t\t<\/div>\n\t\t<\/div>\n\t\t\t\t\t<\/div>\n\t\t<\/section>\n\t\t\t\t<section class=\"elementor-section elementor-top-section elementor-element elementor-element-43875b8 elementor-section-boxed elementor-section-height-default elementor-section-height-default\" data-id=\"43875b8\" data-element_type=\"section\" data-e-type=\"section\" data-settings=\"{&quot;background_background&quot;:&quot;classic&quot;}\">\n\t\t\t\t\t\t<div class=\"elementor-container elementor-column-gap-default\">\n\t\t\t\t\t<div class=\"elementor-column elementor-col-100 elementor-top-column elementor-element elementor-element-6d5bc2d\" data-id=\"6d5bc2d\" data-element_type=\"column\" data-e-type=\"column\">\n\t\t\t<div class=\"elementor-widget-wrap elementor-element-populated\">\n\t\t\t\t\t\t<div class=\"elementor-element elementor-element-c68ac5d elementor-widget elementor-widget-spacer\" data-id=\"c68ac5d\" data-element_type=\"widget\" data-e-type=\"widget\" data-widget_type=\"spacer.default\">\n\t\t\t\t<div class=\"elementor-widget-container\">\n\t\t\t\t\t\t\t<div class=\"elementor-spacer\">\n\t\t\t<div class=\"elementor-spacer-inner\"><\/div>\n\t\t<\/div>\n\t\t\t\t\t\t<\/div>\n\t\t\t\t<\/div>\n\t\t\t\t\t<\/div>\n\t\t<\/div>\n\t\t\t\t\t<\/div>\n\t\t<\/section>\n\t\t\t\t<\/div>\n\t\t","protected":false},"excerpt":{"rendered":"<p>Locuri de munc\u0103 \u00een hoteluri din \u021a\u0103rile de Jos &#8211; Munc\u0103 \u00een menaj, recep\u021bie \u0219i ospitalitate Dori\u021bi s\u0103 v\u0103 \u00eencepe\u021bi sau s\u0103 v\u0103 dezvolta\u021bi cariera [&hellip;]<\/p>\n","protected":false},"author":1,"featured_media":0,"parent":0,"menu_order":0,"comment_status":"closed","ping_status":"closed","template":"","meta":{"_acf_changed":false,"footnotes":""},"class_list":["post-3051","page","type-page","status-publish","hentry"],"acf":[],"_links":{"self":[{"href":"https:\/\/nfa-recruitment.nl\/ro\/wp-json\/wp\/v2\/pages\/3051","targetHints":{"allow":["GET"]}}],"collection":[{"href":"https:\/\/nfa-recruitment.nl\/ro\/wp-json\/wp\/v2\/pages"}],"about":[{"href":"https:\/\/nfa-recruitment.nl\/ro\/wp-json\/wp\/v2\/types\/page"}],"author":[{"embeddable":true,"href":"https:\/\/nfa-recruitment.nl\/ro\/wp-json\/wp\/v2\/users\/1"}],"replies":[{"embeddable":true,"href":"https:\/\/nfa-recruitment.nl\/ro\/wp-json\/wp\/v2\/comments?post=3051"}],"version-history":[{"count":13,"href":"https:\/\/nfa-recruitment.nl\/ro\/wp-json\/wp\/v2\/pages\/3051\/revisions"}],"predecessor-version":[{"id":5782,"href":"https:\/\/nfa-recruitment.nl\/ro\/wp-json\/wp\/v2\/pages\/3051\/revisions\/5782"}],"wp:attachment":[{"href":"https:\/\/nfa-recruitment.nl\/ro\/wp-json\/wp\/v2\/media?parent=3051"}],"curies":[{"name":"wp","href":"https:\/\/api.w.org\/{rel}","templated":true}]}}