{"id":3059,"date":"2024-09-03T07:24:15","date_gmt":"2024-09-03T07:24:15","guid":{"rendered":"https:\/\/nfa-recruitment.nl\/caut-un-angajat\/"},"modified":"2025-04-01T14:41:16","modified_gmt":"2025-04-01T14:41:16","slug":"caut-un-angajat","status":"publish","type":"page","link":"https:\/\/nfa-recruitment.nl\/ro\/caut-un-angajat\/","title":{"rendered":"Caut un angajat"},"content":{"rendered":"\t\t<div data-elementor-type=\"wp-page\" data-elementor-id=\"3059\" class=\"elementor elementor-3059 elementor-917\" data-elementor-post-type=\"page\">\n\t\t\t\t\t\t<section class=\"elementor-section elementor-top-section elementor-element elementor-element-80d83b1 elementor-section-full_width elementor-section-height-min-height elementor-section-height-default elementor-section-items-middle\" data-id=\"80d83b1\" data-element_type=\"section\" data-e-type=\"section\" data-settings=\"{&quot;background_background&quot;:&quot;classic&quot;}\">\n\t\t\t\t\t\t\t<div class=\"elementor-background-overlay\"><\/div>\n\t\t\t\t\t\t\t<div class=\"elementor-container elementor-column-gap-no\">\n\t\t\t\t\t<div class=\"elementor-column elementor-col-100 elementor-top-column elementor-element elementor-element-28321dc\" data-id=\"28321dc\" data-element_type=\"column\" data-e-type=\"column\">\n\t\t\t<div class=\"elementor-widget-wrap elementor-element-populated\">\n\t\t\t\t\t\t<section class=\"elementor-section elementor-inner-section elementor-element elementor-element-0bb3df4 elementor-section-boxed elementor-section-height-default elementor-section-height-default\" data-id=\"0bb3df4\" data-element_type=\"section\" data-e-type=\"section\">\n\t\t\t\t\t\t<div class=\"elementor-container elementor-column-gap-default\">\n\t\t\t\t\t<div class=\"elementor-column elementor-col-100 elementor-inner-column elementor-element elementor-element-3412a22\" data-id=\"3412a22\" data-element_type=\"column\" data-e-type=\"column\">\n\t\t\t<div class=\"elementor-widget-wrap elementor-element-populated\">\n\t\t\t\t\t\t<div class=\"elementor-element elementor-element-8339077 elementor-widget elementor-widget-heading\" data-id=\"8339077\" data-element_type=\"widget\" data-e-type=\"widget\" data-widget_type=\"heading.default\">\n\t\t\t\t<div class=\"elementor-widget-container\">\n\t\t\t\t\t<h2 class=\"elementor-heading-title elementor-size-default\">Caut\npentru un angajat\n\n<\/h2>\t\t\t\t<\/div>\n\t\t\t\t<\/div>\n\t\t\t\t<div class=\"elementor-element elementor-element-85e8b26 elementor-widget elementor-widget-text-editor\" data-id=\"85e8b26\" data-element_type=\"widget\" data-e-type=\"widget\" data-widget_type=\"text-editor.default\">\n\t\t\t\t<div class=\"elementor-widget-container\">\n\t\t\t\t\t\t\t\t\t<p>Organiza\u021bia dvs. lucreaz\u0103 \u00een industria transportului aerian de marf\u0103 \u0219i sunte\u021bi \u00een c\u0103utarea de personal suplimentar (rapid)? Atunci a\u021bi ajuns la locul potrivit. <\/p>\t\t\t\t\t\t\t\t<\/div>\n\t\t\t\t<\/div>\n\t\t\t\t<div class=\"elementor-element elementor-element-0d305c1 elementor-widget elementor-widget-button\" data-id=\"0d305c1\" data-element_type=\"widget\" data-e-type=\"widget\" data-widget_type=\"button.default\">\n\t\t\t\t<div class=\"elementor-widget-container\">\n\t\t\t\t\t\t\t\t\t<div class=\"elementor-button-wrapper\">\n\t\t\t\t\t<a class=\"elementor-button elementor-button-link elementor-size-sm\" href=\"http:\/\/p\u0103pu\u0219\u0103\">\n\t\t\t\t\t\t<span class=\"elementor-button-content-wrapper\">\n\t\t\t\t\t\t\t\t\t<span class=\"elementor-button-text\">Te mi\u0219ti repede?<\/span>\n\t\t\t\t\t<\/span>\n\t\t\t\t\t<\/a>\n\t\t\t\t<\/div>\n\t\t\t\t\t\t\t\t<\/div>\n\t\t\t\t<\/div>\n\t\t\t\t\t<\/div>\n\t\t<\/div>\n\t\t\t\t\t<\/div>\n\t\t<\/section>\n\t\t\t\t\t<\/div>\n\t\t<\/div>\n\t\t\t\t\t<\/div>\n\t\t<\/section>\n\t\t\t\t<section class=\"elementor-section elementor-top-section elementor-element elementor-element-bbb9137 elementor-section-boxed elementor-section-height-default elementor-section-height-default\" data-id=\"bbb9137\" data-element_type=\"section\" data-e-type=\"section\">\n\t\t\t\t\t\t<div class=\"elementor-container elementor-column-gap-default\">\n\t\t\t\t\t<div class=\"elementor-column elementor-col-100 elementor-top-column elementor-element elementor-element-9c27585\" data-id=\"9c27585\" data-element_type=\"column\" data-e-type=\"column\">\n\t\t\t<div class=\"elementor-widget-wrap elementor-element-populated\">\n\t\t\t\t\t\t<section class=\"elementor-section elementor-inner-section elementor-element elementor-element-c83237d elementor-section-boxed elementor-section-height-default elementor-section-height-default\" data-id=\"c83237d\" data-element_type=\"section\" data-e-type=\"section\">\n\t\t\t\t\t\t<div class=\"elementor-container elementor-column-gap-no\">\n\t\t\t\t\t<div class=\"elementor-column elementor-col-100 elementor-inner-column elementor-element elementor-element-06d44ca\" data-id=\"06d44ca\" data-element_type=\"column\" data-e-type=\"column\" data-settings=\"{&quot;background_background&quot;:&quot;classic&quot;}\">\n\t\t\t<div class=\"elementor-widget-wrap elementor-element-populated\">\n\t\t\t\t\t\t<div class=\"elementor-element elementor-element-093af18 elementor-widget elementor-widget-heading\" data-id=\"093af18\" data-element_type=\"widget\" data-e-type=\"widget\" data-widget_type=\"heading.default\">\n\t\t\t\t<div class=\"elementor-widget-container\">\n\t\t\t\t\t<h2 class=\"elementor-heading-title elementor-size-default\">Caut personal<\/h2>\t\t\t\t<\/div>\n\t\t\t\t<\/div>\n\t\t\t\t<div class=\"elementor-element elementor-element-d132f7b elementor-widget elementor-widget-text-editor\" data-id=\"d132f7b\" data-element_type=\"widget\" data-e-type=\"widget\" data-widget_type=\"text-editor.default\">\n\t\t\t\t<div class=\"elementor-widget-container\">\n\t\t\t\t\t\t\t\t\t<p>Avem peste 20 de ani de experien\u021b\u0103 \u00een transportul aerian de marf\u0103 \u0219i \u0219tim mai bine dec\u00e2t oricine c\u00e2t de important este s\u0103 avem personal calificat \u0219i de calitate. Din p\u0103cate, ace\u0219ti oameni sunt adesea greu de g\u0103sit. \u00cen special pentru agen\u021biile generale de ocupare a for\u021bei de munc\u0103. Acestea pur \u0219i simplu nu sunt suficient de familiarizate cu industria noastr\u0103 \u0219i cu cerin\u021bele pe care le impunem personalului nostru. Acesta este motivul pentru care a fost \u00eenfiin\u021bat\u0103 NFA. Un loc \u00een care antreprenorii \u0219i persoanele aflate \u00een c\u0103utarea unui loc de munc\u0103 din industria aviatic\u0103 se pot g\u0103si reciproc.    Unde locurile de munc\u0103 pot fi c\u0103utate rapid \u0219i eficient. Unde candida\u021bii instrui\u021bi, examina\u021bi \u0219i cu certificatele potrivite pot \u00eencepe s\u0103 lucreze direct pentru dumneavoastr\u0103.<\/p><h4><strong>Trecerea rapid\u0103 la treab\u0103<\/strong><\/h4><p>Deoarece avem sediul la Aeroportul Schiphol, cozile sunt scurte \u0219i v\u0103 putem ajuta rapid. Cunoa\u0219tem intr\u0103rile \u0219i ie\u0219irile din industria aviatic\u0103 \u0219i am construit o re\u021bea larg\u0103 \u00een lumea logisticii (interna\u021bionale). Datorit\u0103 cursurilor noastre interne de formare, v\u0103 putem oferi personal calificat \u0219i de \u00eencredere.  <\/p><p>NFA se asigur\u0103 c\u0103, \u00eenainte de a \u00eencepe s\u0103 lucreze pentru dvs., un candidat a absolvit formarea corespunz\u0103toare. Oferim diverse cursuri de formare (specializate), cum ar fi un curs de stivuitor sau de construc\u021bie a pl\u0103cilor de avion.  \u00cen plus, to\u021bi candida\u021bii sunt examina\u021bi \u0219i asista\u021bi \u00een vederea ob\u021binerii certificatului de non-obiec\u021biune (VGB). Astfel, candida\u021bii sunt gata s\u0103 \u00eenceap\u0103 imediat, iar dvs. sunte\u021bi u\u0219urat \u00een procesul de formare a noului personal.<\/p><h4><strong>Posta\u021bi un loc de munc\u0103<\/strong><\/h4><p>Sunte\u021bi \u00een c\u0103utarea de personal nou \u0219i expert \u00een domeniul logisticii \u0219i transportului? Atunci posta\u021bi postul dvs. vacant pe site-ul NFA. Vom \u00eencepe imediat s\u0103 lucr\u0103m la cererea dumneavoastr\u0103 \u0219i v\u0103 vom \u021bine la curent cu toate progresele.  <\/p>\t\t\t\t\t\t\t\t<\/div>\n\t\t\t\t<\/div>\n\t\t\t\t<div class=\"elementor-element elementor-element-9f54548 elementor-align-left elementor-widget elementor-widget-button\" data-id=\"9f54548\" data-element_type=\"widget\" data-e-type=\"widget\" data-widget_type=\"button.default\">\n\t\t\t\t<div class=\"elementor-widget-container\">\n\t\t\t\t\t\t\t\t\t<div class=\"elementor-button-wrapper\">\n\t\t\t\t\t<a class=\"elementor-button elementor-button-link elementor-size-sm\" href=\"https:\/\/nfa-recruitment.nl\/ro\/contact\/\">\n\t\t\t\t\t\t<span class=\"elementor-button-content-wrapper\">\n\t\t\t\t\t\t\t\t\t<span class=\"elementor-button-text\">Intra\u021bi \u00een contact<\/span>\n\t\t\t\t\t<\/span>\n\t\t\t\t\t<\/a>\n\t\t\t\t<\/div>\n\t\t\t\t\t\t\t\t<\/div>\n\t\t\t\t<\/div>\n\t\t\t\t\t<\/div>\n\t\t<\/div>\n\t\t\t\t\t<\/div>\n\t\t<\/section>\n\t\t\t\t\t<\/div>\n\t\t<\/div>\n\t\t\t\t\t<\/div>\n\t\t<\/section>\n\t\t\t\t<section class=\"elementor-section elementor-top-section elementor-element elementor-element-a5bd025 elementor-section-boxed elementor-section-height-default elementor-section-height-default\" data-id=\"a5bd025\" data-element_type=\"section\" data-e-type=\"section\" data-settings=\"{&quot;background_background&quot;:&quot;classic&quot;}\">\n\t\t\t\t\t\t<div class=\"elementor-container elementor-column-gap-default\">\n\t\t\t\t\t<div class=\"elementor-column elementor-col-100 elementor-top-column elementor-element elementor-element-c23c4ce\" data-id=\"c23c4ce\" data-element_type=\"column\" data-e-type=\"column\">\n\t\t\t<div class=\"elementor-widget-wrap elementor-element-populated\">\n\t\t\t\t\t\t<section class=\"elementor-section elementor-inner-section elementor-element elementor-element-cc9ca35 elementor-section-boxed elementor-section-height-default elementor-section-height-default\" data-id=\"cc9ca35\" data-element_type=\"section\" data-e-type=\"section\">\n\t\t\t\t\t\t<div class=\"elementor-container elementor-column-gap-default\">\n\t\t\t\t\t<div class=\"elementor-column elementor-col-50 elementor-inner-column elementor-element elementor-element-6d2e34c\" data-id=\"6d2e34c\" data-element_type=\"column\" data-e-type=\"column\">\n\t\t\t<div class=\"elementor-widget-wrap elementor-element-populated\">\n\t\t\t\t\t\t<div class=\"elementor-element elementor-element-25c4570 elementor-widget elementor-widget-heading\" data-id=\"25c4570\" data-element_type=\"widget\" data-e-type=\"widget\" data-widget_type=\"heading.default\">\n\t\t\t\t<div class=\"elementor-widget-container\">\n\t\t\t\t\t<h2 class=\"elementor-heading-title elementor-size-default\">NFA Neutral Freight Academy BV<\/h2>\t\t\t\t<\/div>\n\t\t\t\t<\/div>\n\t\t\t\t\t<\/div>\n\t\t<\/div>\n\t\t\t\t<div class=\"elementor-column elementor-col-50 elementor-inner-column elementor-element elementor-element-b627edf\" data-id=\"b627edf\" data-element_type=\"column\" data-e-type=\"column\">\n\t\t\t<div class=\"elementor-widget-wrap elementor-element-populated\">\n\t\t\t\t\t\t<div class=\"elementor-element elementor-element-f2973ec elementor-widget elementor-widget-heading\" data-id=\"f2973ec\" data-element_type=\"widget\" data-e-type=\"widget\" data-widget_type=\"heading.default\">\n\t\t\t\t<div class=\"elementor-widget-container\">\n\t\t\t\t\t<h2 class=\"elementor-heading-title elementor-size-default\">C\u0103uta\u021bi un loc de munc\u0103 \u00een sectorul logistic? Atunci arunca\u021bi o privire la oportunit\u0103\u021bile din industria transportului aerian de marf\u0103. Munc\u0103 provocatoare la companii extraordinare. Fiecare zi este diferit\u0103!   <\/h2>\t\t\t\t<\/div>\n\t\t\t\t<\/div>\n\t\t\t\t<div class=\"elementor-element elementor-element-a25767c elementor-align-left elementor-widget elementor-widget-button\" data-id=\"a25767c\" data-element_type=\"widget\" data-e-type=\"widget\" data-widget_type=\"button.default\">\n\t\t\t\t<div class=\"elementor-widget-container\">\n\t\t\t\t\t\t\t\t\t<div class=\"elementor-button-wrapper\">\n\t\t\t\t\t<a class=\"elementor-button elementor-button-link elementor-size-sm\" href=\"https:\/\/nfa-recruitment.nl\/ikzoekeenbaan\/\">\n\t\t\t\t\t\t<span class=\"elementor-button-content-wrapper\">\n\t\t\t\t\t\t\t\t\t<span class=\"elementor-button-text\">Dori\u021bi s\u0103 afla\u021bi mai multe?<\/span>\n\t\t\t\t\t<\/span>\n\t\t\t\t\t<\/a>\n\t\t\t\t<\/div>\n\t\t\t\t\t\t\t\t<\/div>\n\t\t\t\t<\/div>\n\t\t\t\t\t<\/div>\n\t\t<\/div>\n\t\t\t\t\t<\/div>\n\t\t<\/section>\n\t\t\t\t\t<\/div>\n\t\t<\/div>\n\t\t\t\t\t<\/div>\n\t\t<\/section>\n\t\t\t\t<section class=\"elementor-section elementor-top-section elementor-element elementor-element-1930aaf elementor-section-boxed elementor-section-height-default elementor-section-height-default\" data-id=\"1930aaf\" data-element_type=\"section\" data-e-type=\"section\">\n\t\t\t\t\t\t<div class=\"elementor-container elementor-column-gap-no\">\n\t\t\t\t\t<div class=\"elementor-column elementor-col-100 elementor-top-column elementor-element elementor-element-380d97c\" data-id=\"380d97c\" data-element_type=\"column\" data-e-type=\"column\">\n\t\t\t<div class=\"elementor-widget-wrap elementor-element-populated\">\n\t\t\t\t\t\t<div class=\"elementor-element elementor-element-ce68dbd elementor-grid-3 elementor-grid-tablet-2 elementor-grid-mobile-1 elementor-posts--thumbnail-top elementor-card-shadow-yes elementor-posts__hover-gradient elementor-widget elementor-widget-posts\" data-id=\"ce68dbd\" data-element_type=\"widget\" data-e-type=\"widget\" data-settings=\"{&quot;_animation&quot;:&quot;none&quot;,&quot;cards_columns&quot;:&quot;3&quot;,&quot;cards_columns_tablet&quot;:&quot;2&quot;,&quot;cards_columns_mobile&quot;:&quot;1&quot;,&quot;cards_row_gap&quot;:{&quot;unit&quot;:&quot;px&quot;,&quot;size&quot;:35,&quot;sizes&quot;:[]},&quot;cards_row_gap_tablet&quot;:{&quot;unit&quot;:&quot;px&quot;,&quot;size&quot;:&quot;&quot;,&quot;sizes&quot;:[]},&quot;cards_row_gap_mobile&quot;:{&quot;unit&quot;:&quot;px&quot;,&quot;size&quot;:&quot;&quot;,&quot;sizes&quot;:[]}}\" data-widget_type=\"posts.cards\">\n\t\t\t\t<div class=\"elementor-widget-container\">\n\t\t\t\t\t\t\t<div class=\"elementor-posts-container elementor-posts elementor-posts--skin-cards elementor-grid\" role=\"list\">\n\t\t\t\t<article class=\"elementor-post elementor-grid-item post-3810 jobpost type-jobpost status-publish hentry jobpost_tag-coordonator jobpost_tag-coordonator-depozit jobpost_tag-coordonator-lant-aprovizionare jobpost_tag-coordonator-logistic jobpost_tag-coordonator-operatiuni\" role=\"listitem\">\n\t\t\t<div class=\"elementor-post__card\">\n\t\t\t\t<div class=\"elementor-post__text\">\n\t\t\t\t<h3 class=\"elementor-post__title\">\n\t\t\t<a href=\"https:\/\/nfa-recruitment.nl\/ro\/jobs\/coordinator-job-at-nfa-schiphol-area\/\" >\n\t\t\t\tCoordonator Job at NFA (Schiphol Area)\t\t\t<\/a>\n\t\t<\/h3>\n\t\t\t\t<div class=\"elementor-post__excerpt\">\n\t\t\t<p>\ud83c\udfaf Loc de munc\u0103 Coordinator la Neutral Freight Academy (zona Schiphol) \ud83c\udfaf Sunte\u021bi gata s\u0103 v\u0103 asuma\u021bi un rol dinamic \u00eentr-un mediu cu ritm rapid?<\/p>\n\t\t<\/div>\n\t\t\n\t\t<a class=\"elementor-post__read-more\" href=\"https:\/\/nfa-recruitment.nl\/ro\/jobs\/coordinator-job-at-nfa-schiphol-area\/\" aria-label=\"Read more about Coordonator Job at NFA (Schiphol Area)\" tabindex=\"-1\" >\n\t\t\tContinua\u021bi s\u0103 citi\u021bi \"\t\t<\/a>\n\n\t\t\t\t<\/div>\n\t\t\t\t\t<\/div>\n\t\t<\/article>\n\t\t\t\t<article class=\"elementor-post elementor-grid-item post-3818 jobpost type-jobpost status-publish hentry jobpost_tag-air-monitoring-ro jobpost_tag-air-quality-technician-ro jobpost_tag-stiinta-mediului jobpost_tag-tehnician-de-mediu jobpost_tag-tehnician-junior\" role=\"listitem\">\n\t\t\t<div class=\"elementor-post__card\">\n\t\t\t\t<div class=\"elementor-post__text\">\n\t\t\t\t<h3 class=\"elementor-post__title\">\n\t\t\t<a href=\"https:\/\/nfa-recruitment.nl\/ro\/jobs\/junior-technician-air-quality\/\" >\n\t\t\t\tTehnician debutant &#8211; calitatea aerului\t\t\t<\/a>\n\t\t<\/h3>\n\t\t\t\t<div class=\"elementor-post__excerpt\">\n\t\t\t<p>\ud83d\udea8 Tehnician debutant (calitatea aerului) &#8211; Lucrez \u00een Olanda | Utrecht \ud83d\udea8 NFA Uitzendbureau, o agen\u021bie de ocupare a for\u021bei de munc\u0103 specializat\u0103 \u00een sectoarele<\/p>\n\t\t<\/div>\n\t\t\n\t\t<a class=\"elementor-post__read-more\" href=\"https:\/\/nfa-recruitment.nl\/ro\/jobs\/junior-technician-air-quality\/\" aria-label=\"Read more about Tehnician debutant &#8211; calitatea aerului\" tabindex=\"-1\" >\n\t\t\tContinua\u021bi s\u0103 citi\u021bi \"\t\t<\/a>\n\n\t\t\t\t<\/div>\n\t\t\t\t\t<\/div>\n\t\t<\/article>\n\t\t\t\t<article class=\"elementor-post elementor-grid-item post-3826 jobpost type-jobpost status-publish hentry jobpost_category-birou jobpost_category-logistica jobpost_job_type-cu-norma-intreaga jobpost_tag-accounting-clerk-ro-2 jobpost_tag-administratie-financiara jobpost_tag-administrator-de-salarii jobpost_tag-asistent-financiar jobpost_tag-bookkeeping-ro-2\" role=\"listitem\">\n\t\t\t<div class=\"elementor-post__card\">\n\t\t\t\t<div class=\"elementor-post__text\">\n\t\t\t\t<h3 class=\"elementor-post__title\">\n\t\t\t<a href=\"https:\/\/nfa-recruitment.nl\/ro\/jobs\/financial-administration-employee\/\" >\n\t\t\t\tAngajat Administra\u021bie financiar\u0103\t\t\t<\/a>\n\t\t<\/h3>\n\t\t\t\t<div class=\"elementor-post__excerpt\">\n\t\t\t<p>Ce a\u0219tept\u0103ri avem de la dumneavoastr\u0103?<\/p>\n\t\t<\/div>\n\t\t\n\t\t<a class=\"elementor-post__read-more\" href=\"https:\/\/nfa-recruitment.nl\/ro\/jobs\/financial-administration-employee\/\" aria-label=\"Read more about Angajat Administra\u021bie financiar\u0103\" tabindex=\"-1\" >\n\t\t\tContinua\u021bi s\u0103 citi\u021bi \"\t\t<\/a>\n\n\t\t\t\t<\/div>\n\t\t\t\t\t<\/div>\n\t\t<\/article>\n\t\t\t\t<\/div>\n\t\t\n\t\t\t\t\t\t<\/div>\n\t\t\t\t<\/div>\n\t\t\t\t<div class=\"elementor-element elementor-element-07b1dbe elementor-align-left elementor-widget elementor-widget-button\" data-id=\"07b1dbe\" data-element_type=\"widget\" data-e-type=\"widget\" data-widget_type=\"button.default\">\n\t\t\t\t<div class=\"elementor-widget-container\">\n\t\t\t\t\t\t\t\t\t<div class=\"elementor-button-wrapper\">\n\t\t\t\t\t<a class=\"elementor-button elementor-button-link elementor-size-sm\" href=\"https:\/\/nfa-recruitment.nl\/ikzoekeenbaan\/\">\n\t\t\t\t\t\t<span class=\"elementor-button-content-wrapper\">\n\t\t\t\t\t\t\t\t\t<span class=\"elementor-button-text\">Toate posturile vacante<\/span>\n\t\t\t\t\t<\/span>\n\t\t\t\t\t<\/a>\n\t\t\t\t<\/div>\n\t\t\t\t\t\t\t\t<\/div>\n\t\t\t\t<\/div>\n\t\t\t\t\t<\/div>\n\t\t<\/div>\n\t\t\t\t\t<\/div>\n\t\t<\/section>\n\t\t\t\t<\/div>\n\t\t","protected":false},"excerpt":{"rendered":"<p>Caut pentru un angajat Organiza\u021bia dvs. lucreaz\u0103 \u00een industria transportului aerian de marf\u0103 \u0219i sunte\u021bi \u00een c\u0103utarea de personal suplimentar (rapid)? Atunci a\u021bi ajuns la [&hellip;]<\/p>\n","protected":false},"author":1,"featured_media":0,"parent":0,"menu_order":0,"comment_status":"closed","ping_status":"closed","template":"","meta":{"_acf_changed":false,"footnotes":""},"class_list":["post-3059","page","type-page","status-publish","hentry"],"acf":[],"_links":{"self":[{"href":"https:\/\/nfa-recruitment.nl\/ro\/wp-json\/wp\/v2\/pages\/3059","targetHints":{"allow":["GET"]}}],"collection":[{"href":"https:\/\/nfa-recruitment.nl\/ro\/wp-json\/wp\/v2\/pages"}],"about":[{"href":"https:\/\/nfa-recruitment.nl\/ro\/wp-json\/wp\/v2\/types\/page"}],"author":[{"embeddable":true,"href":"https:\/\/nfa-recruitment.nl\/ro\/wp-json\/wp\/v2\/users\/1"}],"replies":[{"embeddable":true,"href":"https:\/\/nfa-recruitment.nl\/ro\/wp-json\/wp\/v2\/comments?post=3059"}],"version-history":[{"count":5,"href":"https:\/\/nfa-recruitment.nl\/ro\/wp-json\/wp\/v2\/pages\/3059\/revisions"}],"predecessor-version":[{"id":4078,"href":"https:\/\/nfa-recruitment.nl\/ro\/wp-json\/wp\/v2\/pages\/3059\/revisions\/4078"}],"wp:attachment":[{"href":"https:\/\/nfa-recruitment.nl\/ro\/wp-json\/wp\/v2\/media?parent=3059"}],"curies":[{"name":"wp","href":"https:\/\/api.w.org\/{rel}","templated":true}]}}