{"id":3063,"date":"2024-09-03T07:24:15","date_gmt":"2024-09-03T07:24:15","guid":{"rendered":"https:\/\/nfa-recruitment.nl\/personal-de-birou\/"},"modified":"2025-03-25T15:10:20","modified_gmt":"2025-03-25T15:10:20","slug":"office-personeel-nederland","status":"publish","type":"page","link":"https:\/\/nfa-recruitment.nl\/ro\/office-personeel-nederland\/","title":{"rendered":"Personal de birou"},"content":{"rendered":"\t\t<div data-elementor-type=\"wp-page\" data-elementor-id=\"3063\" class=\"elementor elementor-3063 elementor-423\" data-elementor-post-type=\"page\">\n\t\t\t\t\t\t<section class=\"elementor-section elementor-top-section elementor-element elementor-element-b52dbd3 elementor-section-full_width elementor-section-height-min-height elementor-section-height-default elementor-section-items-middle\" data-id=\"b52dbd3\" data-element_type=\"section\" data-e-type=\"section\" data-settings=\"{&quot;background_background&quot;:&quot;classic&quot;}\">\n\t\t\t\t\t\t<div class=\"elementor-container elementor-column-gap-no\">\n\t\t\t\t\t<div class=\"elementor-column elementor-col-100 elementor-top-column elementor-element elementor-element-d7e5907\" data-id=\"d7e5907\" data-element_type=\"column\" data-e-type=\"column\">\n\t\t\t<div class=\"elementor-widget-wrap\">\n\t\t\t\t\t\t\t<\/div>\n\t\t<\/div>\n\t\t\t\t\t<\/div>\n\t\t<\/section>\n\t\t\t\t<section class=\"elementor-section elementor-top-section elementor-element elementor-element-2dca1b9 elementor-section-boxed elementor-section-height-default elementor-section-height-default\" data-id=\"2dca1b9\" data-element_type=\"section\" data-e-type=\"section\" data-settings=\"{&quot;background_background&quot;:&quot;classic&quot;}\">\n\t\t\t\t\t\t<div class=\"elementor-container elementor-column-gap-default\">\n\t\t\t\t\t<div class=\"elementor-column elementor-col-100 elementor-top-column elementor-element elementor-element-3504908\" data-id=\"3504908\" data-element_type=\"column\" data-e-type=\"column\">\n\t\t\t<div class=\"elementor-widget-wrap elementor-element-populated\">\n\t\t\t\t\t\t<div class=\"elementor-element elementor-element-ab4355b elementor-widget elementor-widget-theme-post-title elementor-page-title elementor-widget-heading\" data-id=\"ab4355b\" data-element_type=\"widget\" data-e-type=\"widget\" data-widget_type=\"theme-post-title.default\">\n\t\t\t\t<div class=\"elementor-widget-container\">\n\t\t\t\t\t<h1 class=\"elementor-heading-title elementor-size-default\">Personal de birou<\/h1>\t\t\t\t<\/div>\n\t\t\t\t<\/div>\n\t\t\t\t\t<\/div>\n\t\t<\/div>\n\t\t\t\t\t<\/div>\n\t\t<\/section>\n\t\t\t\t<section class=\"elementor-section elementor-top-section elementor-element elementor-element-d7c85b1 elementor-section-boxed elementor-section-height-default elementor-section-height-default\" data-id=\"d7c85b1\" data-element_type=\"section\" data-e-type=\"section\" data-settings=\"{&quot;background_background&quot;:&quot;classic&quot;}\">\n\t\t\t\t\t\t<div class=\"elementor-container elementor-column-gap-default\">\n\t\t\t\t\t<div class=\"elementor-column elementor-col-100 elementor-top-column elementor-element elementor-element-c22a22c\" data-id=\"c22a22c\" data-element_type=\"column\" data-e-type=\"column\">\n\t\t\t<div class=\"elementor-widget-wrap elementor-element-populated\">\n\t\t\t\t\t\t<div class=\"elementor-element elementor-element-72e3a00 elementor-widget elementor-widget-text-editor\" data-id=\"72e3a00\" data-element_type=\"widget\" data-e-type=\"widget\" data-widget_type=\"text-editor.default\">\n\t\t\t\t<div class=\"elementor-widget-container\">\n\t\t\t\t\t\t\t\t\t<section style=\"font-family: 'Basic', sans-serif; color: #222; line-height: 1.6;\">\n<h2 style=\"font-size: 18px; font-weight: bold; color: #222;\">Locuri de munc\u0103 pentru birouri \u00een \u021a\u0103rile de Jos &#8211; Competen\u021be \u0219i cerin\u021be ale angajatorului<\/h2>\n<p style=\"font-size: 15px;\">NFA Recruitment pune \u00een leg\u0103tur\u0103 angajatorii olandezi cu profesioni\u0219ti cu experien\u021b\u0103 \u00een domeniul administrativ, al resurselor umane \u0219i financiar din Polonia, Rom\u00e2nia \u0219i Bulgaria. Ajut\u0103m companiile s\u0103 g\u0103seasc\u0103 talentele potrivite pe o raz\u0103 de 100 km de Amsterdam. <\/p>\n<h3 style=\"font-size: 18px; font-weight: bold; color: #004085;\">Competen\u021be necesare pentru munca de birou<\/h3>\n<ul style=\"list-style-type: none; padding-left: 0; font-size: 15px;\">\n<li style=\"padding: 4px 0;\">\u2714 <strong>Administrare:<\/strong> Gestionarea datelor, documenta\u021bia, programarea \u0219i comunicarea cu clien\u021bii.<\/li>\n<li style=\"padding: 4px 0;\">\u2714 <strong>HR &amp; Salarizare:<\/strong> Recrutare, gestionarea personalului, salarizare \u0219i conformitate.<\/li>\n<li style=\"padding: 4px 0;\">\u2714 <strong>Finan\u021be:<\/strong> contabilitate, facturare, bugetare \u0219i analiz\u0103 financiar\u0103.<\/li>\n<li style=\"padding: 4px 0;\">\u2714 <strong>Software &amp; ERP:<\/strong> Experien\u021b\u0103 cu SAP, AFAS \u0219i Exact Online.<\/li>\n<\/ul>\n<h3 style=\"font-size: 18px; font-weight: bold; color: #004085;\">De ce aleg angajatorii NFA Recruitment?<\/h3>\n<ul style=\"list-style-type: none; padding-left: 0; font-size: 15px;\">\n<li style=\"padding: 4px 0;\">\u2714 Candida\u021bi interna\u021bionali preselecta\u021bi \u0219i califica\u021bi<\/li>\n<li style=\"padding: 4px 0;\">\u2714 Profesioni\u0219ti bilingvi (olandez\u0103\/englez\u0103)<\/li>\n<li style=\"padding: 4px 0;\">\u2714 Procese de recrutare rapide \u0219i eficiente<\/li>\n<li style=\"padding: 4px 0;\">\u2714 Solu\u021bii de recrutare personalizate pentru angajatorii din regiunea Amsterdam<\/li>\n<\/ul>\n<\/section>\t\t\t\t\t\t\t\t<\/div>\n\t\t\t\t<\/div>\n\t\t\t\t\t<\/div>\n\t\t<\/div>\n\t\t\t\t\t<\/div>\n\t\t<\/section>\n\t\t\t\t<section class=\"elementor-section elementor-top-section elementor-element elementor-element-7956a5b elementor-section-boxed elementor-section-height-default elementor-section-height-default\" data-id=\"7956a5b\" data-element_type=\"section\" data-e-type=\"section\" data-settings=\"{&quot;background_background&quot;:&quot;classic&quot;}\">\n\t\t\t\t\t\t<div class=\"elementor-container elementor-column-gap-default\">\n\t\t\t\t\t<div class=\"elementor-column elementor-col-100 elementor-top-column elementor-element elementor-element-16f2476\" data-id=\"16f2476\" data-element_type=\"column\" data-e-type=\"column\">\n\t\t\t<div class=\"elementor-widget-wrap elementor-element-populated\">\n\t\t\t\t\t\t\t<\/div>\n\t\t<\/div>\n\t\t\t\t\t<\/div>\n\t\t<\/section>\n\t\t\t\t<section class=\"elementor-section elementor-top-section elementor-element elementor-element-30e60f4 elementor-section-boxed elementor-section-height-default elementor-section-height-default\" data-id=\"30e60f4\" data-element_type=\"section\" data-e-type=\"section\" data-settings=\"{&quot;background_background&quot;:&quot;classic&quot;}\">\n\t\t\t\t\t\t<div class=\"elementor-container elementor-column-gap-default\">\n\t\t\t\t\t<div class=\"elementor-column elementor-col-100 elementor-top-column elementor-element elementor-element-01e8ae4\" data-id=\"01e8ae4\" data-element_type=\"column\" data-e-type=\"column\">\n\t\t\t<div class=\"elementor-widget-wrap elementor-element-populated\">\n\t\t\t\t\t\t<div class=\"elementor-element elementor-element-5509ed7 elementor-widget elementor-widget-spacer\" data-id=\"5509ed7\" data-element_type=\"widget\" data-e-type=\"widget\" data-widget_type=\"spacer.default\">\n\t\t\t\t<div class=\"elementor-widget-container\">\n\t\t\t\t\t\t\t<div class=\"elementor-spacer\">\n\t\t\t<div class=\"elementor-spacer-inner\"><\/div>\n\t\t<\/div>\n\t\t\t\t\t\t<\/div>\n\t\t\t\t<\/div>\n\t\t\t\t\t<\/div>\n\t\t<\/div>\n\t\t\t\t\t<\/div>\n\t\t<\/section>\n\t\t\t\t<\/div>\n\t\t","protected":false},"excerpt":{"rendered":"<p>Locuri de munc\u0103 pentru birouri \u00een \u021a\u0103rile de Jos &#8211; Competen\u021be \u0219i cerin\u021be ale angajatorului NFA Recruitment pune \u00een leg\u0103tur\u0103 angajatorii olandezi cu profesioni\u0219ti cu [&hellip;]<\/p>\n","protected":false},"author":1,"featured_media":0,"parent":0,"menu_order":0,"comment_status":"closed","ping_status":"closed","template":"","meta":{"_acf_changed":false,"footnotes":""},"class_list":["post-3063","page","type-page","status-publish","hentry"],"acf":[],"_links":{"self":[{"href":"https:\/\/nfa-recruitment.nl\/ro\/wp-json\/wp\/v2\/pages\/3063","targetHints":{"allow":["GET"]}}],"collection":[{"href":"https:\/\/nfa-recruitment.nl\/ro\/wp-json\/wp\/v2\/pages"}],"about":[{"href":"https:\/\/nfa-recruitment.nl\/ro\/wp-json\/wp\/v2\/types\/page"}],"author":[{"embeddable":true,"href":"https:\/\/nfa-recruitment.nl\/ro\/wp-json\/wp\/v2\/users\/1"}],"replies":[{"embeddable":true,"href":"https:\/\/nfa-recruitment.nl\/ro\/wp-json\/wp\/v2\/comments?post=3063"}],"version-history":[{"count":4,"href":"https:\/\/nfa-recruitment.nl\/ro\/wp-json\/wp\/v2\/pages\/3063\/revisions"}],"predecessor-version":[{"id":3945,"href":"https:\/\/nfa-recruitment.nl\/ro\/wp-json\/wp\/v2\/pages\/3063\/revisions\/3945"}],"wp:attachment":[{"href":"https:\/\/nfa-recruitment.nl\/ro\/wp-json\/wp\/v2\/media?parent=3063"}],"curies":[{"name":"wp","href":"https:\/\/api.w.org\/{rel}","templated":true}]}}