{"id":3067,"date":"2024-09-03T07:24:15","date_gmt":"2024-09-03T07:24:15","guid":{"rendered":"https:\/\/nfa-recruitment.nl\/sectorul-logistic\/"},"modified":"2025-03-25T12:37:14","modified_gmt":"2025-03-25T12:37:14","slug":"logistieke-sector","status":"publish","type":"page","link":"https:\/\/nfa-recruitment.nl\/ro\/logistieke-sector\/","title":{"rendered":"Sectorul logistic"},"content":{"rendered":"\t\t<div data-elementor-type=\"wp-page\" data-elementor-id=\"3067\" class=\"elementor elementor-3067 elementor-1834\" data-elementor-post-type=\"page\">\n\t\t\t\t\t\t<section class=\"elementor-section elementor-top-section elementor-element elementor-element-782efb9 elementor-section-full_width elementor-section-height-min-height elementor-section-height-default elementor-section-items-middle\" data-id=\"782efb9\" data-element_type=\"section\" data-e-type=\"section\" data-settings=\"{&quot;background_background&quot;:&quot;classic&quot;}\">\n\t\t\t\t\t\t<div class=\"elementor-container elementor-column-gap-no\">\n\t\t\t\t\t<div class=\"elementor-column elementor-col-100 elementor-top-column elementor-element elementor-element-0df863f\" data-id=\"0df863f\" data-element_type=\"column\" data-e-type=\"column\">\n\t\t\t<div class=\"elementor-widget-wrap\">\n\t\t\t\t\t\t\t<\/div>\n\t\t<\/div>\n\t\t\t\t\t<\/div>\n\t\t<\/section>\n\t\t\t\t<section class=\"elementor-section elementor-top-section elementor-element elementor-element-1d3cc50 elementor-section-boxed elementor-section-height-default elementor-section-height-default\" data-id=\"1d3cc50\" data-element_type=\"section\" data-e-type=\"section\" data-settings=\"{&quot;background_background&quot;:&quot;classic&quot;}\">\n\t\t\t\t\t\t<div class=\"elementor-container elementor-column-gap-default\">\n\t\t\t\t\t<div class=\"elementor-column elementor-col-100 elementor-top-column elementor-element elementor-element-a7d2ae2\" data-id=\"a7d2ae2\" data-element_type=\"column\" data-e-type=\"column\">\n\t\t\t<div class=\"elementor-widget-wrap elementor-element-populated\">\n\t\t\t\t\t\t<div class=\"elementor-element elementor-element-b13a281 elementor-widget elementor-widget-theme-post-title elementor-page-title elementor-widget-heading\" data-id=\"b13a281\" data-element_type=\"widget\" data-e-type=\"widget\" data-widget_type=\"theme-post-title.default\">\n\t\t\t\t<div class=\"elementor-widget-container\">\n\t\t\t\t\t<h1 class=\"elementor-heading-title elementor-size-default\">Sectorul logistic<\/h1>\t\t\t\t<\/div>\n\t\t\t\t<\/div>\n\t\t\t\t\t<\/div>\n\t\t<\/div>\n\t\t\t\t\t<\/div>\n\t\t<\/section>\n\t\t\t\t<section class=\"elementor-section elementor-top-section elementor-element elementor-element-c2daba1 elementor-section-boxed elementor-section-height-default elementor-section-height-default\" data-id=\"c2daba1\" data-element_type=\"section\" data-e-type=\"section\">\n\t\t\t\t\t\t<div class=\"elementor-container elementor-column-gap-default\">\n\t\t\t\t\t<div class=\"elementor-column elementor-col-100 elementor-top-column elementor-element elementor-element-6b15b85\" data-id=\"6b15b85\" data-element_type=\"column\" data-e-type=\"column\">\n\t\t\t<div class=\"elementor-widget-wrap elementor-element-populated\">\n\t\t\t\t\t\t<div class=\"elementor-element elementor-element-52bfb2b elementor-widget elementor-widget-text-editor\" data-id=\"52bfb2b\" data-element_type=\"widget\" data-e-type=\"widget\" data-widget_type=\"text-editor.default\">\n\t\t\t\t<div class=\"elementor-widget-container\">\n\t\t\t\t\t\t\t\t\t<h1 style=\"font-size: 24px; line-height: 1.5; color: #3e3d3d; font-weight: bold;\"><span style=\"vertical-align: inherit;\"><span style=\"vertical-align: inherit;\">Sectorul logistic: oportunit\u0103\u021bi de carier\u0103 \u00een \u021a\u0103rile de Jos<\/span><\/span><\/h1>\n<p style=\"color: #3e3d3d;\"><span style=\"vertical-align: inherit;\"><span style=\"vertical-align: inherit;\">Sectorul logisticii din \u021a\u0103rile de Jos ofer\u0103 numeroase oportunit\u0103\u021bi de carier\u0103 pentru profesioni\u0219tii motiva\u021bi. Fie c\u0103 sunte\u021bi la \u00eenceput de drum sau ave\u021bi deja experien\u021b\u0103, NFA Recruitment v\u0103 va ajuta s\u0103 g\u0103si\u021bi rolul perfect \u00een cadrul industriei logistice dinamice \u0219i \u00een cre\u0219tere. Cu o re\u021bea extins\u0103 de companii de top din \u021a\u0103rile de Jos, v\u0103 oferim acces la posturi vacante provocatoare \u0219i bine pl\u0103tite \u00een diverse roluri din domeniul logisticii, de la planificatori de transport la angaja\u021bi pentru import \u0219i export.  <\/span><\/span><\/p>\n<h2 style=\"font-size: 20px; line-height: 1.5; color: #3e3d3d; font-weight: bold;\"><span style=\"vertical-align: inherit;\"><span style=\"vertical-align: inherit;\">De ce s\u0103 lucra\u021bi \u00een sectorul logistic?<\/span><\/span><\/h2>\n<p style=\"color: #3e3d3d;\"><span style=\"vertical-align: inherit;\"><span style=\"vertical-align: inherit;\">Sectorul logisticii este o parte important\u0103 a economiei olandeze \u0219i ofer\u0103 o gam\u0103 larg\u0103 de oportunit\u0103\u021bi at\u00e2t pentru noii veni\u021bi, c\u00e2t \u0219i pentru profesioni\u0219tii cu experien\u021b\u0103. A lucra \u00een domeniul logisticii \u00eenseamn\u0103 a contribui la buna circula\u021bie a m\u0103rfurilor, la transport \u0219i la gestionarea stocurilor. De la transportul aerian la transportul rutier, logistica joac\u0103 un rol crucial \u00een conectarea companiilor cu clien\u021bii din \u00eentreaga lume.  <\/span><\/span><\/p>\n<p style=\"color: #3e3d3d;\"><span style=\"vertical-align: inherit;\"><span style=\"vertical-align: inherit;\">Este o industrie \u00een cre\u0219tere rapid\u0103 care ofer\u0103 sarcini variate \u0219i provocatoare \u00een fiecare zi. Ca profesionist \u00een logistic\u0103, sunte\u021bi parte integrant\u0103 a unei re\u021bele globale care se asigur\u0103 c\u0103 m\u0103rfurile ajung la destina\u021bie la timp \u0219i eficient. <\/span><\/span><\/p>\n<h2 style=\"font-size: 20px; line-height: 1.5; color: #3e3d3d; font-weight: bold;\"><span style=\"vertical-align: inherit;\"><span style=\"vertical-align: inherit;\">Locuri de munc\u0103 populare \u00een sectorul logistic<\/span><\/span><\/h2>\n<p style=\"color: #3e3d3d;\"><span style=\"vertical-align: inherit;\"><span style=\"vertical-align: inherit;\">La NFA Recruitment oferim diverse posturi vacante \u00een sectorul logistic. Unele roluri populare pe care le avem disponibile sunt: <\/span><\/span><\/p>\n<ul style=\"color: #3e3d3d;\">\n<li><strong><span style=\"vertical-align: inherit;\"><span style=\"vertical-align: inherit;\">Planificator de transport:<\/span><\/span><\/strong><span style=\"vertical-align: inherit;\"><span style=\"vertical-align: inherit;\"> Coordonarea \u0219i optimizarea transportului de m\u0103rfuri \u00een cadrul lan\u021bului de aprovizionare.<\/span><\/span><\/li>\n<li><strong><span style=\"vertical-align: inherit;\"><span style=\"vertical-align: inherit;\">Curier la bord:<\/span><\/span><\/strong><span style=\"vertical-align: inherit;\"><span style=\"vertical-align: inherit;\"> Gestiona\u021bi \u0219i executa\u021bi sarcini critice de transport la nivel local \u0219i interna\u021bional.<\/span><\/span><\/li>\n<li><strong><span style=\"vertical-align: inherit;\"><span style=\"vertical-align: inherit;\">Func\u021bionar pentru import \u0219i export:<\/span><\/span><\/strong><span style=\"vertical-align: inherit;\"><span style=\"vertical-align: inherit;\"> Responsabil pentru gestionarea corect\u0103 a expedierilor interna\u021bionale \u0219i a documenta\u021biei vamale.<\/span><\/span><\/li>\n<li><strong><span style=\"vertical-align: inherit;\"><span style=\"vertical-align: inherit;\">Coordonator logistic\u0103:<\/span><\/span><\/strong><span style=\"vertical-align: inherit;\"><span style=\"vertical-align: inherit;\"> Supravegheaz\u0103 procesele logistice \u0219i \u00eembun\u0103t\u0103\u021be\u0219te eficien\u021ba \u00een depozite.<\/span><\/span><\/li>\n<\/ul>\n<h2 style=\"font-size: 20px; line-height: 1.5; color: #3e3d3d; font-weight: bold;\"><span style=\"vertical-align: inherit;\"><span style=\"vertical-align: inherit;\">De ce s\u0103 alege\u021bi NFA Recruitment?<\/span><\/span><\/h2>\n<p style=\"color: #3e3d3d;\"><span style=\"vertical-align: inherit;\"><span style=\"vertical-align: inherit;\">La NFA Recruitment \u00een\u021belegem nevoile specifice ale sectorului logistic. Iat\u0103 de ce ar trebui s\u0103 lucra\u021bi cu noi: <\/span><\/span><\/p>\n<ul style=\"color: #3e3d3d;\">\n<li><strong><span style=\"vertical-align: inherit;\"><span style=\"vertical-align: inherit;\">Gam\u0103 larg\u0103 de locuri de munc\u0103 vacante:<\/span><\/span><\/strong><span style=\"vertical-align: inherit;\"><span style=\"vertical-align: inherit;\"> Acces la numeroase locuri de munc\u0103 vacante \u00een domeniul logisticii la companii de top din \u021a\u0103rile de Jos.<\/span><\/span><\/li>\n<li><strong><span style=\"vertical-align: inherit;\"><span style=\"vertical-align: inherit;\">Asisten\u021b\u0103 personal\u0103:<\/span><\/span><\/strong><span style=\"vertical-align: inherit;\"><span style=\"vertical-align: inherit;\"> V\u0103 ghid\u0103m de-a lungul \u00eentregului proces de g\u0103sire a partenerului potrivit pentru competen\u021bele dumneavoastr\u0103.<\/span><\/span><\/li>\n<li><strong><span style=\"vertical-align: inherit;\"><span style=\"vertical-align: inherit;\">Oportunit\u0103\u021bi de formare:<\/span><\/span><\/strong><span style=\"vertical-align: inherit;\"><span style=\"vertical-align: inherit;\"> Oferim formare \u0219i cursuri specializate, cum ar fi certificate de conducere a stivuitoarelor \u0219i a camioanelor.<\/span><\/span><\/li>\n<\/ul>\n<h2 style=\"font-size: 20px; line-height: 1.5; color: #3e3d3d; font-weight: bold;\"><span style=\"vertical-align: inherit;\"><span style=\"vertical-align: inherit;\">\u00cencepe\u021bi-v\u0103 ast\u0103zi cariera \u00een logistic\u0103<\/span><\/span><\/h2>\n<p style=\"color: #3e3d3d;\"><span style=\"vertical-align: inherit;\"><span style=\"vertical-align: inherit;\">Sunte\u021bi preg\u0103tit s\u0103 face\u021bi urm\u0103torul pas \u00een cariera dumneavoastr\u0103 \u00een sectorul logistic? Contacta\u021bi NFA Recruitment pentru a explora posturile vacante care se potrivesc cel mai bine cu abilit\u0103\u021bile \u0219i ambi\u021biile dumneavoastr\u0103. Nu numai c\u0103 v\u0103 vom ajuta s\u0103 g\u0103si\u021bi locul de munc\u0103 potrivit, dar v\u0103 vom sprijini \u0219i cu formarea \u0219i certific\u0103rile necesare.  <\/span><\/span><\/p>\n<p style=\"color: #3e3d3d;\"><span style=\"vertical-align: inherit;\"><span style=\"vertical-align: inherit;\">Nu mai a\u0219tepta\u021bi &#8211; sectorul logisticii ofer\u0103 o mul\u021bime de oportunit\u0103\u021bi pentru dumneavoastr\u0103!<\/span><\/span><\/p>\n<h2 style=\"font-size: 20px; line-height: 1.5; color: #3e3d3d; font-weight: bold;\"><span style=\"vertical-align: inherit;\"><span style=\"vertical-align: inherit;\">Aplica\u021bi acum sau trimite\u021bi o cerere deschis\u0103<\/span><\/span><\/h2>\n<p style=\"color: #3e3d3d;\"><span style=\"vertical-align: inherit;\"><span style=\"vertical-align: inherit;\">Dac\u0103 nu g\u0103si\u021bi un post vacant potrivit, nu ezita\u021bi s\u0103 trimite\u021bi o cerere deschis\u0103 cu CV-ul dvs. la NFA Recruitment. V\u0103 vom stoca datele \u0219i v\u0103 vom contacta de \u00eendat\u0103 ce un post relevant devine disponibil. <\/span><\/span><\/p>\n<p style=\"color: #3e3d3d;\"><span style=\"vertical-align: inherit;\"><span style=\"vertical-align: inherit;\">Descoperi\u021bi numeroasele oportunit\u0103\u021bi de carier\u0103 \u00een domeniul logisticii \u0219i deveni\u021bi parte a unei industrii cu cre\u0219tere rapid\u0103!<\/span><\/span><\/p>\n\t\t\t\t\t\t\t\t<\/div>\n\t\t\t\t<\/div>\n\t\t\t\t\t<\/div>\n\t\t<\/div>\n\t\t\t\t\t<\/div>\n\t\t<\/section>\n\t\t\t\t<section class=\"elementor-section elementor-top-section elementor-element elementor-element-bea9ed1 elementor-section-boxed elementor-section-height-default elementor-section-height-default\" data-id=\"bea9ed1\" data-element_type=\"section\" data-e-type=\"section\" data-settings=\"{&quot;background_background&quot;:&quot;classic&quot;}\">\n\t\t\t\t\t\t<div class=\"elementor-container elementor-column-gap-default\">\n\t\t\t\t\t<div class=\"elementor-column elementor-col-100 elementor-top-column elementor-element elementor-element-2754fdf\" data-id=\"2754fdf\" data-element_type=\"column\" data-e-type=\"column\">\n\t\t\t<div class=\"elementor-widget-wrap elementor-element-populated\">\n\t\t\t\t\t\t\t<\/div>\n\t\t<\/div>\n\t\t\t\t\t<\/div>\n\t\t<\/section>\n\t\t\t\t<section class=\"elementor-section elementor-top-section elementor-element elementor-element-6cc823f elementor-section-boxed elementor-section-height-default elementor-section-height-default\" data-id=\"6cc823f\" data-element_type=\"section\" data-e-type=\"section\" data-settings=\"{&quot;background_background&quot;:&quot;classic&quot;}\">\n\t\t\t\t\t\t<div class=\"elementor-container elementor-column-gap-default\">\n\t\t\t\t\t<div class=\"elementor-column elementor-col-100 elementor-top-column elementor-element elementor-element-7658e2b\" data-id=\"7658e2b\" data-element_type=\"column\" data-e-type=\"column\">\n\t\t\t<div class=\"elementor-widget-wrap elementor-element-populated\">\n\t\t\t\t\t\t<div class=\"elementor-element elementor-element-04097e3 elementor-widget elementor-widget-spacer\" data-id=\"04097e3\" data-element_type=\"widget\" data-e-type=\"widget\" data-widget_type=\"spacer.default\">\n\t\t\t\t<div class=\"elementor-widget-container\">\n\t\t\t\t\t\t\t<div class=\"elementor-spacer\">\n\t\t\t<div class=\"elementor-spacer-inner\"><\/div>\n\t\t<\/div>\n\t\t\t\t\t\t<\/div>\n\t\t\t\t<\/div>\n\t\t\t\t\t<\/div>\n\t\t<\/div>\n\t\t\t\t\t<\/div>\n\t\t<\/section>\n\t\t\t\t<\/div>\n\t\t","protected":false},"excerpt":{"rendered":"<p>Sectorul logistic: oportunit\u0103\u021bi de carier\u0103 \u00een \u021a\u0103rile de Jos Sectorul logisticii din \u021a\u0103rile de Jos ofer\u0103 numeroase oportunit\u0103\u021bi de carier\u0103 pentru profesioni\u0219tii motiva\u021bi. Fie c\u0103 [&hellip;]<\/p>\n","protected":false},"author":1,"featured_media":0,"parent":0,"menu_order":0,"comment_status":"closed","ping_status":"closed","template":"","meta":{"_acf_changed":false,"footnotes":""},"class_list":["post-3067","page","type-page","status-publish","hentry"],"acf":[],"_links":{"self":[{"href":"https:\/\/nfa-recruitment.nl\/ro\/wp-json\/wp\/v2\/pages\/3067","targetHints":{"allow":["GET"]}}],"collection":[{"href":"https:\/\/nfa-recruitment.nl\/ro\/wp-json\/wp\/v2\/pages"}],"about":[{"href":"https:\/\/nfa-recruitment.nl\/ro\/wp-json\/wp\/v2\/types\/page"}],"author":[{"embeddable":true,"href":"https:\/\/nfa-recruitment.nl\/ro\/wp-json\/wp\/v2\/users\/1"}],"replies":[{"embeddable":true,"href":"https:\/\/nfa-recruitment.nl\/ro\/wp-json\/wp\/v2\/comments?post=3067"}],"version-history":[{"count":4,"href":"https:\/\/nfa-recruitment.nl\/ro\/wp-json\/wp\/v2\/pages\/3067\/revisions"}],"predecessor-version":[{"id":3931,"href":"https:\/\/nfa-recruitment.nl\/ro\/wp-json\/wp\/v2\/pages\/3067\/revisions\/3931"}],"wp:attachment":[{"href":"https:\/\/nfa-recruitment.nl\/ro\/wp-json\/wp\/v2\/media?parent=3067"}],"curies":[{"name":"wp","href":"https:\/\/api.w.org\/{rel}","templated":true}]}}