{"id":3079,"date":"2024-09-03T07:24:15","date_gmt":"2024-09-03T07:24:15","guid":{"rendered":"https:\/\/nfa-recruitment.nl\/sectorul-de-productie\/"},"modified":"2025-03-25T12:24:07","modified_gmt":"2025-03-25T12:24:07","slug":"sectorul-de-productie","status":"publish","type":"page","link":"https:\/\/nfa-recruitment.nl\/ro\/sectorul-de-productie\/","title":{"rendered":"Sectorul de produc\u021bie"},"content":{"rendered":"\t\t<div data-elementor-type=\"wp-page\" data-elementor-id=\"3079\" class=\"elementor elementor-3079 elementor-777\" data-elementor-post-type=\"page\">\n\t\t\t\t\t\t<section class=\"elementor-section elementor-top-section elementor-element elementor-element-0e3d2f3 elementor-section-full_width elementor-section-height-min-height elementor-section-height-default elementor-section-items-middle\" data-id=\"0e3d2f3\" data-element_type=\"section\" data-e-type=\"section\" data-settings=\"{&quot;background_background&quot;:&quot;classic&quot;}\">\n\t\t\t\t\t\t<div class=\"elementor-container elementor-column-gap-no\">\n\t\t\t\t\t<div class=\"elementor-column elementor-col-100 elementor-top-column elementor-element elementor-element-d4d7375\" data-id=\"d4d7375\" data-element_type=\"column\" data-e-type=\"column\">\n\t\t\t<div class=\"elementor-widget-wrap\">\n\t\t\t\t\t\t\t<\/div>\n\t\t<\/div>\n\t\t\t\t\t<\/div>\n\t\t<\/section>\n\t\t\t\t<section class=\"elementor-section elementor-top-section elementor-element elementor-element-8fa743a elementor-section-boxed elementor-section-height-default elementor-section-height-default\" data-id=\"8fa743a\" data-element_type=\"section\" data-e-type=\"section\" data-settings=\"{&quot;background_background&quot;:&quot;classic&quot;}\">\n\t\t\t\t\t\t<div class=\"elementor-container elementor-column-gap-default\">\n\t\t\t\t\t<div class=\"elementor-column elementor-col-100 elementor-top-column elementor-element elementor-element-4c85354\" data-id=\"4c85354\" data-element_type=\"column\" data-e-type=\"column\">\n\t\t\t<div class=\"elementor-widget-wrap elementor-element-populated\">\n\t\t\t\t\t\t<div class=\"elementor-element elementor-element-511accd elementor-widget elementor-widget-theme-post-title elementor-page-title elementor-widget-heading\" data-id=\"511accd\" data-element_type=\"widget\" data-e-type=\"widget\" data-widget_type=\"theme-post-title.default\">\n\t\t\t\t<div class=\"elementor-widget-container\">\n\t\t\t\t\t<h1 class=\"elementor-heading-title elementor-size-default\">Sectorul de produc\u021bie<\/h1>\t\t\t\t<\/div>\n\t\t\t\t<\/div>\n\t\t\t\t\t<\/div>\n\t\t<\/div>\n\t\t\t\t\t<\/div>\n\t\t<\/section>\n\t\t\t\t<section class=\"elementor-section elementor-top-section elementor-element elementor-element-3ebf9e2 elementor-section-boxed elementor-section-height-default elementor-section-height-default\" data-id=\"3ebf9e2\" data-element_type=\"section\" data-e-type=\"section\">\n\t\t\t\t\t\t<div class=\"elementor-container elementor-column-gap-default\">\n\t\t\t\t\t<div class=\"elementor-column elementor-col-100 elementor-top-column elementor-element elementor-element-abfe621\" data-id=\"abfe621\" data-element_type=\"column\" data-e-type=\"column\">\n\t\t\t<div class=\"elementor-widget-wrap elementor-element-populated\">\n\t\t\t\t\t\t<div class=\"elementor-element elementor-element-9c67eff elementor-widget elementor-widget-text-editor\" data-id=\"9c67eff\" data-element_type=\"widget\" data-e-type=\"widget\" data-widget_type=\"text-editor.default\">\n\t\t\t\t<div class=\"elementor-widget-container\">\n\t\t\t\t\t\t\t\t\t<h1 style=\"font-size: 20px; font-weight: bold; color: #333;\">Descoperi\u021bi oportunit\u0103\u021bi \u0219i beneficii \u00een sectorul de produc\u021bie cu NFA Recruitment<\/h1>\n<p style=\"font-size: 16px; color: #555;\">La <strong>NFA Recruitment<\/strong>, punem \u00een leg\u0103tur\u0103 profesioni\u0219ti califica\u021bi cu angajatori de top din sectorul de <strong>produc\u021bie<\/strong> din \u021a\u0103rile de Jos. Fie c\u0103 sunte\u021bi un angajator care caut\u0103 talente calificate sau o persoan\u0103 \u00een c\u0103utarea unui loc de munc\u0103 care caut\u0103 noi oportunit\u0103\u021bi, v\u0103 oferim solu\u021bii personalizate pentru toate nevoile dumneavoastr\u0103 de recrutare.<\/p>\n\n<h2 style=\"font-size: 20px; font-weight: bold; color: #333;\">De ce s\u0103 alege\u021bi NFA Recruitment?<\/h2>\n<p style=\"font-size: 16px; color: #555;\"><strong>Experien\u021b\u0103 \u00een sectorul de produc\u021bie:<\/strong> Fiind axa\u021bi exclusiv pe <strong>industria de produc\u021bie<\/strong>, cunoa\u0219tem \u00een profunzime cerin\u021bele acestui sector, ceea ce ne permite s\u0103 g\u0103sim cele mai bune talente pentru nevoile dumneavoastr\u0103 specifice.<\/p>\n<p style=\"font-size: 16px; color: #555;\"><strong>Solu\u021bii de recrutare personalizate:<\/strong> Oferim strategii de recrutare personalizate care conecteaz\u0103 angajatorii cu angaja\u021bi de \u00eencredere \u0219i persoanele aflate \u00een c\u0103utarea unui loc de munc\u0103 cu rolurile potrivite \u00een <strong>produc\u021bie<\/strong>, <strong>asamblare<\/strong>, <strong>logistic\u0103<\/strong> \u0219i multe altele.<\/p>\n<p style=\"font-size: 16px; color: #555;\"><strong>Salarii \u0219i beneficii competitive:<\/strong> Ne asigur\u0103m c\u0103 persoanele aflate \u00een c\u0103utarea unui loc de munc\u0103 primesc <strong>oferte salariale<\/strong> \u0219i beneficii <strong>atractive<\/strong>, \u00een timp ce angajatorii au acces la profesioni\u0219ti califica\u021bi gata s\u0103 produc\u0103 un impact.<\/p>\n\n<h2 style=\"font-size: 20px; font-weight: bold; color: #333;\">Pentru angajatori<\/h2>\n<p style=\"font-size: 16px; color: #555;\">Suntem specializa\u021bi \u00een recrutarea de <strong>lucr\u0103tori califica\u021bi<\/strong> pentru posturi de <strong>produc\u021bie<\/strong>, <strong>asamblare<\/strong>, <strong>logistic\u0103<\/strong> \u0219i <strong>gestionare a depozitelor<\/strong>. Fie c\u0103 sunte\u021bi \u00een c\u0103utarea de personal temporar, permanent sau sezonier, noi v\u0103 furniz\u0103m candida\u021bii potrivi\u021bi pentru a v\u0103 satisface nevoile de produc\u021bie.<\/p>\n\n<h2 style=\"font-size: 20px; font-weight: bold; color: #333;\">Pentru solicitan\u021bii de locuri de munc\u0103<\/h2>\n<p style=\"font-size: 16px; color: #555;\">Oferim o varietate de <strong>locuri de munc\u0103<\/strong> <strong>\u00een produc\u021bie<\/strong> \u0219i <strong>asamblare<\/strong> cu salarii \u0219i beneficii competitive, pentru o carier\u0103 plin\u0103 de satisfac\u021bii \u00een <strong>industria de produc\u021bie<\/strong>.<\/p>\n\n<h3 style=\"font-size: 18px; font-weight: bold; color: #333;\">Contacta\u021bi NFA Recruitment ast\u0103zi<\/h3>\n<p style=\"font-size: 16px; color: #555;\">Descoperi\u021bi cele mai bune oportunit\u0103\u021bi sau g\u0103si\u021bi talente de top \u00een <strong>produc\u021bie<\/strong> \u00een \u021a\u0103rile de Jos contact\u00e2nd <a style=\"color: #007bff; text-decoration: none; font-weight: bold;\" href=\"https:\/\/nfa-recruitment.nl\/ro\/contactati-ne\/\">ast\u0103zi NFA Recruitment<\/a>.<\/p>\n\t\t\t\t\t\t\t\t<\/div>\n\t\t\t\t<\/div>\n\t\t\t\t\t<\/div>\n\t\t<\/div>\n\t\t\t\t\t<\/div>\n\t\t<\/section>\n\t\t\t\t<section class=\"elementor-section elementor-top-section elementor-element elementor-element-0438343 elementor-section-boxed elementor-section-height-default elementor-section-height-default\" data-id=\"0438343\" data-element_type=\"section\" data-e-type=\"section\" data-settings=\"{&quot;background_background&quot;:&quot;classic&quot;}\">\n\t\t\t\t\t\t<div class=\"elementor-container elementor-column-gap-default\">\n\t\t\t\t\t<div class=\"elementor-column elementor-col-100 elementor-top-column elementor-element elementor-element-582f5d4\" data-id=\"582f5d4\" data-element_type=\"column\" data-e-type=\"column\">\n\t\t\t<div class=\"elementor-widget-wrap elementor-element-populated\">\n\t\t\t\t\t\t\t<\/div>\n\t\t<\/div>\n\t\t\t\t\t<\/div>\n\t\t<\/section>\n\t\t\t\t<section class=\"elementor-section elementor-top-section elementor-element elementor-element-7541afa elementor-section-boxed elementor-section-height-default elementor-section-height-default\" data-id=\"7541afa\" data-element_type=\"section\" data-e-type=\"section\" data-settings=\"{&quot;background_background&quot;:&quot;classic&quot;}\">\n\t\t\t\t\t\t<div class=\"elementor-container elementor-column-gap-default\">\n\t\t\t\t\t<div class=\"elementor-column elementor-col-100 elementor-top-column elementor-element elementor-element-38a7c35\" data-id=\"38a7c35\" data-element_type=\"column\" data-e-type=\"column\">\n\t\t\t<div class=\"elementor-widget-wrap elementor-element-populated\">\n\t\t\t\t\t\t<div class=\"elementor-element elementor-element-a23d1e8 elementor-widget elementor-widget-spacer\" data-id=\"a23d1e8\" data-element_type=\"widget\" data-e-type=\"widget\" data-widget_type=\"spacer.default\">\n\t\t\t\t<div class=\"elementor-widget-container\">\n\t\t\t\t\t\t\t<div class=\"elementor-spacer\">\n\t\t\t<div class=\"elementor-spacer-inner\"><\/div>\n\t\t<\/div>\n\t\t\t\t\t\t<\/div>\n\t\t\t\t<\/div>\n\t\t\t\t\t<\/div>\n\t\t<\/div>\n\t\t\t\t\t<\/div>\n\t\t<\/section>\n\t\t\t\t<\/div>\n\t\t","protected":false},"excerpt":{"rendered":"<p>Descoperi\u021bi oportunit\u0103\u021bi \u0219i beneficii \u00een sectorul de produc\u021bie cu NFA Recruitment La NFA Recruitment, punem \u00een leg\u0103tur\u0103 profesioni\u0219ti califica\u021bi cu angajatori de top din sectorul [&hellip;]<\/p>\n","protected":false},"author":1,"featured_media":0,"parent":0,"menu_order":0,"comment_status":"closed","ping_status":"closed","template":"","meta":{"_acf_changed":false,"footnotes":""},"class_list":["post-3079","page","type-page","status-publish","hentry"],"acf":[],"_links":{"self":[{"href":"https:\/\/nfa-recruitment.nl\/ro\/wp-json\/wp\/v2\/pages\/3079","targetHints":{"allow":["GET"]}}],"collection":[{"href":"https:\/\/nfa-recruitment.nl\/ro\/wp-json\/wp\/v2\/pages"}],"about":[{"href":"https:\/\/nfa-recruitment.nl\/ro\/wp-json\/wp\/v2\/types\/page"}],"author":[{"embeddable":true,"href":"https:\/\/nfa-recruitment.nl\/ro\/wp-json\/wp\/v2\/users\/1"}],"replies":[{"embeddable":true,"href":"https:\/\/nfa-recruitment.nl\/ro\/wp-json\/wp\/v2\/comments?post=3079"}],"version-history":[{"count":1,"href":"https:\/\/nfa-recruitment.nl\/ro\/wp-json\/wp\/v2\/pages\/3079\/revisions"}],"predecessor-version":[{"id":3080,"href":"https:\/\/nfa-recruitment.nl\/ro\/wp-json\/wp\/v2\/pages\/3079\/revisions\/3080"}],"wp:attachment":[{"href":"https:\/\/nfa-recruitment.nl\/ro\/wp-json\/wp\/v2\/media?parent=3079"}],"curies":[{"name":"wp","href":"https:\/\/api.w.org\/{rel}","templated":true}]}}