{"id":3083,"date":"2024-09-03T07:24:15","date_gmt":"2024-09-03T07:24:15","guid":{"rendered":"https:\/\/nfa-recruitment.nl\/aplicati\/"},"modified":"2025-03-07T15:45:20","modified_gmt":"2025-03-07T15:45:20","slug":"aplicati","status":"publish","type":"page","link":"https:\/\/nfa-recruitment.nl\/ro\/aplicati\/","title":{"rendered":"Aplica\u021bi"},"content":{"rendered":"\t\t<div data-elementor-type=\"wp-page\" data-elementor-id=\"3083\" class=\"elementor elementor-3083 elementor-651\" data-elementor-post-type=\"page\">\n\t\t\t\t\t\t<section class=\"elementor-section elementor-top-section elementor-element elementor-element-41023e50 elementor-section-boxed elementor-section-height-default elementor-section-height-default\" data-id=\"41023e50\" data-element_type=\"section\" data-e-type=\"section\" data-settings=\"{&quot;background_background&quot;:&quot;classic&quot;}\">\n\t\t\t\t\t\t<div class=\"elementor-container elementor-column-gap-default\">\n\t\t\t\t\t<div class=\"elementor-column elementor-col-100 elementor-top-column elementor-element elementor-element-1d7ab1\" data-id=\"1d7ab1\" data-element_type=\"column\" data-e-type=\"column\">\n\t\t\t<div class=\"elementor-widget-wrap elementor-element-populated\">\n\t\t\t\t\t\t<div class=\"elementor-element elementor-element-6ba4b311 elementor-widget elementor-widget-heading\" data-id=\"6ba4b311\" data-element_type=\"widget\" data-e-type=\"widget\" data-widget_type=\"heading.default\">\n\t\t\t\t<div class=\"elementor-widget-container\">\n\t\t\t\t\t<h2 class=\"elementor-heading-title elementor-size-default\">Formular de cerere<\/h2>\t\t\t\t<\/div>\n\t\t\t\t<\/div>\n\t\t\t\t<div class=\"elementor-element elementor-element-7671fe43 elementor-widget-divider--view-line elementor-widget elementor-widget-divider\" data-id=\"7671fe43\" data-element_type=\"widget\" data-e-type=\"widget\" data-widget_type=\"divider.default\">\n\t\t\t\t<div class=\"elementor-widget-container\">\n\t\t\t\t\t\t\t<div class=\"elementor-divider\">\n\t\t\t<span class=\"elementor-divider-separator\">\n\t\t\t\t\t\t<\/span>\n\t\t<\/div>\n\t\t\t\t\t\t<\/div>\n\t\t\t\t<\/div>\n\t\t\t\t<section class=\"elementor-section elementor-inner-section elementor-element elementor-element-76899f25 elementor-section-boxed elementor-section-height-default elementor-section-height-default\" data-id=\"76899f25\" data-element_type=\"section\" data-e-type=\"section\">\n\t\t\t\t\t\t<div class=\"elementor-container elementor-column-gap-default\">\n\t\t\t\t\t<div class=\"elementor-column elementor-col-100 elementor-inner-column elementor-element elementor-element-1751237\" data-id=\"1751237\" data-element_type=\"column\" data-e-type=\"column\">\n\t\t\t<div class=\"elementor-widget-wrap elementor-element-populated\">\n\t\t\t\t\t\t<div class=\"elementor-element elementor-element-1574af34 elementor-button-align-stretch elementor-widget elementor-widget-form\" data-id=\"1574af34\" data-element_type=\"widget\" data-e-type=\"widget\" data-settings=\"{&quot;step_next_label&quot;:&quot;Urm\\u0103torul&quot;,&quot;step_previous_label&quot;:&quot;Articolul precedent&quot;,&quot;button_width&quot;:&quot;100&quot;,&quot;step_type&quot;:&quot;number_text&quot;,&quot;step_icon_shape&quot;:&quot;circle&quot;}\" data-widget_type=\"form.default\">\n\t\t\t\t<div class=\"elementor-widget-container\">\n\t\t\t\t\t\t\t<form class=\"elementor-form\" method=\"post\" name=\"Formular de \u00eenregistrare\" aria-label=\"Formular de \u00eenregistrare\">\n\t\t\t<input type=\"hidden\" name=\"post_id\" value=\"3083\"\/>\n\t\t\t<input type=\"hidden\" name=\"form_id\" value=\"1574af34\"\/>\n\t\t\t<input type=\"hidden\" name=\"referer_title\" value=\"Aplica\u021bi - NFA Recruitment\" \/>\n\n\t\t\t\t\t\t\t<input type=\"hidden\" name=\"queried_id\" value=\"3083\"\/>\n\t\t\t\n\t\t\t<div class=\"elementor-form-fields-wrapper elementor-labels-above\">\n\t\t\t\t\t\t\t\t<div class=\"elementor-field-type-text elementor-field-group elementor-column elementor-field-group-Voornaam elementor-col-25 elementor-field-required elementor-mark-required\">\n\t\t\t\t\t\t\t\t\t\t\t\t\t<input size=\"1\" type=\"text\" name=\"form_fields[Voornaam]\" id=\"form-field-Voornaam\" class=\"elementor-field elementor-size-sm  elementor-field-textual\" placeholder=\"Ini\u021biale\" required=\"required\">\n\t\t\t\t\t\t\t\t\t\t\t<\/div>\n\t\t\t\t\t\t\t\t<div class=\"elementor-field-type-text elementor-field-group elementor-column elementor-field-group-Tussenvoegsel elementor-col-25\">\n\t\t\t\t\t\t\t\t\t\t\t\t\t<input size=\"1\" type=\"text\" name=\"form_fields[Tussenvoegsel]\" id=\"form-field-Tussenvoegsel\" class=\"elementor-field elementor-size-sm  elementor-field-textual\" placeholder=\"Introduce\u021bi\">\n\t\t\t\t\t\t\t\t\t\t\t<\/div>\n\t\t\t\t\t\t\t\t<div class=\"elementor-field-type-text elementor-field-group elementor-column elementor-field-group-Achternaam elementor-col-25 elementor-field-required elementor-mark-required\">\n\t\t\t\t\t\t\t\t\t\t\t\t\t<input size=\"1\" type=\"text\" name=\"form_fields[Achternaam]\" id=\"form-field-Achternaam\" class=\"elementor-field elementor-size-sm  elementor-field-textual\" placeholder=\"Numele de familie\" required=\"required\">\n\t\t\t\t\t\t\t\t\t\t\t<\/div>\n\t\t\t\t\t\t\t\t<div class=\"elementor-field-type-text elementor-field-group elementor-column elementor-field-group-Geboortedatum elementor-col-25 elementor-field-required elementor-mark-required\">\n\t\t\t\t\t\t\t\t\t\t\t\t\t<input size=\"1\" type=\"text\" name=\"form_fields[Geboortedatum]\" id=\"form-field-Geboortedatum\" class=\"elementor-field elementor-size-sm  elementor-field-textual\" placeholder=\"Data na\u0219terii (dd-mm-yyyy)\" required=\"required\">\n\t\t\t\t\t\t\t\t\t\t\t<\/div>\n\t\t\t\t\t\t\t\t<div class=\"elementor-field-type-text elementor-field-group elementor-column elementor-field-group-Straatennummer elementor-col-25 elementor-field-required elementor-mark-required\">\n\t\t\t\t\t\t\t\t\t\t\t\t\t<input size=\"1\" type=\"text\" name=\"form_fields[Straatennummer]\" id=\"form-field-Straatennummer\" class=\"elementor-field elementor-size-sm  elementor-field-textual\" placeholder=\"Numele str\u0103zii \u0219i num\u0103rul casei\" required=\"required\">\n\t\t\t\t\t\t\t\t\t\t\t<\/div>\n\t\t\t\t\t\t\t\t<div class=\"elementor-field-type-text elementor-field-group elementor-column elementor-field-group-Toevoeging elementor-col-25\">\n\t\t\t\t\t\t\t\t\t\t\t\t\t<input size=\"1\" type=\"text\" name=\"form_fields[Toevoeging]\" id=\"form-field-Toevoeging\" class=\"elementor-field elementor-size-sm  elementor-field-textual\" placeholder=\"Ad\u0103ugare\">\n\t\t\t\t\t\t\t\t\t\t\t<\/div>\n\t\t\t\t\t\t\t\t<div class=\"elementor-field-type-text elementor-field-group elementor-column elementor-field-group-Postcode elementor-col-25 elementor-field-required elementor-mark-required\">\n\t\t\t\t\t\t\t\t\t\t\t\t\t<input size=\"1\" type=\"text\" name=\"form_fields[Postcode]\" id=\"form-field-Postcode\" class=\"elementor-field elementor-size-sm  elementor-field-textual\" placeholder=\"Cod po\u0219tal\" required=\"required\">\n\t\t\t\t\t\t\t\t\t\t\t<\/div>\n\t\t\t\t\t\t\t\t<div class=\"elementor-field-type-text elementor-field-group elementor-column elementor-field-group-Woonplaats elementor-col-25 elementor-field-required elementor-mark-required\">\n\t\t\t\t\t\t\t\t\t\t\t\t\t<input size=\"1\" type=\"text\" name=\"form_fields[Woonplaats]\" id=\"form-field-Woonplaats\" class=\"elementor-field elementor-size-sm  elementor-field-textual\" placeholder=\"Re\u0219edin\u021b\u0103\" required=\"required\">\n\t\t\t\t\t\t\t\t\t\t\t<\/div>\n\t\t\t\t\t\t\t\t<div class=\"elementor-field-type-text elementor-field-group elementor-column elementor-field-group-Telnummer elementor-col-50 elementor-field-required elementor-mark-required\">\n\t\t\t\t\t\t\t\t\t\t\t\t\t<input size=\"1\" type=\"text\" name=\"form_fields[Telnummer]\" id=\"form-field-Telnummer\" class=\"elementor-field elementor-size-sm  elementor-field-textual\" placeholder=\"Num\u0103r de telefon\" required=\"required\">\n\t\t\t\t\t\t\t\t\t\t\t<\/div>\n\t\t\t\t\t\t\t\t<div class=\"elementor-field-type-text elementor-field-group elementor-column elementor-field-group-Email elementor-col-50 elementor-field-required elementor-mark-required\">\n\t\t\t\t\t\t\t\t\t\t\t\t\t<input size=\"1\" type=\"text\" name=\"form_fields[Email]\" id=\"form-field-Email\" class=\"elementor-field elementor-size-sm  elementor-field-textual\" placeholder=\"Adresa de e-mail\" required=\"required\">\n\t\t\t\t\t\t\t\t\t\t\t<\/div>\n\t\t\t\t\t\t\t\t<div class=\"elementor-field-type-checkbox elementor-field-group elementor-column elementor-field-group-Rijbewijs elementor-col-50\">\n\t\t\t\t\t\t\t\t\t\t\t\t<label for=\"form-field-Rijbewijs\" class=\"elementor-field-label\">\n\t\t\t\t\t\t\t\tAve\u021bi permis de conducere?\t\t\t\t\t\t\t<\/label>\n\t\t\t\t\t\t<div class=\"elementor-field-subgroup  \"><span class=\"elementor-field-option\"><input type=\"checkbox\" value=\"Da\" id=\"form-field-Rijbewijs-0\" name=\"form_fields[Rijbewijs][]\"> <label for=\"form-field-Rijbewijs-0\">Da<\/label><\/span><span class=\"elementor-field-option\"><input type=\"checkbox\" value=\"Nu\" id=\"form-field-Rijbewijs-1\" name=\"form_fields[Rijbewijs][]\"> <label for=\"form-field-Rijbewijs-1\">Nu<\/label><\/span><\/div>\t\t\t\t<\/div>\n\t\t\t\t\t\t\t\t<div class=\"elementor-field-type-checkbox elementor-field-group elementor-column elementor-field-group-Eigenvervoer elementor-col-50\">\n\t\t\t\t\t\t\t\t\t\t\t\t<label for=\"form-field-Eigenvervoer\" class=\"elementor-field-label\">\n\t\t\t\t\t\t\t\tAve\u021bi acces la propriul mijloc de transport?\t\t\t\t\t\t\t<\/label>\n\t\t\t\t\t\t<div class=\"elementor-field-subgroup  \"><span class=\"elementor-field-option\"><input type=\"checkbox\" value=\"Da\" id=\"form-field-Eigenvervoer-0\" name=\"form_fields[Eigenvervoer][]\"> <label for=\"form-field-Eigenvervoer-0\">Da<\/label><\/span><span class=\"elementor-field-option\"><input type=\"checkbox\" value=\"Nu\" id=\"form-field-Eigenvervoer-1\" name=\"form_fields[Eigenvervoer][]\"> <label for=\"form-field-Eigenvervoer-1\">Nu<\/label><\/span><\/div>\t\t\t\t<\/div>\n\t\t\t\t\t\t\t\t<div class=\"elementor-field-type-select elementor-field-group elementor-column elementor-field-group-Vacature elementor-col-100 elementor-field-required elementor-mark-required\">\n\t\t\t\t\t\t\t\t\t\t\t\t<label for=\"form-field-Vacature\" class=\"elementor-field-label\">\n\t\t\t\t\t\t\t\tAplica\u021bi pentru postul vacant de:\t\t\t\t\t\t\t<\/label>\n\t\t\t\t\t\t\t\t<div class=\"elementor-field elementor-select-wrapper remove-before \">\n\t\t\t<div class=\"select-caret-down-wrapper\">\n\t\t\t\t<i aria-hidden=\"true\" class=\"eicon-caret-down\"><\/i>\t\t\t<\/div>\n\t\t\t<select name=\"form_fields[Vacature]\" id=\"form-field-Vacature\" class=\"elementor-field-textual elementor-size-sm\" required=\"required\">\n\t\t\t\t\t\t\t\t\t<option value=\"\u0218ofer stivuitorist\">\u0218ofer stivuitorist<\/option>\n\t\t\t\t\t\t\t\t\t<option value=\"Tehnician de \u00eentre\u021binere\">Tehnician de \u00eentre\u021binere<\/option>\n\t\t\t\t\t\t\t\t\t<option value=\"Angajat depozit\">Angajat depozit<\/option>\n\t\t\t\t\t\t\t\t\t<option value=\"Operator echipamente\">Operator echipamente<\/option>\n\t\t\t\t\t\t\t\t\t<option value=\"Room attendant cu norm\u0103 \u00eentreag\u0103\">Room attendant cu norm\u0103 \u00eentreag\u0103<\/option>\n\t\t\t\t\t\t\t\t\t<option value=\"\u0218ofer C+E cu norm\u0103 \u00eentreag\u0103\">\u0218ofer C+E cu norm\u0103 \u00eentreag\u0103<\/option>\n\t\t\t\t\t\t\t\t\t<option value=\"Orderpicker cu norm\u0103 \u00eentreag\u0103\">Orderpicker cu norm\u0103 \u00eentreag\u0103<\/option>\n\t\t\t\t\t\t\t\t\t<option value=\"Aplica\u021bie deschis\u0103\">Aplica\u021bie deschis\u0103<\/option>\n\t\t\t\t\t\t\t<\/select>\n\t\t<\/div>\n\t\t\t\t\t\t<\/div>\n\t\t\t\t\t\t\t\t<div class=\"elementor-field-type-textarea elementor-field-group elementor-column elementor-field-group-Huidigewerkgever elementor-col-100 elementor-field-required elementor-mark-required\">\n\t\t\t\t\t\t\t\t\t\t\t\t<label for=\"form-field-Huidigewerkgever\" class=\"elementor-field-label\">\n\t\t\t\t\t\t\t\tAngajatorul actual\t\t\t\t\t\t\t<\/label>\n\t\t\t\t\t\t<textarea class=\"elementor-field-textual elementor-field  elementor-size-sm\" name=\"form_fields[Huidigewerkgever]\" id=\"form-field-Huidigewerkgever\" rows=\"3\" required=\"required\"><\/textarea>\t\t\t\t<\/div>\n\t\t\t\t\t\t\t\t<div class=\"elementor-field-type-text elementor-field-group elementor-column elementor-field-group-Termijnhuidigewg elementor-col-100\">\n\t\t\t\t\t\t\t\t\t\t\t\t<label for=\"form-field-Termijnhuidigewg\" class=\"elementor-field-label\">\n\t\t\t\t\t\t\t\tTermen angajator actual\t\t\t\t\t\t\t<\/label>\n\t\t\t\t\t\t\t\t\t\t\t\t\t\t<input size=\"1\" type=\"text\" name=\"form_fields[Termijnhuidigewg]\" id=\"form-field-Termijnhuidigewg\" class=\"elementor-field elementor-size-sm  elementor-field-textual\" placeholder=\"dd-mm-yyyy la dd-mm-yyyy\">\n\t\t\t\t\t\t\t\t\t\t\t<\/div>\n\t\t\t\t\t\t\t\t<div class=\"elementor-field-type-textarea elementor-field-group elementor-column elementor-field-group-Opleiding elementor-col-100 elementor-field-required elementor-mark-required\">\n\t\t\t\t\t\t\t\t\t\t\t\t<label for=\"form-field-Opleiding\" class=\"elementor-field-label\">\n\t\t\t\t\t\t\t\tCe cursuri a\u021bi urmat?\t\t\t\t\t\t\t<\/label>\n\t\t\t\t\t\t<textarea class=\"elementor-field-textual elementor-field  elementor-size-sm\" name=\"form_fields[Opleiding]\" id=\"form-field-Opleiding\" rows=\"3\" placeholder=\"Completa\u021bi aici detaliile celei mai \u00eenalte forme de \u00eenv\u0103\u021b\u0103m\u00e2nt\" required=\"required\"><\/textarea>\t\t\t\t<\/div>\n\t\t\t\t\t\t\t\t<div class=\"elementor-field-type-text elementor-field-group elementor-column elementor-field-group-Termijnopleiding elementor-col-100\">\n\t\t\t\t\t\t\t\t\t\t\t\t<label for=\"form-field-Termijnopleiding\" class=\"elementor-field-label\">\n\t\t\t\t\t\t\t\tC\u00e2nd a\u021bi urmat acest curs?\t\t\t\t\t\t\t<\/label>\n\t\t\t\t\t\t\t\t\t\t\t\t\t\t<input size=\"1\" type=\"text\" name=\"form_fields[Termijnopleiding]\" id=\"form-field-Termijnopleiding\" class=\"elementor-field elementor-size-sm  elementor-field-textual\" placeholder=\"dd-mm-yyyy la dd-mm-yyyy\">\n\t\t\t\t\t\t\t\t\t\t\t<\/div>\n\t\t\t\t\t\t\t\t<div class=\"elementor-field-type-textarea elementor-field-group elementor-column elementor-field-group-Overigeopmerkingen elementor-col-100\">\n\t\t\t\t\t\t\t\t\t\t\t\t<label for=\"form-field-Overigeopmerkingen\" class=\"elementor-field-label\">\n\t\t\t\t\t\t\t\tObserva\u021bii suplimentare?\t\t\t\t\t\t\t<\/label>\n\t\t\t\t\t\t<textarea class=\"elementor-field-textual elementor-field  elementor-size-sm\" name=\"form_fields[Overigeopmerkingen]\" id=\"form-field-Overigeopmerkingen\" rows=\"3\" placeholder=\"Observa\u021bii suplimentare?\"><\/textarea>\t\t\t\t<\/div>\n\t\t\t\t\t\t\t\t<div class=\"elementor-field-type-upload elementor-field-group elementor-column elementor-field-group-CVUpload elementor-col-100\">\n\t\t\t\t\t\t\t\t\t\t\t\t<label for=\"form-field-CVUpload\" class=\"elementor-field-label\">\n\t\t\t\t\t\t\t\tAta\u0219a\u021bi CV\t\t\t\t\t\t\t<\/label>\n\t\t\t\t\t\t\t\t<input type=\"file\" name=\"form_fields[CVUpload]\" id=\"form-field-CVUpload\" class=\"elementor-field elementor-size-sm  elementor-upload-field\" data-maxsize=\"2\" data-maxsize-message=\"Fi\u0219ierul dep\u0103\u0219e\u0219te dimensiunea maxim\u0103 permis\u0103.\">\n\n\t\t\t\t\t\t<\/div>\n\t\t\t\t\t\t\t\t<div class=\"elementor-field-type-recaptcha_v3 elementor-field-group elementor-column elementor-field-group-field_390ffd8 elementor-col-100 recaptcha_v3-bottomright\">\n\t\t\t\t\t<div class=\"elementor-field\" id=\"form-field-field_390ffd8\"><div class=\"elementor-g-recaptcha\" data-sitekey=\"6LdhRE8nAAAAAM76yVKMrAONM9-HaJCtvtVAfYMs\" data-type=\"v3\" data-action=\"Form\" data-badge=\"bottomright\" data-size=\"invisible\"><\/div><\/div>\t\t\t\t<\/div>\n\t\t\t\t\t\t\t\t<div class=\"elementor-field-group elementor-column elementor-field-type-submit elementor-col-100 e-form__buttons\">\n\t\t\t\t\t<button class=\"elementor-button elementor-size-sm\" type=\"submit\">\n\t\t\t\t\t\t<span class=\"elementor-button-content-wrapper\">\n\t\t\t\t\t\t\t\t\t\t\t\t\t\t\t\t\t\t\t\t\t\t<span class=\"elementor-button-text\">Aplica\u021bi<\/span>\n\t\t\t\t\t\t\t\t\t\t\t\t\t<\/span>\n\t\t\t\t\t<\/button>\n\t\t\t\t<\/div>\n\t\t\t<\/div>\n\t\t<\/form>\n\t\t\t\t\t\t<\/div>\n\t\t\t\t<\/div>\n\t\t\t\t\t<\/div>\n\t\t<\/div>\n\t\t\t\t\t<\/div>\n\t\t<\/section>\n\t\t\t\t\t<\/div>\n\t\t<\/div>\n\t\t\t\t\t<\/div>\n\t\t<\/section>\n\t\t\t\t<\/div>\n\t\t","protected":false},"excerpt":{"rendered":"<p>Formular de cerere<\/p>\n","protected":false},"author":1,"featured_media":0,"parent":0,"menu_order":0,"comment_status":"closed","ping_status":"closed","template":"","meta":{"_acf_changed":false,"footnotes":""},"class_list":["post-3083","page","type-page","status-publish","hentry"],"acf":[],"_links":{"self":[{"href":"https:\/\/nfa-recruitment.nl\/ro\/wp-json\/wp\/v2\/pages\/3083","targetHints":{"allow":["GET"]}}],"collection":[{"href":"https:\/\/nfa-recruitment.nl\/ro\/wp-json\/wp\/v2\/pages"}],"about":[{"href":"https:\/\/nfa-recruitment.nl\/ro\/wp-json\/wp\/v2\/types\/page"}],"author":[{"embeddable":true,"href":"https:\/\/nfa-recruitment.nl\/ro\/wp-json\/wp\/v2\/users\/1"}],"replies":[{"embeddable":true,"href":"https:\/\/nfa-recruitment.nl\/ro\/wp-json\/wp\/v2\/comments?post=3083"}],"version-history":[{"count":1,"href":"https:\/\/nfa-recruitment.nl\/ro\/wp-json\/wp\/v2\/pages\/3083\/revisions"}],"predecessor-version":[{"id":3084,"href":"https:\/\/nfa-recruitment.nl\/ro\/wp-json\/wp\/v2\/pages\/3083\/revisions\/3084"}],"wp:attachment":[{"href":"https:\/\/nfa-recruitment.nl\/ro\/wp-json\/wp\/v2\/media?parent=3083"}],"curies":[{"name":"wp","href":"https:\/\/api.w.org\/{rel}","templated":true}]}}