{"id":3087,"date":"2024-09-03T07:24:15","date_gmt":"2024-09-03T07:24:15","guid":{"rendered":"https:\/\/nfa-recruitment.nl\/sectorul-tehnic\/"},"modified":"2025-03-25T14:48:01","modified_gmt":"2025-03-25T14:48:01","slug":"technical-sector","status":"publish","type":"page","link":"https:\/\/nfa-recruitment.nl\/ro\/technical-sector\/","title":{"rendered":"Sectorul tehnic"},"content":{"rendered":"\t\t<div data-elementor-type=\"wp-page\" data-elementor-id=\"3087\" class=\"elementor elementor-3087 elementor-766\" data-elementor-post-type=\"page\">\n\t\t\t\t\t\t<section class=\"elementor-section elementor-top-section elementor-element elementor-element-6996971 elementor-section-full_width elementor-section-height-min-height elementor-section-height-default elementor-section-items-middle\" data-id=\"6996971\" data-element_type=\"section\" data-e-type=\"section\" data-settings=\"{&quot;background_background&quot;:&quot;classic&quot;}\">\n\t\t\t\t\t\t<div class=\"elementor-container elementor-column-gap-no\">\n\t\t\t\t\t<div class=\"elementor-column elementor-col-100 elementor-top-column elementor-element elementor-element-be48c5f\" data-id=\"be48c5f\" data-element_type=\"column\" data-e-type=\"column\">\n\t\t\t<div class=\"elementor-widget-wrap\">\n\t\t\t\t\t\t\t<\/div>\n\t\t<\/div>\n\t\t\t\t\t<\/div>\n\t\t<\/section>\n\t\t\t\t<section class=\"elementor-section elementor-top-section elementor-element elementor-element-9792e12 elementor-section-boxed elementor-section-height-default elementor-section-height-default\" data-id=\"9792e12\" data-element_type=\"section\" data-e-type=\"section\" data-settings=\"{&quot;background_background&quot;:&quot;classic&quot;}\">\n\t\t\t\t\t\t<div class=\"elementor-container elementor-column-gap-default\">\n\t\t\t\t\t<div class=\"elementor-column elementor-col-100 elementor-top-column elementor-element elementor-element-0fba64f\" data-id=\"0fba64f\" data-element_type=\"column\" data-e-type=\"column\">\n\t\t\t<div class=\"elementor-widget-wrap elementor-element-populated\">\n\t\t\t\t\t\t<div class=\"elementor-element elementor-element-04f86b3 elementor-widget elementor-widget-theme-post-title elementor-page-title elementor-widget-heading\" data-id=\"04f86b3\" data-element_type=\"widget\" data-e-type=\"widget\" data-widget_type=\"theme-post-title.default\">\n\t\t\t\t<div class=\"elementor-widget-container\">\n\t\t\t\t\t<h1 class=\"elementor-heading-title elementor-size-default\">Sectorul tehnic<\/h1>\t\t\t\t<\/div>\n\t\t\t\t<\/div>\n\t\t\t\t\t<\/div>\n\t\t<\/div>\n\t\t\t\t\t<\/div>\n\t\t<\/section>\n\t\t\t\t<section class=\"elementor-section elementor-top-section elementor-element elementor-element-cf3ae06 elementor-section-boxed elementor-section-height-default elementor-section-height-default\" data-id=\"cf3ae06\" data-element_type=\"section\" data-e-type=\"section\">\n\t\t\t\t\t\t<div class=\"elementor-container elementor-column-gap-default\">\n\t\t\t\t\t<div class=\"elementor-column elementor-col-100 elementor-top-column elementor-element elementor-element-834b1c6\" data-id=\"834b1c6\" data-element_type=\"column\" data-e-type=\"column\">\n\t\t\t<div class=\"elementor-widget-wrap elementor-element-populated\">\n\t\t\t\t\t\t<div class=\"elementor-element elementor-element-945b93f elementor-widget__width-initial elementor-widget elementor-widget-text-editor\" data-id=\"945b93f\" data-element_type=\"widget\" data-e-type=\"widget\" data-widget_type=\"text-editor.default\">\n\t\t\t\t<div class=\"elementor-widget-container\">\n\t\t\t\t\t\t\t\t\t<h2 style=\"font-family: Helvetica, Arial, sans-serif; font-size: 20px; font-weight: bold; color: #222; margin-bottom: 10px;\"><span style=\"vertical-align: inherit;\"><span style=\"vertical-align: inherit;\">Locuri de munc\u0103 \u00een domeniul tehnic \u00een \u021a\u0103rile de Jos &#8211; \u00centre\u021binere, Inginerie \u0219i Exploatarea ma\u0219inilor<\/span><\/span><\/h2>\n<p style=\"font-family: Arial, sans-serif; font-size: 16px; color: #333; line-height: 1.6;\"><strong><span style=\"vertical-align: inherit;\"><span style=\"vertical-align: inherit;\">NFA Recruitment<\/span><\/span><\/strong><span style=\"vertical-align: inherit;\"><span style=\"vertical-align: inherit;\"> este specializat\u0103 \u00een <\/span><\/span><strong><span style=\"vertical-align: inherit;\"><span style=\"vertical-align: inherit;\">recrutare tehnic\u0103<\/span><\/span><\/strong><span style=\"vertical-align: inherit;\"><span style=\"vertical-align: inherit;\">  pentru sectorul olandez al industriei \u0219i ingineriei. Punem \u00een leg\u0103tur\u0103 angajatorii cu   <\/span><\/span><strong><span style=\"vertical-align: inherit;\"><span style=\"vertical-align: inherit;\">mecanici, ingineri \u0219i operatori de ma\u0219ini cu experien\u021b\u0103<\/span><\/span><\/strong><span style=\"vertical-align: inherit;\"><span style=\"vertical-align: inherit;\"> pentru a optimiza eficien\u021ba atelierului \u00een <\/span><\/span><strong><span style=\"vertical-align: inherit;\"><span style=\"vertical-align: inherit;\">produc\u021bie, \u00eentre\u021binere \u0219i inginerie<\/span><\/span><\/strong><span style=\"vertical-align: inherit;\"><span style=\"vertical-align: inherit;\">  . Expertiza noastr\u0103 asigur\u0103 plasarea rapid\u0103 a   <\/span><\/span><strong><span style=\"vertical-align: inherit;\"><span style=\"vertical-align: inherit;\">profesioni\u0219ti tehnici califica\u021bi<\/span><\/span><\/strong><span style=\"vertical-align: inherit;\"><span style=\"vertical-align: inherit;\"> , astfel \u00eenc\u00e2t \u00eentreprinderile s\u0103 poat\u0103 prospera pe o pia\u021b\u0103 concuren\u021bial\u0103.<\/span><\/span><\/p>\n<h3 style=\"font-family: Helvetica, Arial, sans-serif; font-size: 20px; font-weight: bold; color: #004085; margin-bottom: 10px;\"><span style=\"vertical-align: inherit;\"><span style=\"vertical-align: inherit;\">Specializ\u0103rile tehnice pentru care recrut\u0103m:<\/span><\/span><\/h3>\n<ul style=\"font-family: Arial, sans-serif; font-size: 16px; color: #333; line-height: 1.6; list-style-type: none; padding-left: 0;\">\n<li style=\"padding: 5px 0;\"><img decoding=\"async\" class=\"emoji\" role=\"img\" draggable=\"false\" src=\"https:\/\/s.w.org\/images\/core\/emoji\/15.0.3\/svg\/2714.svg\" alt=\"\u2714\"> <strong><span style=\"vertical-align: inherit;\"><span style=\"vertical-align: inherit;\">Tehnicieni de \u00eentre\u021binere:<\/span><\/span><\/strong><span style=\"vertical-align: inherit;\"><span style=\"vertical-align: inherit;\"> Repararea \u0219i \u00eentre\u021binerea ma\u0219inilor, instala\u021biilor \u0219i liniilor de produc\u021bie.<\/span><\/span><\/li>\n<li style=\"padding: 5px 0;\"><img decoding=\"async\" class=\"emoji\" role=\"img\" draggable=\"false\" src=\"https:\/\/s.w.org\/images\/core\/emoji\/15.0.3\/svg\/2714.svg\" alt=\"\u2714\"> <strong><span style=\"vertical-align: inherit;\"><span style=\"vertical-align: inherit;\">Speciali\u0219ti \u00een instala\u021bii electrice:<\/span><\/span><\/strong><span style=\"vertical-align: inherit;\"><span style=\"vertical-align: inherit;\"> Depanarea, instalarea \u0219i \u00eentre\u021binerea sistemelor electrice.<\/span><\/span><\/li>\n<li style=\"padding: 5px 0;\"><img decoding=\"async\" class=\"emoji\" role=\"img\" draggable=\"false\" src=\"https:\/\/s.w.org\/images\/core\/emoji\/15.0.3\/svg\/2714.svg\" alt=\"\u2714\"> <strong><span style=\"vertical-align: inherit;\"><span style=\"vertical-align: inherit;\">Ingineri mecanici:<\/span><\/span><\/strong><span style=\"vertical-align: inherit;\"><span style=\"vertical-align: inherit;\"> Proiectarea, produc\u021bia \u0219i optimizarea structurilor mecanice.<\/span><\/span><\/li>\n<li style=\"padding: 5px 0;\"><img decoding=\"async\" class=\"emoji\" role=\"img\" draggable=\"false\" src=\"https:\/\/s.w.org\/images\/core\/emoji\/15.0.3\/svg\/2714.svg\" alt=\"\u2714\"> <strong><span style=\"vertical-align: inherit;\"><span style=\"vertical-align: inherit;\">Operatori de ma\u0219ini:<\/span><\/span><\/strong><span style=\"vertical-align: inherit;\"><span style=\"vertical-align: inherit;\"> Configurarea, operarea \u0219i monitorizarea ma\u0219inilor CNC \u0219i a liniilor de produc\u021bie.<\/span><\/span><\/li>\n<li style=\"padding: 5px 0;\"><img decoding=\"async\" class=\"emoji\" role=\"img\" draggable=\"false\" src=\"https:\/\/s.w.org\/images\/core\/emoji\/15.0.3\/svg\/2714.svg\" alt=\"\u2714\"> <strong><span style=\"vertical-align: inherit;\"><span style=\"vertical-align: inherit;\">Ingineri industriali:<\/span><\/span><\/strong><span style=\"vertical-align: inherit;\"><span style=\"vertical-align: inherit;\"> Optimizarea proceselor, controlul calit\u0103\u021bii \u0219i tehnologia produc\u021biei.<\/span><\/span><\/li>\n<\/ul>\n<h3 style=\"font-family: Helvetica, Arial, sans-serif; font-size: 20px; font-weight: bold; color: #004085; margin-bottom: 10px;\"><span style=\"vertical-align: inherit;\"><span style=\"vertical-align: inherit;\">De ce aleg angajatorii NFA Recruitment?<\/span><\/span><\/h3>\n<ul style=\"font-family: Arial, sans-serif; font-size: 16px; color: #333; line-height: 1.6; list-style-type: none; padding-left: 0;\">\n<li style=\"padding: 5px 0;\"><img decoding=\"async\" class=\"emoji\" role=\"img\" draggable=\"false\" src=\"https:\/\/s.w.org\/images\/core\/emoji\/15.0.3\/svg\/2714.svg\" alt=\"\u2714\"> <strong><span style=\"vertical-align: inherit;\"><span style=\"vertical-align: inherit;\">Candida\u021bi interna\u021bionali selecta\u021bi \u0219i califica\u021bi<\/span><\/span><\/strong><\/li>\n<li style=\"padding: 5px 0;\"><img decoding=\"async\" class=\"emoji\" role=\"img\" draggable=\"false\" src=\"https:\/\/s.w.org\/images\/core\/emoji\/15.0.3\/svg\/2714.svg\" alt=\"\u2714\"> <strong><span style=\"vertical-align: inherit;\"><span style=\"vertical-align: inherit;\">Tehnicieni cu experien\u021b\u0103 practic\u0103 disponibili rapid<\/span><\/span><\/strong><\/li>\n<li style=\"padding: 5px 0;\"><img decoding=\"async\" class=\"emoji\" role=\"img\" draggable=\"false\" src=\"https:\/\/s.w.org\/images\/core\/emoji\/15.0.3\/svg\/2714.svg\" alt=\"\u2714\"> <strong><span style=\"vertical-align: inherit;\"><span style=\"vertical-align: inherit;\">Solu\u021bii personalizate pentru companiile industriale \u0219i tehnice<\/span><\/span><\/strong><\/li>\n<li style=\"padding: 5px 0;\"><img decoding=\"async\" class=\"emoji\" role=\"img\" draggable=\"false\" src=\"https:\/\/s.w.org\/images\/core\/emoji\/15.0.3\/svg\/2714.svg\" alt=\"\u2714\"> <strong><span style=\"vertical-align: inherit;\"><span style=\"vertical-align: inherit;\">Profesioni\u0219ti multilingvi (olandez\u0103\/englez\u0103)<\/span><\/span><\/strong><\/li>\n<\/ul>\n<p style=\"text-align: center; margin-top: 20px;\"> <\/p>\t\t\t\t\t\t\t\t<\/div>\n\t\t\t\t<\/div>\n\t\t\t\t\t<\/div>\n\t\t<\/div>\n\t\t\t\t\t<\/div>\n\t\t<\/section>\n\t\t\t\t<section class=\"elementor-section elementor-top-section elementor-element elementor-element-227eb99 elementor-section-boxed elementor-section-height-default elementor-section-height-default\" data-id=\"227eb99\" data-element_type=\"section\" data-e-type=\"section\" data-settings=\"{&quot;background_background&quot;:&quot;classic&quot;}\">\n\t\t\t\t\t\t<div class=\"elementor-container elementor-column-gap-default\">\n\t\t\t\t\t<div class=\"elementor-column elementor-col-100 elementor-top-column elementor-element elementor-element-11caeee\" data-id=\"11caeee\" data-element_type=\"column\" data-e-type=\"column\">\n\t\t\t<div class=\"elementor-widget-wrap elementor-element-populated\">\n\t\t\t\t\t\t\t<\/div>\n\t\t<\/div>\n\t\t\t\t\t<\/div>\n\t\t<\/section>\n\t\t\t\t<\/div>\n\t\t","protected":false},"excerpt":{"rendered":"<p>Locuri de munc\u0103 \u00een domeniul tehnic \u00een \u021a\u0103rile de Jos &#8211; \u00centre\u021binere, Inginerie \u0219i Exploatarea ma\u0219inilor NFA Recruitment este specializat\u0103 \u00een recrutare tehnic\u0103 pentru sectorul [&hellip;]<\/p>\n","protected":false},"author":1,"featured_media":0,"parent":0,"menu_order":0,"comment_status":"closed","ping_status":"closed","template":"","meta":{"_acf_changed":false,"footnotes":""},"class_list":["post-3087","page","type-page","status-publish","hentry"],"acf":[],"_links":{"self":[{"href":"https:\/\/nfa-recruitment.nl\/ro\/wp-json\/wp\/v2\/pages\/3087","targetHints":{"allow":["GET"]}}],"collection":[{"href":"https:\/\/nfa-recruitment.nl\/ro\/wp-json\/wp\/v2\/pages"}],"about":[{"href":"https:\/\/nfa-recruitment.nl\/ro\/wp-json\/wp\/v2\/types\/page"}],"author":[{"embeddable":true,"href":"https:\/\/nfa-recruitment.nl\/ro\/wp-json\/wp\/v2\/users\/1"}],"replies":[{"embeddable":true,"href":"https:\/\/nfa-recruitment.nl\/ro\/wp-json\/wp\/v2\/comments?post=3087"}],"version-history":[{"count":2,"href":"https:\/\/nfa-recruitment.nl\/ro\/wp-json\/wp\/v2\/pages\/3087\/revisions"}],"predecessor-version":[{"id":3459,"href":"https:\/\/nfa-recruitment.nl\/ro\/wp-json\/wp\/v2\/pages\/3087\/revisions\/3459"}],"wp:attachment":[{"href":"https:\/\/nfa-recruitment.nl\/ro\/wp-json\/wp\/v2\/media?parent=3087"}],"curies":[{"name":"wp","href":"https:\/\/api.w.org\/{rel}","templated":true}]}}