{"id":4131,"date":"2025-04-09T05:53:23","date_gmt":"2025-04-09T05:53:23","guid":{"rendered":"https:\/\/nfa-recruitment.nl\/certificeringen\/"},"modified":"2025-07-21T10:17:48","modified_gmt":"2025-07-21T10:17:48","slug":"nfa-recruitment-certificari","status":"publish","type":"page","link":"https:\/\/nfa-recruitment.nl\/ro\/nfa-recruitment-certificari\/","title":{"rendered":"Certific\u0103ri"},"content":{"rendered":"\t\t<div data-elementor-type=\"wp-page\" data-elementor-id=\"4131\" class=\"elementor elementor-4131 elementor-4098\" data-elementor-post-type=\"page\">\n\t\t\t\t\t\t<section class=\"elementor-section elementor-top-section elementor-element elementor-element-b56d6cb elementor-section-full_width elementor-section-height-min-height elementor-section-height-default elementor-section-items-middle\" data-id=\"b56d6cb\" data-element_type=\"section\" data-e-type=\"section\" data-settings=\"{&quot;background_background&quot;:&quot;classic&quot;}\">\n\t\t\t\t\t\t<div class=\"elementor-container elementor-column-gap-no\">\n\t\t\t\t\t<div class=\"elementor-column elementor-col-100 elementor-top-column elementor-element elementor-element-e92d40b\" data-id=\"e92d40b\" data-element_type=\"column\" data-e-type=\"column\">\n\t\t\t<div class=\"elementor-widget-wrap elementor-element-populated\">\n\t\t\t\t\t\t<section class=\"elementor-section elementor-inner-section elementor-element elementor-element-fb1947f elementor-section-boxed elementor-section-height-default elementor-section-height-default\" data-id=\"fb1947f\" data-element_type=\"section\" data-e-type=\"section\">\n\t\t\t\t\t\t<div class=\"elementor-container elementor-column-gap-default\">\n\t\t\t\t\t<div class=\"elementor-column elementor-col-100 elementor-inner-column elementor-element elementor-element-16f34fb\" data-id=\"16f34fb\" data-element_type=\"column\" data-e-type=\"column\">\n\t\t\t<div class=\"elementor-widget-wrap elementor-element-populated\">\n\t\t\t\t\t\t<div class=\"elementor-element elementor-element-ac63681 elementor-widget__width-initial elementor-widget elementor-widget-text-editor\" data-id=\"ac63681\" data-element_type=\"widget\" data-e-type=\"widget\" data-widget_type=\"text-editor.default\">\n\t\t\t\t<div class=\"elementor-widget-container\">\n\t\t\t\t\t\t\t\t\t<h2>\n  <span style=\"background-color: transparent;\">\n    <span style=\"vertical-align: inherit;\">\n      <span style=\"vertical-align: inherit; font-weight: 700;\">\n Certific\u0103rile NFA Recruitment\n      <\/span>\n    <\/span>\n  <\/span>\n<\/h2>\n\n<span style=\"vertical-align: inherit;\"><span style=\"vertical-align: inherit;\">La NFA Recruitment, transparen\u021ba, fiabilitatea \u0219i conformitatea cu legile \u0219i reglement\u0103rile sunt esen\u021biale.<\/span><\/span>\n\n<span style=\"vertical-align: inherit;\"><span style=\"vertical-align: inherit;\">Certific\u0103rile noastre confirm\u0103 c\u0103 lucr\u0103m conform celor mai \u00eenalte standarde de calitate \u0219i v\u0103 ofer\u0103 garan\u021bia unei colabor\u0103ri profesionale \u0219i transparente.<\/span><\/span>\t\t\t\t\t\t\t\t<\/div>\n\t\t\t\t<\/div>\n\t\t\t\t<div class=\"elementor-element elementor-element-56a5889 elementor-align-left elementor-widget elementor-widget-button\" data-id=\"56a5889\" data-element_type=\"widget\" data-e-type=\"widget\" data-widget_type=\"button.default\">\n\t\t\t\t<div class=\"elementor-widget-container\">\n\t\t\t\t\t\t\t\t\t<div class=\"elementor-button-wrapper\">\n\t\t\t\t\t<a class=\"elementor-button elementor-button-link elementor-size-sm\" href=\"https:\/\/nfa-recruitment.nl\/ro\/contact\/\">\n\t\t\t\t\t\t<span class=\"elementor-button-content-wrapper\">\n\t\t\t\t\t\t\t\t\t<span class=\"elementor-button-text\">\u00cencepe\u021bi c\u0103l\u0103toria cu noi<\/span>\n\t\t\t\t\t<\/span>\n\t\t\t\t\t<\/a>\n\t\t\t\t<\/div>\n\t\t\t\t\t\t\t\t<\/div>\n\t\t\t\t<\/div>\n\t\t\t\t\t<\/div>\n\t\t<\/div>\n\t\t\t\t\t<\/div>\n\t\t<\/section>\n\t\t\t\t\t<\/div>\n\t\t<\/div>\n\t\t\t\t\t<\/div>\n\t\t<\/section>\n\t\t\t\t<section class=\"elementor-section elementor-top-section elementor-element elementor-element-c37b37b elementor-section-boxed elementor-section-height-default elementor-section-height-default\" data-id=\"c37b37b\" data-element_type=\"section\" data-e-type=\"section\">\n\t\t\t\t\t\t<div class=\"elementor-container elementor-column-gap-default\">\n\t\t\t\t\t<div class=\"elementor-column elementor-col-100 elementor-top-column elementor-element elementor-element-3fd21f7\" data-id=\"3fd21f7\" data-element_type=\"column\" data-e-type=\"column\">\n\t\t\t<div class=\"elementor-widget-wrap elementor-element-populated\">\n\t\t\t\t\t\t<section class=\"elementor-section elementor-inner-section elementor-element elementor-element-0526c73 elementor-section-boxed elementor-section-height-default elementor-section-height-default\" data-id=\"0526c73\" data-element_type=\"section\" data-e-type=\"section\">\n\t\t\t\t\t\t<div class=\"elementor-container elementor-column-gap-no\">\n\t\t\t\t\t<div class=\"elementor-column elementor-col-100 elementor-inner-column elementor-element elementor-element-8195d84\" data-id=\"8195d84\" data-element_type=\"column\" data-e-type=\"column\" data-settings=\"{&quot;background_background&quot;:&quot;classic&quot;}\">\n\t\t\t<div class=\"elementor-widget-wrap elementor-element-populated\">\n\t\t\t\t\t\t<div class=\"elementor-element elementor-element-67835dc elementor-widget elementor-widget-heading\" data-id=\"67835dc\" data-element_type=\"widget\" data-e-type=\"widget\" data-widget_type=\"heading.default\">\n\t\t\t\t<div class=\"elementor-widget-container\">\n\t\t\t\t\t<h2 class=\"elementor-heading-title elementor-size-default\"><h1 style=\"font-size: 40px;font-weight: 600;font-family: Lato, sans-serif;color: #3e3d3d\">\n Certific\u0103rile NFA Recruitment\n  <span><\/span>\n<\/h1>\n<\/h2>\t\t\t\t<\/div>\n\t\t\t\t<\/div>\n\t\t\t\t<div class=\"elementor-element elementor-element-f260362 elementor-widget__width-initial elementor-widget elementor-widget-text-editor\" data-id=\"f260362\" data-element_type=\"widget\" data-e-type=\"widget\" data-widget_type=\"text-editor.default\">\n\t\t\t\t<div class=\"elementor-widget-container\">\n\t\t\t\t\t\t\t\t\t<p><strong><span style=\"vertical-align: inherit;\"><span style=\"vertical-align: inherit;\">Certific\u0103rile NFA Recruitment<\/span><\/span><\/strong><span style=\"vertical-align: inherit;\"><span style=\"vertical-align: inherit;\"> subliniaz\u0103 angajamentul nostru fa\u021b\u0103 de transparen\u021b\u0103, fiabilitate \u0219i conformitate cu legile \u0219i reglement\u0103rile. \u00cen calitate de agen\u021bie de ocupare a for\u021bei de munc\u0103 certificat\u0103, oferim o baz\u0103 solid\u0103 pentru orice colaborare, sus\u021binut\u0103 de m\u0103rci de calitate recunoscute \u0219i mecanisme de control. <\/span><\/span><\/p><p><\/p><h2><span style=\"vertical-align: inherit;\"><span style=\"vertical-align: inherit;\">Marcajul de calitate SNA (NEN 4400-1)<\/span><\/span><\/h2><p><span style=\"vertical-align: inherit;\"><span style=\"vertical-align: inherit;\">Suntem certifica\u021bi conform standardului NEN 4400-1 \u0219i inclu\u0219i \u00een registrul SNA. Acest marcaj de calitate este acordat companiilor care \u00eendeplinesc cerin\u021be stricte \u00een domeniul impozitelor pe salarii, pl\u0103\u021bii TVA-ului \u0219i administr\u0103rii personalului.   <\/span><\/span><strong><span style=\"vertical-align: inherit;\"><span style=\"vertical-align: inherit;\">Certificarea NFA Recruitment<\/span><\/span><\/strong><span style=\"vertical-align: inherit;\"><span style=\"vertical-align: inherit;\"> garanteaz\u0103 c\u0103 ne \u00eendeplinim corect obliga\u021biile fiscale \u0219i, astfel, reduce semnificativ riscul de r\u0103spundere \u00een lan\u021b.<\/span><\/span><\/p><p><\/p><h2><span style=\"vertical-align: inherit;\"><span style=\"vertical-align: inherit;\">Cont G<\/span><\/span><\/h2><p><span style=\"vertical-align: inherit;\"><span style=\"vertical-align: inherit;\">Folosim un cont G (cont blocat), un num\u0103r de cont special prin care clien\u021bii pot rezerva o parte din suma facturii pentru plata impozitelor pe salarii \u0219i a contribu\u021biilor de asigur\u0103ri sociale. Acest sistem ofer\u0103 siguran\u021b\u0103 suplimentar\u0103 \u0219i v\u0103 protejeaz\u0103 \u00eempotriva eventualelor riscuri fiscale atunci c\u00e2nd angaja\u021bi sau subcontracta\u021bi. <\/span><\/span><\/p><p><\/p><h2><span style=\"vertical-align: inherit;\"><span style=\"vertical-align: inherit;\"><span style=\"vertical-align: inherit;\"><span style=\"vertical-align: inherit;\">Declara\u021bia WKA<\/span><\/span><\/span><\/span><\/h2><p><span style=\"vertical-align: inherit;\"><span style=\"vertical-align: inherit;\">Oferim \u00eentotdeauna o declara\u021bie WKA actual\u0103 \u0219i valabil\u0103 de la autorit\u0103\u021bile fiscale. Aceast\u0103 declara\u021bie confirm\u0103 c\u0103 ne \u00eendeplinim obliga\u021biile fiscale integral \u0219i la timp. Este o dovad\u0103 important\u0103 pe care o pute\u021bi folosi pentru a demonstra c\u0103 colabora\u021bi cu un partener de \u00eencredere.  <\/span><\/span><\/p><p><\/p><h2><span style=\"vertical-align: inherit;\"><span style=\"vertical-align: inherit;\">Beneficiile colabor\u0103rii cu o agen\u021bie de munc\u0103 certificat\u0103<\/span><\/span><\/h2><p><span style=\"vertical-align: inherit;\"><span style=\"vertical-align: inherit;\">Datorit\u0103 <\/span><\/span><strong><span style=\"vertical-align: inherit;\"><span style=\"vertical-align: inherit;\">NFA Certific\u0103ri de recrutare,<\/span><\/span><\/strong><span style=\"vertical-align: inherit;\"><span style=\"vertical-align: inherit;\"> clien\u021bii \u0219tiu c\u0103 lucreaz\u0103 cu un partener de \u00eencredere \u0219i profesionist. Riscul de a primi evalu\u0103ri fiscale suplimentare este redus, obliga\u021biile legale sunt \u00eendeplinite mai rapid \u0219i colabora\u021bi cu un partener care are procesele bine organizate. <\/span><\/span><\/p><p><span style=\"vertical-align: inherit;\"><span style=\"vertical-align: inherit;\">\u00cen plus, v\u0103 oferim sprijin activ \u00een gestionarea riscurilor, conformitatea administrativ\u0103 \u0219i transparen\u021ba \u00een cadrul lan\u021bului. Certific\u0103rile noastre nu sunt o formalitate, ci o garan\u021bie activ\u0103 a calit\u0103\u021bii \u0219i integrit\u0103\u021bii. <\/span><\/span><\/p><p><\/p><h2><span style=\"vertical-align: inherit;\"><span style=\"vertical-align: inherit;\">Dori\u021bi s\u0103 afla\u021bi mai multe sau s\u0103 colabora\u021bi?<\/span><\/span><\/h2><p><span style=\"vertical-align: inherit;\"><span style=\"vertical-align: inherit;\">Ave\u021bi \u00eentreb\u0103ri despre certific\u0103rile noastre, dori\u021bi sfaturi legate de r\u0103spunderea \u00een lan\u021b sau sunte\u021bi interesat de o colaborare cu NFA Recruitment? Nu ezita\u021bi s\u0103 ne contacta\u021bi. Ne-ar face pl\u0103cere s\u0103 discut\u0103m personal sau s\u0103 ne cunoa\u0219tem \u00eentr-un mod f\u0103r\u0103 obliga\u021bii.  <\/span><\/span><\/p><p><a href=\"https:\/\/nfa-recruitment.nl\/ro\/contact\/\"><span style=\"vertical-align: inherit;\"><span style=\"vertical-align: inherit;\">Contacta\u021bi-ne<\/span><\/span><\/a><span style=\"vertical-align: inherit;\"><span style=\"vertical-align: inherit;\"> \u0219i descoperi\u021bi siguran\u021ba de a lucra cu o agen\u021bie de ocupare a for\u021bei de munc\u0103 certificat\u0103 \u00een \u021a\u0103rile de Jos.<\/span><\/span><\/p>\t\t\t\t\t\t\t\t<\/div>\n\t\t\t\t<\/div>\n\t\t\t\t<div class=\"elementor-element elementor-element-e2760c3 elementor-align-left elementor-widget elementor-widget-button\" data-id=\"e2760c3\" data-element_type=\"widget\" data-e-type=\"widget\" data-widget_type=\"button.default\">\n\t\t\t\t<div class=\"elementor-widget-container\">\n\t\t\t\t\t\t\t\t\t<div class=\"elementor-button-wrapper\">\n\t\t\t\t\t<a class=\"elementor-button elementor-button-link elementor-size-sm\" href=\"https:\/\/nfa-recruitment.nl\/ro\/contact\/\">\n\t\t\t\t\t\t<span class=\"elementor-button-content-wrapper\">\n\t\t\t\t\t\t\t\t\t<span class=\"elementor-button-text\">Contacta\u021bi-ne<\/span>\n\t\t\t\t\t<\/span>\n\t\t\t\t\t<\/a>\n\t\t\t\t<\/div>\n\t\t\t\t\t\t\t\t<\/div>\n\t\t\t\t<\/div>\n\t\t\t\t\t<\/div>\n\t\t<\/div>\n\t\t\t\t\t<\/div>\n\t\t<\/section>\n\t\t\t\t\t<\/div>\n\t\t<\/div>\n\t\t\t\t\t<\/div>\n\t\t<\/section>\n\t\t\t\t<\/div>\n\t\t","protected":false},"excerpt":{"rendered":"<p>Certific\u0103rile NFA Recruitment La NFA Recruitment, transparen\u021ba, fiabilitatea \u0219i conformitatea cu legile \u0219i reglement\u0103rile sunt esen\u021biale. Certific\u0103rile noastre confirm\u0103 c\u0103 lucr\u0103m conform celor mai \u00eenalte [&hellip;]<\/p>\n","protected":false},"author":8,"featured_media":0,"parent":0,"menu_order":0,"comment_status":"closed","ping_status":"closed","template":"","meta":{"_acf_changed":false,"footnotes":""},"class_list":["post-4131","page","type-page","status-publish","hentry"],"acf":[],"_links":{"self":[{"href":"https:\/\/nfa-recruitment.nl\/ro\/wp-json\/wp\/v2\/pages\/4131","targetHints":{"allow":["GET"]}}],"collection":[{"href":"https:\/\/nfa-recruitment.nl\/ro\/wp-json\/wp\/v2\/pages"}],"about":[{"href":"https:\/\/nfa-recruitment.nl\/ro\/wp-json\/wp\/v2\/types\/page"}],"author":[{"embeddable":true,"href":"https:\/\/nfa-recruitment.nl\/ro\/wp-json\/wp\/v2\/users\/8"}],"replies":[{"embeddable":true,"href":"https:\/\/nfa-recruitment.nl\/ro\/wp-json\/wp\/v2\/comments?post=4131"}],"version-history":[{"count":5,"href":"https:\/\/nfa-recruitment.nl\/ro\/wp-json\/wp\/v2\/pages\/4131\/revisions"}],"predecessor-version":[{"id":5736,"href":"https:\/\/nfa-recruitment.nl\/ro\/wp-json\/wp\/v2\/pages\/4131\/revisions\/5736"}],"wp:attachment":[{"href":"https:\/\/nfa-recruitment.nl\/ro\/wp-json\/wp\/v2\/media?parent=4131"}],"curies":[{"name":"wp","href":"https:\/\/api.w.org\/{rel}","templated":true}]}}